{"id":933,"date":"2024-01-19T13:01:17","date_gmt":"2024-01-19T12:01:17","guid":{"rendered":"https:\/\/hbt.com.pl\/maszyny\/?post_type=product&#038;p=933"},"modified":"2024-01-19T13:55:07","modified_gmt":"2024-01-19T12:55:07","slug":"kosiarka-mulczer-mini-l-145-berti","status":"publish","type":"product","link":"https:\/\/hbt.com.pl\/maszyny\/produkt\/kosiarka-mulczer-mini-l-145-berti\/","title":{"rendered":"Kosiarka, Mulczer Mini L-145 &#8211; BERTI"},"content":{"rendered":"<p><strong>Maszyna:<\/strong> NOWA<\/p>\n<p>&nbsp;<\/p>\n<h2>Wyposa\u017cenie standardowe<\/h2>\n<ul>\n<li>Sta\u0142y i odwracalny 3-punktowy uk\u0142ad zawieszenia kat. 1<\/li>\n<li>Samoczyszcz\u0105ca i regulowana tylna rolka o regulowanej wysoko\u015bci \u00f8 114.<\/li>\n<li>Wolne ko\u0142o w skrzyni bieg\u00f3w<\/li>\n<li>Kute i hartowane m\u0142otki BERTI (lub ostrza)<\/li>\n<li>WOM 540 obr\/min<\/li>\n<li>Moc min. Traktorka 12 KM max. 30 KM<\/li>\n<li>Ilo\u015b\u0107 m\u0142otk\u00f3w 40 szt.<\/li>\n<li>Przesuni\u0119cie 615-835mm<\/li>\n<li>Masa min 220 KG<\/li>\n<li>Masa max 280 KG<\/li>\n<\/ul>\n<p>&nbsp;<\/p>\n<p><strong>Dodatkowo:<\/strong><\/p>\n<p>\u015alizgi ze stali odpornej na zu\u017cycie<\/p>\n<p>&nbsp;<\/p>\n<h2>Akcesoria na zam\u00f3wienie<\/h2>\n<ul>\n<li>Przek\u0142adnia 1000 obr.\/min z wolnym ko\u0142em i wa\u0142em przelotowym<\/li>\n<li>Przek\u0142adnia 2000 obr.\/min z wolnym ko\u0142em i wa\u0142em przelotowym<\/li>\n<li>Przek\u0142adnia 540 obr.\/min z podw\u00f3jnym wolnym ko\u0142em i wa\u0142em przelotowym<\/li>\n<li>Przek\u0142adnia 1000 obr.\/min z podw\u00f3jnym wolnym ko\u0142em i wa\u0142em przelotowym<\/li>\n<li>Przek\u0142adnia 2000 obr.\/min z podw\u00f3jnym wolnym ko\u0142em i wa\u0142em przelotowym<\/li>\n<li>Wa\u0142 przegubowo teleskopowy 30\/800 N<\/li>\n<li>Przednie ko\u0142a z regulacj\u0105 wysoko\u015bci (dla wersji czo\u0142owej)<\/li>\n<\/ul>\n","protected":false},"excerpt":{"rendered":"<p>Kompaktowy mulczer do trawy, zawieszany na ty\u0142, do traktor\u00f3w od 12 do 30 KM. Sprawdzi si\u0119<br \/>\npodczas mulczowania ma\u0142ej trawy na obszarach zielonych, parkach i boiskach.<\/p>\n","protected":false},"featured_media":931,"template":"","meta":[],"product_brand":[],"product_cat":[252],"product_tag":[254,237,256,255,253],"class_list":{"0":"post-933","1":"product","2":"type-product","3":"status-publish","4":"has-post-thumbnail","6":"product_cat-kosiarki-mulczery","7":"product_tag-berti","8":"product_tag-kosiarka","9":"product_tag-kosiarkalmini","10":"product_tag-mini","11":"product_tag-mulczer","13":"first","14":"instock","15":"shipping-taxable","16":"purchasable","17":"product-type-simple"},"yoast_head":"<!-- This site is optimized with the Yoast SEO plugin v27.5 - https:\/\/yoast.com\/product\/yoast-seo-wordpress\/ -->\n<title>Kosiarka, Mulczer Mini L-145 - BERTI - HBT Roltrac<\/title>\n<meta name=\"robots\" content=\"index, follow, max-snippet:-1, max-image-preview:large, max-video-preview:-1\" \/>\n<link rel=\"canonical\" href=\"https:\/\/hbt.com.pl\/maszyny\/produkt\/kosiarka-mulczer-mini-l-145-berti\/\" \/>\n<meta property=\"og:locale\" content=\"pl_PL\" \/>\n<meta property=\"og:type\" content=\"article\" \/>\n<meta property=\"og:title\" content=\"Kosiarka, Mulczer Mini L-145 - BERTI - HBT Roltrac\" \/>\n<meta property=\"og:description\" content=\"Kompaktowy mulczer do trawy, zawieszany na ty\u0142, do traktor\u00f3w od 12 do 30 KM. Sprawdzi si\u0119 podczas mulczowania ma\u0142ej trawy na obszarach zielonych, parkach i boiskach.\" \/>\n<meta property=\"og:url\" content=\"https:\/\/hbt.com.pl\/maszyny\/produkt\/kosiarka-mulczer-mini-l-145-berti\/\" \/>\n<meta property=\"og:site_name\" content=\"HBT Roltrac\" \/>\n<meta property=\"article:modified_time\" content=\"2024-01-19T12:55:07+00:00\" \/>\n<meta property=\"og:image\" content=\"https:\/\/hbt.com.pl\/maszyny\/wp-content\/uploads\/2024\/01\/Kosiarka-Mulczer-Mini-Triniciatrice-L-115-BERTI.png\" \/>\n\t<meta property=\"og:image:width\" content=\"840\" \/>\n\t<meta property=\"og:image:height\" content=\"515\" \/>\n\t<meta property=\"og:image:type\" content=\"image\/png\" \/>\n<meta name=\"twitter:card\" content=\"summary_large_image\" \/>\n<meta name=\"twitter:label1\" content=\"Szacowany czas czytania\" \/>\n\t<meta name=\"twitter:data1\" content=\"1 minuta\" \/>\n<script type=\"application\/ld+json\" class=\"yoast-schema-graph\">{\"@context\":\"https:\\\/\\\/schema.org\",\"@graph\":[{\"@type\":\"WebPage\",\"@id\":\"https:\\\/\\\/hbt.com.pl\\\/maszyny\\\/produkt\\\/kosiarka-mulczer-mini-l-145-berti\\\/\",\"url\":\"https:\\\/\\\/hbt.com.pl\\\/maszyny\\\/produkt\\\/kosiarka-mulczer-mini-l-145-berti\\\/\",\"name\":\"Kosiarka, Mulczer Mini L-145 - BERTI - HBT Roltrac\",\"isPartOf\":{\"@id\":\"https:\\\/\\\/hbt.com.pl\\\/maszyny\\\/#website\"},\"primaryImageOfPage\":{\"@id\":\"https:\\\/\\\/hbt.com.pl\\\/maszyny\\\/produkt\\\/kosiarka-mulczer-mini-l-145-berti\\\/#primaryimage\"},\"image\":{\"@id\":\"https:\\\/\\\/hbt.com.pl\\\/maszyny\\\/produkt\\\/kosiarka-mulczer-mini-l-145-berti\\\/#primaryimage\"},\"thumbnailUrl\":\"https:\\\/\\\/hbt.com.pl\\\/maszyny\\\/wp-content\\\/uploads\\\/2024\\\/01\\\/Kosiarka-Mulczer-Mini-Triniciatrice-L-115-BERTI.png\",\"datePublished\":\"2024-01-19T12:01:17+00:00\",\"dateModified\":\"2024-01-19T12:55:07+00:00\",\"breadcrumb\":{\"@id\":\"https:\\\/\\\/hbt.com.pl\\\/maszyny\\\/produkt\\\/kosiarka-mulczer-mini-l-145-berti\\\/#breadcrumb\"},\"inLanguage\":\"pl-PL\",\"potentialAction\":[{\"@type\":\"ReadAction\",\"target\":[\"https:\\\/\\\/hbt.com.pl\\\/maszyny\\\/produkt\\\/kosiarka-mulczer-mini-l-145-berti\\\/\"]}]},{\"@type\":\"ImageObject\",\"inLanguage\":\"pl-PL\",\"@id\":\"https:\\\/\\\/hbt.com.pl\\\/maszyny\\\/produkt\\\/kosiarka-mulczer-mini-l-145-berti\\\/#primaryimage\",\"url\":\"https:\\\/\\\/hbt.com.pl\\\/maszyny\\\/wp-content\\\/uploads\\\/2024\\\/01\\\/Kosiarka-Mulczer-Mini-Triniciatrice-L-115-BERTI.png\",\"contentUrl\":\"https:\\\/\\\/hbt.com.pl\\\/maszyny\\\/wp-content\\\/uploads\\\/2024\\\/01\\\/Kosiarka-Mulczer-Mini-Triniciatrice-L-115-BERTI.png\",\"width\":840,\"height\":515},{\"@type\":\"BreadcrumbList\",\"@id\":\"https:\\\/\\\/hbt.com.pl\\\/maszyny\\\/produkt\\\/kosiarka-mulczer-mini-l-145-berti\\\/#breadcrumb\",\"itemListElement\":[{\"@type\":\"ListItem\",\"position\":1,\"name\":\"Strona g\u0142\u00f3wna\",\"item\":\"https:\\\/\\\/hbt.com.pl\\\/maszyny\\\/\"},{\"@type\":\"ListItem\",\"position\":2,\"name\":\"Maszyny rolnicze u\u017cywane\",\"item\":\"https:\\\/\\\/hbt.com.pl\\\/maszyny\\\/maszyny-uzywane\\\/\"},{\"@type\":\"ListItem\",\"position\":3,\"name\":\"Kosiarka, Mulczer Mini L-145 &#8211; BERTI\"}]},{\"@type\":\"WebSite\",\"@id\":\"https:\\\/\\\/hbt.com.pl\\\/maszyny\\\/#website\",\"url\":\"https:\\\/\\\/hbt.com.pl\\\/maszyny\\\/\",\"name\":\"HBT Roltrac\",\"description\":\"\",\"potentialAction\":[{\"@type\":\"SearchAction\",\"target\":{\"@type\":\"EntryPoint\",\"urlTemplate\":\"https:\\\/\\\/hbt.com.pl\\\/maszyny\\\/?s={search_term_string}\"},\"query-input\":{\"@type\":\"PropertyValueSpecification\",\"valueRequired\":true,\"valueName\":\"search_term_string\"}}],\"inLanguage\":\"pl-PL\"}]}<\/script>\n<!-- \/ Yoast SEO plugin. -->","yoast_head_json":{"title":"Kosiarka, Mulczer Mini L-145 - BERTI - HBT Roltrac","robots":{"index":"index","follow":"follow","max-snippet":"max-snippet:-1","max-image-preview":"max-image-preview:large","max-video-preview":"max-video-preview:-1"},"canonical":"https:\/\/hbt.com.pl\/maszyny\/produkt\/kosiarka-mulczer-mini-l-145-berti\/","og_locale":"pl_PL","og_type":"article","og_title":"Kosiarka, Mulczer Mini L-145 - BERTI - HBT Roltrac","og_description":"Kompaktowy mulczer do trawy, zawieszany na ty\u0142, do traktor\u00f3w od 12 do 30 KM. Sprawdzi si\u0119 podczas mulczowania ma\u0142ej trawy na obszarach zielonych, parkach i boiskach.","og_url":"https:\/\/hbt.com.pl\/maszyny\/produkt\/kosiarka-mulczer-mini-l-145-berti\/","og_site_name":"HBT Roltrac","article_modified_time":"2024-01-19T12:55:07+00:00","og_image":[{"width":840,"height":515,"url":"https:\/\/hbt.com.pl\/maszyny\/wp-content\/uploads\/2024\/01\/Kosiarka-Mulczer-Mini-Triniciatrice-L-115-BERTI.png","type":"image\/png"}],"twitter_card":"summary_large_image","twitter_misc":{"Szacowany czas czytania":"1 minuta"},"schema":{"@context":"https:\/\/schema.org","@graph":[{"@type":"WebPage","@id":"https:\/\/hbt.com.pl\/maszyny\/produkt\/kosiarka-mulczer-mini-l-145-berti\/","url":"https:\/\/hbt.com.pl\/maszyny\/produkt\/kosiarka-mulczer-mini-l-145-berti\/","name":"Kosiarka, Mulczer Mini L-145 - BERTI - HBT Roltrac","isPartOf":{"@id":"https:\/\/hbt.com.pl\/maszyny\/#website"},"primaryImageOfPage":{"@id":"https:\/\/hbt.com.pl\/maszyny\/produkt\/kosiarka-mulczer-mini-l-145-berti\/#primaryimage"},"image":{"@id":"https:\/\/hbt.com.pl\/maszyny\/produkt\/kosiarka-mulczer-mini-l-145-berti\/#primaryimage"},"thumbnailUrl":"https:\/\/hbt.com.pl\/maszyny\/wp-content\/uploads\/2024\/01\/Kosiarka-Mulczer-Mini-Triniciatrice-L-115-BERTI.png","datePublished":"2024-01-19T12:01:17+00:00","dateModified":"2024-01-19T12:55:07+00:00","breadcrumb":{"@id":"https:\/\/hbt.com.pl\/maszyny\/produkt\/kosiarka-mulczer-mini-l-145-berti\/#breadcrumb"},"inLanguage":"pl-PL","potentialAction":[{"@type":"ReadAction","target":["https:\/\/hbt.com.pl\/maszyny\/produkt\/kosiarka-mulczer-mini-l-145-berti\/"]}]},{"@type":"ImageObject","inLanguage":"pl-PL","@id":"https:\/\/hbt.com.pl\/maszyny\/produkt\/kosiarka-mulczer-mini-l-145-berti\/#primaryimage","url":"https:\/\/hbt.com.pl\/maszyny\/wp-content\/uploads\/2024\/01\/Kosiarka-Mulczer-Mini-Triniciatrice-L-115-BERTI.png","contentUrl":"https:\/\/hbt.com.pl\/maszyny\/wp-content\/uploads\/2024\/01\/Kosiarka-Mulczer-Mini-Triniciatrice-L-115-BERTI.png","width":840,"height":515},{"@type":"BreadcrumbList","@id":"https:\/\/hbt.com.pl\/maszyny\/produkt\/kosiarka-mulczer-mini-l-145-berti\/#breadcrumb","itemListElement":[{"@type":"ListItem","position":1,"name":"Strona g\u0142\u00f3wna","item":"https:\/\/hbt.com.pl\/maszyny\/"},{"@type":"ListItem","position":2,"name":"Maszyny rolnicze u\u017cywane","item":"https:\/\/hbt.com.pl\/maszyny\/maszyny-uzywane\/"},{"@type":"ListItem","position":3,"name":"Kosiarka, Mulczer Mini L-145 &#8211; BERTI"}]},{"@type":"WebSite","@id":"https:\/\/hbt.com.pl\/maszyny\/#website","url":"https:\/\/hbt.com.pl\/maszyny\/","name":"HBT Roltrac","description":"","potentialAction":[{"@type":"SearchAction","target":{"@type":"EntryPoint","urlTemplate":"https:\/\/hbt.com.pl\/maszyny\/?s={search_term_string}"},"query-input":{"@type":"PropertyValueSpecification","valueRequired":true,"valueName":"search_term_string"}}],"inLanguage":"pl-PL"}]}},"_links":{"self":[{"href":"https:\/\/hbt.com.pl\/maszyny\/wp-json\/wp\/v2\/product\/933","targetHints":{"allow":["GET"]}}],"collection":[{"href":"https:\/\/hbt.com.pl\/maszyny\/wp-json\/wp\/v2\/product"}],"about":[{"href":"https:\/\/hbt.com.pl\/maszyny\/wp-json\/wp\/v2\/types\/product"}],"wp:featuredmedia":[{"embeddable":true,"href":"https:\/\/hbt.com.pl\/maszyny\/wp-json\/wp\/v2\/media\/931"}],"wp:attachment":[{"href":"https:\/\/hbt.com.pl\/maszyny\/wp-json\/wp\/v2\/media?parent=933"}],"wp:term":[{"taxonomy":"product_brand","embeddable":true,"href":"https:\/\/hbt.com.pl\/maszyny\/wp-json\/wp\/v2\/product_brand?post=933"},{"taxonomy":"product_cat","embeddable":true,"href":"https:\/\/hbt.com.pl\/maszyny\/wp-json\/wp\/v2\/product_cat?post=933"},{"taxonomy":"product_tag","embeddable":true,"href":"https:\/\/hbt.com.pl\/maszyny\/wp-json\/wp\/v2\/product_tag?post=933"}],"curies":[{"name":"wp","href":"https:\/\/api.w.org\/{rel}","templated":true}]}}