{"id":925,"date":"2024-01-19T10:08:06","date_gmt":"2024-01-19T09:08:06","guid":{"rendered":"https:\/\/hbt.com.pl\/maszyny\/?post_type=product&#038;p=925"},"modified":"2024-01-19T10:11:18","modified_gmt":"2024-01-19T09:11:18","slug":"kosiarka-traktorek-cm-7116-h-iseki-wyprzedaz","status":"publish","type":"product","link":"https:\/\/hbt.com.pl\/maszyny\/produkt\/kosiarka-traktorek-cm-7116-h-iseki-wyprzedaz\/","title":{"rendered":"Kosiarka, traktorek CM 7116 H &#8211; ISEKI WYPRZEDA\u017b"},"content":{"rendered":"<ul>\n<li>Stan: Nowy<\/li>\n<li>Nap\u0119d: 2&#215;4 2WD<\/li>\n<li>Marka : ISEKI<\/li>\n<li>Marka silnika: Briggs &amp; Stratton<\/li>\n<li>Silnik : 4 &#8211; suwowy spalinowy<\/li>\n<li>Moc (kW): 12,10<\/li>\n<li>Model silnika: PowerBuilt 4165 AVS<\/li>\n<li>Pojemno\u015b\u0107 silnika (cm3 \/ ccm): 500<\/li>\n<li>Starter: Elektryczny<\/li>\n<li>Liczba cylindr\u00f3w (szt.): 1<\/li>\n<li>Znamionowa pr\u0119dko\u015b\u0107 obrotowa silnika (obr\/min): 3600<\/li>\n<li>System ch\u0142odzenia: Powietrze<\/li>\n<li>Pojemno\u015b\u0107 zbiornika paliwa (L): 6<\/li>\n<li>Powierzchnia koszenia (m2): 6 500<\/li>\n<li>System koszenia: Zbieranie do kosza, mulczowanie, wyrzut tylny (opcja)<\/li>\n<li>Szeroko\u015b\u0107 robocza (mm): 960<\/li>\n<li>Regulacja wysoko\u015bci koszenia: Manualna z d\u017awigni\u0105, 7-stopniowa<\/li>\n<li>Wysoko\u015b\u0107 koszenia (mm): 30-80<\/li>\n<li>Liczba no\u017cy (szt): 2<\/li>\n<li>System za\u0142\u0105czania no\u017cy: Elektro-magnetyczny<\/li>\n<li>Funkcja mulczowania: TAK<\/li>\n<li>Koszenie na biegu wstecznym: TAK<\/li>\n<li>Skrzynia bieg\u00f3w: Hydrostatyczna<\/li>\n<li>Liczba bieg\u00f3w prz\u00f3d \/ ty\u0142: Regulacja bezstopniowa<\/li>\n<li>Maksymalna pr\u0119dko\u015b\u0107 podczas pracy (km\/h): 8,8<\/li>\n<li>Pojemno\u015b\u0107 kosza (L) : 290<\/li>\n<li>Fotel: Komfortowy<\/li>\n<li>Wska\u017anik pozycji nape\u0142nienia kosza: TAK<\/li>\n<li>Obracanie przedniej osi: TAK<\/li>\n<li>Wyposa\u017cenie: Zderzak, Zaczep, Panel z ikonami LED, \u015awiat\u0142a przednie LED, Deflektor pokosu (opcja), \u0141adowarka (opcja)<\/li>\n<li>Opr\u00f3\u017cnianie kosza: Manualne<\/li>\n<li>Rozmiar opon prz\u00f3d \/ ty\u0142: 15&#215;5.00-6&#8243; \/ 18&#215;8.50-8&#8243;<\/li>\n<li>Wymiary (mm): 2360x960x1110<\/li>\n<li>Promie\u0144 skr\u0119tu ( mm ): 1600<\/li>\n<li>System rozruchowy: Elektryczny<\/li>\n<li>Kolor: Niebieski<\/li>\n<li>Waga (kg): 221<\/li>\n<li>Rodzaj paliwa : Benzyna bezo\u0142owiowa<\/li>\n<\/ul>\n","protected":false},"excerpt":{"rendered":"<p>NIEU\u017bYWANA<\/p>\n","protected":false},"featured_media":926,"template":"","meta":[],"product_brand":[],"product_cat":[32],"product_tag":[249,230,237,250],"class_list":{"0":"post-925","1":"product","2":"type-product","3":"status-publish","4":"has-post-thumbnail","6":"product_cat-ciagniki-mini","7":"product_tag-cm7116h","8":"product_tag-iseki","9":"product_tag-kosiarka","10":"product_tag-traktorek","11":"pa_rok-produkcji-248","13":"first","14":"instock","15":"shipping-taxable","16":"purchasable","17":"product-type-simple"},"yoast_head":"<!-- This site is optimized with the Yoast SEO plugin v27.5 - https:\/\/yoast.com\/product\/yoast-seo-wordpress\/ -->\n<title>Kosiarka, traktorek CM 7116 H - ISEKI WYPRZEDA\u017b - HBT Roltrac<\/title>\n<meta name=\"robots\" content=\"index, follow, max-snippet:-1, max-image-preview:large, max-video-preview:-1\" \/>\n<link rel=\"canonical\" href=\"https:\/\/hbt.com.pl\/maszyny\/produkt\/kosiarka-traktorek-cm-7116-h-iseki-wyprzedaz\/\" \/>\n<meta property=\"og:locale\" content=\"pl_PL\" \/>\n<meta property=\"og:type\" content=\"article\" \/>\n<meta property=\"og:title\" content=\"Kosiarka, traktorek CM 7116 H - ISEKI WYPRZEDA\u017b - HBT Roltrac\" \/>\n<meta property=\"og:description\" content=\"NIEU\u017bYWANA\" \/>\n<meta property=\"og:url\" content=\"https:\/\/hbt.com.pl\/maszyny\/produkt\/kosiarka-traktorek-cm-7116-h-iseki-wyprzedaz\/\" \/>\n<meta property=\"og:site_name\" content=\"HBT Roltrac\" \/>\n<meta property=\"article:modified_time\" content=\"2024-01-19T09:11:18+00:00\" \/>\n<meta property=\"og:image\" content=\"https:\/\/hbt.com.pl\/maszyny\/wp-content\/uploads\/2024\/01\/Kosiarka-traktorek-CM-7116-H-ISEKI-WYPRZEDAZ.png\" \/>\n\t<meta property=\"og:image:width\" content=\"594\" \/>\n\t<meta property=\"og:image:height\" content=\"448\" \/>\n\t<meta property=\"og:image:type\" content=\"image\/png\" \/>\n<meta name=\"twitter:card\" content=\"summary_large_image\" \/>\n<meta name=\"twitter:label1\" content=\"Szacowany czas czytania\" \/>\n\t<meta name=\"twitter:data1\" content=\"2 minuty\" \/>\n<script type=\"application\/ld+json\" class=\"yoast-schema-graph\">{\"@context\":\"https:\\\/\\\/schema.org\",\"@graph\":[{\"@type\":\"WebPage\",\"@id\":\"https:\\\/\\\/hbt.com.pl\\\/maszyny\\\/produkt\\\/kosiarka-traktorek-cm-7116-h-iseki-wyprzedaz\\\/\",\"url\":\"https:\\\/\\\/hbt.com.pl\\\/maszyny\\\/produkt\\\/kosiarka-traktorek-cm-7116-h-iseki-wyprzedaz\\\/\",\"name\":\"Kosiarka, traktorek CM 7116 H - ISEKI WYPRZEDA\u017b - HBT Roltrac\",\"isPartOf\":{\"@id\":\"https:\\\/\\\/hbt.com.pl\\\/maszyny\\\/#website\"},\"primaryImageOfPage\":{\"@id\":\"https:\\\/\\\/hbt.com.pl\\\/maszyny\\\/produkt\\\/kosiarka-traktorek-cm-7116-h-iseki-wyprzedaz\\\/#primaryimage\"},\"image\":{\"@id\":\"https:\\\/\\\/hbt.com.pl\\\/maszyny\\\/produkt\\\/kosiarka-traktorek-cm-7116-h-iseki-wyprzedaz\\\/#primaryimage\"},\"thumbnailUrl\":\"https:\\\/\\\/hbt.com.pl\\\/maszyny\\\/wp-content\\\/uploads\\\/2024\\\/01\\\/Kosiarka-traktorek-CM-7116-H-ISEKI-WYPRZEDAZ.png\",\"datePublished\":\"2024-01-19T09:08:06+00:00\",\"dateModified\":\"2024-01-19T09:11:18+00:00\",\"breadcrumb\":{\"@id\":\"https:\\\/\\\/hbt.com.pl\\\/maszyny\\\/produkt\\\/kosiarka-traktorek-cm-7116-h-iseki-wyprzedaz\\\/#breadcrumb\"},\"inLanguage\":\"pl-PL\",\"potentialAction\":[{\"@type\":\"ReadAction\",\"target\":[\"https:\\\/\\\/hbt.com.pl\\\/maszyny\\\/produkt\\\/kosiarka-traktorek-cm-7116-h-iseki-wyprzedaz\\\/\"]}]},{\"@type\":\"ImageObject\",\"inLanguage\":\"pl-PL\",\"@id\":\"https:\\\/\\\/hbt.com.pl\\\/maszyny\\\/produkt\\\/kosiarka-traktorek-cm-7116-h-iseki-wyprzedaz\\\/#primaryimage\",\"url\":\"https:\\\/\\\/hbt.com.pl\\\/maszyny\\\/wp-content\\\/uploads\\\/2024\\\/01\\\/Kosiarka-traktorek-CM-7116-H-ISEKI-WYPRZEDAZ.png\",\"contentUrl\":\"https:\\\/\\\/hbt.com.pl\\\/maszyny\\\/wp-content\\\/uploads\\\/2024\\\/01\\\/Kosiarka-traktorek-CM-7116-H-ISEKI-WYPRZEDAZ.png\",\"width\":594,\"height\":448},{\"@type\":\"BreadcrumbList\",\"@id\":\"https:\\\/\\\/hbt.com.pl\\\/maszyny\\\/produkt\\\/kosiarka-traktorek-cm-7116-h-iseki-wyprzedaz\\\/#breadcrumb\",\"itemListElement\":[{\"@type\":\"ListItem\",\"position\":1,\"name\":\"Strona g\u0142\u00f3wna\",\"item\":\"https:\\\/\\\/hbt.com.pl\\\/maszyny\\\/\"},{\"@type\":\"ListItem\",\"position\":2,\"name\":\"Maszyny rolnicze u\u017cywane\",\"item\":\"https:\\\/\\\/hbt.com.pl\\\/maszyny\\\/maszyny-uzywane\\\/\"},{\"@type\":\"ListItem\",\"position\":3,\"name\":\"Kosiarka, traktorek CM 7116 H &#8211; ISEKI WYPRZEDA\u017b\"}]},{\"@type\":\"WebSite\",\"@id\":\"https:\\\/\\\/hbt.com.pl\\\/maszyny\\\/#website\",\"url\":\"https:\\\/\\\/hbt.com.pl\\\/maszyny\\\/\",\"name\":\"HBT Roltrac\",\"description\":\"\",\"potentialAction\":[{\"@type\":\"SearchAction\",\"target\":{\"@type\":\"EntryPoint\",\"urlTemplate\":\"https:\\\/\\\/hbt.com.pl\\\/maszyny\\\/?s={search_term_string}\"},\"query-input\":{\"@type\":\"PropertyValueSpecification\",\"valueRequired\":true,\"valueName\":\"search_term_string\"}}],\"inLanguage\":\"pl-PL\"}]}<\/script>\n<!-- \/ Yoast SEO plugin. -->","yoast_head_json":{"title":"Kosiarka, traktorek CM 7116 H - ISEKI WYPRZEDA\u017b - HBT Roltrac","robots":{"index":"index","follow":"follow","max-snippet":"max-snippet:-1","max-image-preview":"max-image-preview:large","max-video-preview":"max-video-preview:-1"},"canonical":"https:\/\/hbt.com.pl\/maszyny\/produkt\/kosiarka-traktorek-cm-7116-h-iseki-wyprzedaz\/","og_locale":"pl_PL","og_type":"article","og_title":"Kosiarka, traktorek CM 7116 H - ISEKI WYPRZEDA\u017b - HBT Roltrac","og_description":"NIEU\u017bYWANA","og_url":"https:\/\/hbt.com.pl\/maszyny\/produkt\/kosiarka-traktorek-cm-7116-h-iseki-wyprzedaz\/","og_site_name":"HBT Roltrac","article_modified_time":"2024-01-19T09:11:18+00:00","og_image":[{"width":594,"height":448,"url":"https:\/\/hbt.com.pl\/maszyny\/wp-content\/uploads\/2024\/01\/Kosiarka-traktorek-CM-7116-H-ISEKI-WYPRZEDAZ.png","type":"image\/png"}],"twitter_card":"summary_large_image","twitter_misc":{"Szacowany czas czytania":"2 minuty"},"schema":{"@context":"https:\/\/schema.org","@graph":[{"@type":"WebPage","@id":"https:\/\/hbt.com.pl\/maszyny\/produkt\/kosiarka-traktorek-cm-7116-h-iseki-wyprzedaz\/","url":"https:\/\/hbt.com.pl\/maszyny\/produkt\/kosiarka-traktorek-cm-7116-h-iseki-wyprzedaz\/","name":"Kosiarka, traktorek CM 7116 H - ISEKI WYPRZEDA\u017b - HBT Roltrac","isPartOf":{"@id":"https:\/\/hbt.com.pl\/maszyny\/#website"},"primaryImageOfPage":{"@id":"https:\/\/hbt.com.pl\/maszyny\/produkt\/kosiarka-traktorek-cm-7116-h-iseki-wyprzedaz\/#primaryimage"},"image":{"@id":"https:\/\/hbt.com.pl\/maszyny\/produkt\/kosiarka-traktorek-cm-7116-h-iseki-wyprzedaz\/#primaryimage"},"thumbnailUrl":"https:\/\/hbt.com.pl\/maszyny\/wp-content\/uploads\/2024\/01\/Kosiarka-traktorek-CM-7116-H-ISEKI-WYPRZEDAZ.png","datePublished":"2024-01-19T09:08:06+00:00","dateModified":"2024-01-19T09:11:18+00:00","breadcrumb":{"@id":"https:\/\/hbt.com.pl\/maszyny\/produkt\/kosiarka-traktorek-cm-7116-h-iseki-wyprzedaz\/#breadcrumb"},"inLanguage":"pl-PL","potentialAction":[{"@type":"ReadAction","target":["https:\/\/hbt.com.pl\/maszyny\/produkt\/kosiarka-traktorek-cm-7116-h-iseki-wyprzedaz\/"]}]},{"@type":"ImageObject","inLanguage":"pl-PL","@id":"https:\/\/hbt.com.pl\/maszyny\/produkt\/kosiarka-traktorek-cm-7116-h-iseki-wyprzedaz\/#primaryimage","url":"https:\/\/hbt.com.pl\/maszyny\/wp-content\/uploads\/2024\/01\/Kosiarka-traktorek-CM-7116-H-ISEKI-WYPRZEDAZ.png","contentUrl":"https:\/\/hbt.com.pl\/maszyny\/wp-content\/uploads\/2024\/01\/Kosiarka-traktorek-CM-7116-H-ISEKI-WYPRZEDAZ.png","width":594,"height":448},{"@type":"BreadcrumbList","@id":"https:\/\/hbt.com.pl\/maszyny\/produkt\/kosiarka-traktorek-cm-7116-h-iseki-wyprzedaz\/#breadcrumb","itemListElement":[{"@type":"ListItem","position":1,"name":"Strona g\u0142\u00f3wna","item":"https:\/\/hbt.com.pl\/maszyny\/"},{"@type":"ListItem","position":2,"name":"Maszyny rolnicze u\u017cywane","item":"https:\/\/hbt.com.pl\/maszyny\/maszyny-uzywane\/"},{"@type":"ListItem","position":3,"name":"Kosiarka, traktorek CM 7116 H &#8211; ISEKI WYPRZEDA\u017b"}]},{"@type":"WebSite","@id":"https:\/\/hbt.com.pl\/maszyny\/#website","url":"https:\/\/hbt.com.pl\/maszyny\/","name":"HBT Roltrac","description":"","potentialAction":[{"@type":"SearchAction","target":{"@type":"EntryPoint","urlTemplate":"https:\/\/hbt.com.pl\/maszyny\/?s={search_term_string}"},"query-input":{"@type":"PropertyValueSpecification","valueRequired":true,"valueName":"search_term_string"}}],"inLanguage":"pl-PL"}]}},"_links":{"self":[{"href":"https:\/\/hbt.com.pl\/maszyny\/wp-json\/wp\/v2\/product\/925","targetHints":{"allow":["GET"]}}],"collection":[{"href":"https:\/\/hbt.com.pl\/maszyny\/wp-json\/wp\/v2\/product"}],"about":[{"href":"https:\/\/hbt.com.pl\/maszyny\/wp-json\/wp\/v2\/types\/product"}],"wp:featuredmedia":[{"embeddable":true,"href":"https:\/\/hbt.com.pl\/maszyny\/wp-json\/wp\/v2\/media\/926"}],"wp:attachment":[{"href":"https:\/\/hbt.com.pl\/maszyny\/wp-json\/wp\/v2\/media?parent=925"}],"wp:term":[{"taxonomy":"product_brand","embeddable":true,"href":"https:\/\/hbt.com.pl\/maszyny\/wp-json\/wp\/v2\/product_brand?post=925"},{"taxonomy":"product_cat","embeddable":true,"href":"https:\/\/hbt.com.pl\/maszyny\/wp-json\/wp\/v2\/product_cat?post=925"},{"taxonomy":"product_tag","embeddable":true,"href":"https:\/\/hbt.com.pl\/maszyny\/wp-json\/wp\/v2\/product_tag?post=925"}],"curies":[{"name":"wp","href":"https:\/\/api.w.org\/{rel}","templated":true}]}}