{"id":913,"date":"2023-12-27T14:08:20","date_gmt":"2023-12-27T13:08:20","guid":{"rendered":"https:\/\/hbt.com.pl\/maszyny\/?post_type=product&#038;p=913"},"modified":"2024-10-30T10:51:42","modified_gmt":"2024-10-30T09:51:42","slug":"kosiarka-traktorek-sxg2-iseki","status":"publish","type":"product","link":"https:\/\/hbt.com.pl\/maszyny\/produkt\/kosiarka-traktorek-sxg2-iseki\/","title":{"rendered":"Kosiarka, traktorek SXG2+ ISEKI"},"content":{"rendered":"<h2>Dane techniczne:<\/h2>\n<p><strong>Model:<\/strong> SXG 216+<\/p>\n<h2><\/h2>\n<h2><strong>Silnik:<\/strong><\/h2>\n<ul>\n<li><strong>Rodzaj paliwa \/ norma:<\/strong> Diesel \/ Stage V<\/li>\n<li><strong>Ilo\u015b\u0107 cylindr\u00f3w:<\/strong> 2<\/li>\n<li><strong>Pojemno\u015b\u0107 skokowa (cm3):<\/strong> 688<\/li>\n<li><strong>Nominalna pr\u0119dko\u015b\u0107 obrotowa (obr.\/min):<\/strong> 2800<\/li>\n<li><strong>Moc wg ECE R120 (kW):<\/strong> 11<\/li>\n<li><strong>Moc wg ECE R120 (KM):<\/strong> 15<\/li>\n<li><strong> Moment obrotowy (Nm) przy obrotach:<\/strong> 39 \/ 1800<\/li>\n<\/ul>\n<h2><\/h2>\n<h2>Przek\u0142adnia:<\/h2>\n<ul>\n<li><strong>Przek\u0142adnia:<\/strong> Hydrostat<\/li>\n<li><strong>Maks. pr\u0119dko\u015b\u0107 podczas jazdy w prz\u00f3d (km\/h):<\/strong> 11<\/li>\n<\/ul>\n<p>&nbsp;<\/p>\n<h2>Waga \/ wymiary<\/h2>\n<ul>\n<li><strong>D\u0142ugo\u015b\u0107 ca\u0142kowita (mm):<\/strong> 2484<\/li>\n<li><strong>Wysoko\u015b\u0107 ca\u0142kowita (mm):<\/strong> 2035 (rama u g\u00f3ry) \/ 1762 (rama z\u0142o\u017cona)<\/li>\n<li><strong>Szeroko\u015b\u0107 ca\u0142kowita (mm):<\/strong> 990 \/ 1070 (w tym zesp\u00f3\u0142 kosz\u0105cy)<\/li>\n<li><strong>Waga z ogumieniem standardowym (kg):<\/strong> 337 \/ 440 (w tym zesp\u00f3\u0142 kosz\u0105cy i kosz)<\/li>\n<\/ul>\n<p>&nbsp;<\/p>\n<h2>Agregat kosz\u0105cy<\/h2>\n<ul>\n<li><strong>Ilo\u015b\u0107 no\u017cy:<\/strong> 2<\/li>\n<li><strong>Szeroko\u015b\u0107 koszenia (cm):<\/strong> 102<\/li>\n<li><strong>Nap\u0119d kosiska:<\/strong> Wa\u0142 Kardana<\/li>\n<li><strong>Nap\u0119d no\u017cy:<\/strong> Przek\u0142adnia k\u0105towa (z\u0119bata)<\/li>\n<\/ul>\n<p>&nbsp;<\/p>\n<p>&nbsp;<\/p>\n<p>&nbsp;<\/p>\n<p>&nbsp;<\/p>\n<ul>\n<li>Jedyne w swoim rodzaju w tej kategorii urz\u0105dze\u0144: opcjonalne wyposa\u017cenie do mulczowania<\/li>\n<li>Prosta obs\u0142uga: wystarczy w\u0142o\u017cy\u0107 element do mulczowania i gotowe. Zajmie to 2 minuty zast\u0119puje stosowany dot\u0105d nap\u0119d pasowy<\/li>\n<li>Ograniczenie prac serwisowych i ich koszt\u00f3w do minimum<\/li>\n<li>6-stopniowa regulacja wysoko\u015bci koszenia 30, 40, 50, 60, 70 i 90 mm<\/li>\n<\/ul>\n<p>&nbsp;<\/p>\n<p><strong>Mniejsze koszty: przek\u0142adnia k\u0105towa<\/strong><\/p>\n<ul>\n<li>zast\u0119puje stosowany dot\u0105d nap\u0119d pasowy<\/li>\n<li>ograniczenie prac serwisowych i ich koszt\u00f3w do minimum<\/li>\n<\/ul>\n<p>&nbsp;<\/p>\n<p><strong>Proste opr\u00f3\u017cnianie<\/strong><\/p>\n<ul>\n<li>mechaniczne opr\u00f3\u017cnianie kosza bez schodzenia z fotela operatora<\/li>\n<li>opcjonalnie: opr\u00f3\u017cnianie kosza przyciskiem<\/li>\n<li>agregat kosz\u0105cy zawieszony na spr\u0119\u017cynach gazowych<\/li>\n<li>obj\u0119to\u015b\u0107 kosza 380 litr\u00f3w<\/li>\n<\/ul>\n<p>&nbsp;<\/p>\n<p><strong>Zalety: silnik Diesla<\/strong><\/p>\n<ul>\n<li>wysoki moment obrotowy<\/li>\n<li>przyjazna obs\u0142uga serwisowa<\/li>\n<li>niewielkie zu\u017cycie paliwa<\/li>\n<li>d\u0142uga \u017cywotno\u015b\u0107<\/li>\n<li>niemal bezobs\u0142ugowa<\/li>\n<li>jednostka<\/li>\n<\/ul>\n<p>&nbsp;<\/p>\n<p><strong>Bezpo\u015bredni dost\u0119p do komponent\u00f3w silnika u\u0142atwia wykonywanie prac serwisowych.<\/strong><\/p>\n<p>&nbsp;<\/p>\n<p><strong>Podw\u00f3jna korzy\u015b\u0107: obs\u0142uga dwoma peda\u0142ami<\/strong><\/p>\n<ul>\n<li>mo\u017cliwo\u015b\u0107 p\u0142ynnej regulacji pr\u0119dko\u015bci jazdy dzi\u0119ki nap\u0119dowi hydrostatycznemu<\/li>\n<li>sterowanie pr\u0119dko\u015bci\u0105 za pomoc\u0105 2 peda\u0142\u00f3w jazdy, ergonomia u\u017cytkowania i zoptymalizowane funkcje<\/li>\n<li>wygodna pozycja st\u00f3p<\/li>\n<\/ul>\n<p>&nbsp;<\/p>\n<h2>&#8230; w sezonie zimowym<\/h2>\n<p>SXG 2+ to niezawodny partner tak\u017ce przy niskiej temperaturze. Monta\u017c p\u0142ugu od\u015bnie\u017caj\u0105cego i posypywarki to \u017caden problem.<\/p>\n","protected":false},"excerpt":{"rendered":"<p>Dane techniczne: Model: SXG 216+ Silnik: Rodzaj paliwa \/ norma:  [&#8230;]<\/p>\n","protected":false},"featured_media":914,"template":"","meta":[],"product_brand":[],"product_cat":[32,25],"product_tag":[230,242,244,243],"class_list":{"0":"post-913","1":"product","2":"type-product","3":"status-publish","4":"has-post-thumbnail","6":"product_cat-ciagniki-mini","7":"product_cat-inne","8":"product_tag-iseki","9":"product_tag-kosiarkaiseki","10":"product_tag-sxg2","11":"product_tag-traktorekkosiarkaiseki","13":"first","14":"outofstock","15":"shipping-taxable","16":"purchasable","17":"product-type-simple"},"yoast_head":"<!-- This site is optimized with the Yoast SEO plugin v27.5 - https:\/\/yoast.com\/product\/yoast-seo-wordpress\/ -->\n<title>Kosiarka, traktorek SXG2+ ISEKI - HBT Roltrac<\/title>\n<meta name=\"robots\" content=\"index, follow, max-snippet:-1, max-image-preview:large, max-video-preview:-1\" \/>\n<link rel=\"canonical\" href=\"https:\/\/hbt.com.pl\/maszyny\/produkt\/kosiarka-traktorek-sxg2-iseki\/\" \/>\n<meta property=\"og:locale\" content=\"pl_PL\" \/>\n<meta property=\"og:type\" content=\"article\" \/>\n<meta property=\"og:title\" content=\"Kosiarka, traktorek SXG2+ ISEKI - HBT Roltrac\" \/>\n<meta property=\"og:description\" content=\"Dane techniczne: Model: SXG 216+ Silnik: Rodzaj paliwa \/ norma: [...]\" \/>\n<meta property=\"og:url\" content=\"https:\/\/hbt.com.pl\/maszyny\/produkt\/kosiarka-traktorek-sxg2-iseki\/\" \/>\n<meta property=\"og:site_name\" content=\"HBT Roltrac\" \/>\n<meta property=\"article:modified_time\" content=\"2024-10-30T09:51:42+00:00\" \/>\n<meta property=\"og:image\" content=\"https:\/\/hbt.com.pl\/maszyny\/wp-content\/uploads\/2023\/12\/IMG_20231227_103625637_HDR-scaled.jpg\" \/>\n\t<meta property=\"og:image:width\" content=\"1920\" \/>\n\t<meta property=\"og:image:height\" content=\"2560\" \/>\n\t<meta property=\"og:image:type\" content=\"image\/jpeg\" \/>\n<meta name=\"twitter:card\" content=\"summary_large_image\" \/>\n<meta name=\"twitter:label1\" content=\"Szacowany czas czytania\" \/>\n\t<meta name=\"twitter:data1\" content=\"2 minuty\" \/>\n<script type=\"application\/ld+json\" class=\"yoast-schema-graph\">{\"@context\":\"https:\\\/\\\/schema.org\",\"@graph\":[{\"@type\":\"WebPage\",\"@id\":\"https:\\\/\\\/hbt.com.pl\\\/maszyny\\\/produkt\\\/kosiarka-traktorek-sxg2-iseki\\\/\",\"url\":\"https:\\\/\\\/hbt.com.pl\\\/maszyny\\\/produkt\\\/kosiarka-traktorek-sxg2-iseki\\\/\",\"name\":\"Kosiarka, traktorek SXG2+ ISEKI - HBT Roltrac\",\"isPartOf\":{\"@id\":\"https:\\\/\\\/hbt.com.pl\\\/maszyny\\\/#website\"},\"primaryImageOfPage\":{\"@id\":\"https:\\\/\\\/hbt.com.pl\\\/maszyny\\\/produkt\\\/kosiarka-traktorek-sxg2-iseki\\\/#primaryimage\"},\"image\":{\"@id\":\"https:\\\/\\\/hbt.com.pl\\\/maszyny\\\/produkt\\\/kosiarka-traktorek-sxg2-iseki\\\/#primaryimage\"},\"thumbnailUrl\":\"https:\\\/\\\/hbt.com.pl\\\/maszyny\\\/wp-content\\\/uploads\\\/2023\\\/12\\\/IMG_20231227_103625637_HDR-scaled.jpg\",\"datePublished\":\"2023-12-27T13:08:20+00:00\",\"dateModified\":\"2024-10-30T09:51:42+00:00\",\"breadcrumb\":{\"@id\":\"https:\\\/\\\/hbt.com.pl\\\/maszyny\\\/produkt\\\/kosiarka-traktorek-sxg2-iseki\\\/#breadcrumb\"},\"inLanguage\":\"pl-PL\",\"potentialAction\":[{\"@type\":\"ReadAction\",\"target\":[\"https:\\\/\\\/hbt.com.pl\\\/maszyny\\\/produkt\\\/kosiarka-traktorek-sxg2-iseki\\\/\"]}]},{\"@type\":\"ImageObject\",\"inLanguage\":\"pl-PL\",\"@id\":\"https:\\\/\\\/hbt.com.pl\\\/maszyny\\\/produkt\\\/kosiarka-traktorek-sxg2-iseki\\\/#primaryimage\",\"url\":\"https:\\\/\\\/hbt.com.pl\\\/maszyny\\\/wp-content\\\/uploads\\\/2023\\\/12\\\/IMG_20231227_103625637_HDR-scaled.jpg\",\"contentUrl\":\"https:\\\/\\\/hbt.com.pl\\\/maszyny\\\/wp-content\\\/uploads\\\/2023\\\/12\\\/IMG_20231227_103625637_HDR-scaled.jpg\",\"width\":1920,\"height\":2560},{\"@type\":\"BreadcrumbList\",\"@id\":\"https:\\\/\\\/hbt.com.pl\\\/maszyny\\\/produkt\\\/kosiarka-traktorek-sxg2-iseki\\\/#breadcrumb\",\"itemListElement\":[{\"@type\":\"ListItem\",\"position\":1,\"name\":\"Strona g\u0142\u00f3wna\",\"item\":\"https:\\\/\\\/hbt.com.pl\\\/maszyny\\\/\"},{\"@type\":\"ListItem\",\"position\":2,\"name\":\"Maszyny rolnicze u\u017cywane\",\"item\":\"https:\\\/\\\/hbt.com.pl\\\/maszyny\\\/maszyny-uzywane\\\/\"},{\"@type\":\"ListItem\",\"position\":3,\"name\":\"Kosiarka, traktorek SXG2+ ISEKI\"}]},{\"@type\":\"WebSite\",\"@id\":\"https:\\\/\\\/hbt.com.pl\\\/maszyny\\\/#website\",\"url\":\"https:\\\/\\\/hbt.com.pl\\\/maszyny\\\/\",\"name\":\"HBT Roltrac\",\"description\":\"\",\"potentialAction\":[{\"@type\":\"SearchAction\",\"target\":{\"@type\":\"EntryPoint\",\"urlTemplate\":\"https:\\\/\\\/hbt.com.pl\\\/maszyny\\\/?s={search_term_string}\"},\"query-input\":{\"@type\":\"PropertyValueSpecification\",\"valueRequired\":true,\"valueName\":\"search_term_string\"}}],\"inLanguage\":\"pl-PL\"}]}<\/script>\n<!-- \/ Yoast SEO plugin. -->","yoast_head_json":{"title":"Kosiarka, traktorek SXG2+ ISEKI - HBT Roltrac","robots":{"index":"index","follow":"follow","max-snippet":"max-snippet:-1","max-image-preview":"max-image-preview:large","max-video-preview":"max-video-preview:-1"},"canonical":"https:\/\/hbt.com.pl\/maszyny\/produkt\/kosiarka-traktorek-sxg2-iseki\/","og_locale":"pl_PL","og_type":"article","og_title":"Kosiarka, traktorek SXG2+ ISEKI - HBT Roltrac","og_description":"Dane techniczne: Model: SXG 216+ Silnik: Rodzaj paliwa \/ norma: [...]","og_url":"https:\/\/hbt.com.pl\/maszyny\/produkt\/kosiarka-traktorek-sxg2-iseki\/","og_site_name":"HBT Roltrac","article_modified_time":"2024-10-30T09:51:42+00:00","og_image":[{"width":1920,"height":2560,"url":"https:\/\/hbt.com.pl\/maszyny\/wp-content\/uploads\/2023\/12\/IMG_20231227_103625637_HDR-scaled.jpg","type":"image\/jpeg"}],"twitter_card":"summary_large_image","twitter_misc":{"Szacowany czas czytania":"2 minuty"},"schema":{"@context":"https:\/\/schema.org","@graph":[{"@type":"WebPage","@id":"https:\/\/hbt.com.pl\/maszyny\/produkt\/kosiarka-traktorek-sxg2-iseki\/","url":"https:\/\/hbt.com.pl\/maszyny\/produkt\/kosiarka-traktorek-sxg2-iseki\/","name":"Kosiarka, traktorek SXG2+ ISEKI - HBT Roltrac","isPartOf":{"@id":"https:\/\/hbt.com.pl\/maszyny\/#website"},"primaryImageOfPage":{"@id":"https:\/\/hbt.com.pl\/maszyny\/produkt\/kosiarka-traktorek-sxg2-iseki\/#primaryimage"},"image":{"@id":"https:\/\/hbt.com.pl\/maszyny\/produkt\/kosiarka-traktorek-sxg2-iseki\/#primaryimage"},"thumbnailUrl":"https:\/\/hbt.com.pl\/maszyny\/wp-content\/uploads\/2023\/12\/IMG_20231227_103625637_HDR-scaled.jpg","datePublished":"2023-12-27T13:08:20+00:00","dateModified":"2024-10-30T09:51:42+00:00","breadcrumb":{"@id":"https:\/\/hbt.com.pl\/maszyny\/produkt\/kosiarka-traktorek-sxg2-iseki\/#breadcrumb"},"inLanguage":"pl-PL","potentialAction":[{"@type":"ReadAction","target":["https:\/\/hbt.com.pl\/maszyny\/produkt\/kosiarka-traktorek-sxg2-iseki\/"]}]},{"@type":"ImageObject","inLanguage":"pl-PL","@id":"https:\/\/hbt.com.pl\/maszyny\/produkt\/kosiarka-traktorek-sxg2-iseki\/#primaryimage","url":"https:\/\/hbt.com.pl\/maszyny\/wp-content\/uploads\/2023\/12\/IMG_20231227_103625637_HDR-scaled.jpg","contentUrl":"https:\/\/hbt.com.pl\/maszyny\/wp-content\/uploads\/2023\/12\/IMG_20231227_103625637_HDR-scaled.jpg","width":1920,"height":2560},{"@type":"BreadcrumbList","@id":"https:\/\/hbt.com.pl\/maszyny\/produkt\/kosiarka-traktorek-sxg2-iseki\/#breadcrumb","itemListElement":[{"@type":"ListItem","position":1,"name":"Strona g\u0142\u00f3wna","item":"https:\/\/hbt.com.pl\/maszyny\/"},{"@type":"ListItem","position":2,"name":"Maszyny rolnicze u\u017cywane","item":"https:\/\/hbt.com.pl\/maszyny\/maszyny-uzywane\/"},{"@type":"ListItem","position":3,"name":"Kosiarka, traktorek SXG2+ ISEKI"}]},{"@type":"WebSite","@id":"https:\/\/hbt.com.pl\/maszyny\/#website","url":"https:\/\/hbt.com.pl\/maszyny\/","name":"HBT Roltrac","description":"","potentialAction":[{"@type":"SearchAction","target":{"@type":"EntryPoint","urlTemplate":"https:\/\/hbt.com.pl\/maszyny\/?s={search_term_string}"},"query-input":{"@type":"PropertyValueSpecification","valueRequired":true,"valueName":"search_term_string"}}],"inLanguage":"pl-PL"}]}},"_links":{"self":[{"href":"https:\/\/hbt.com.pl\/maszyny\/wp-json\/wp\/v2\/product\/913","targetHints":{"allow":["GET"]}}],"collection":[{"href":"https:\/\/hbt.com.pl\/maszyny\/wp-json\/wp\/v2\/product"}],"about":[{"href":"https:\/\/hbt.com.pl\/maszyny\/wp-json\/wp\/v2\/types\/product"}],"wp:featuredmedia":[{"embeddable":true,"href":"https:\/\/hbt.com.pl\/maszyny\/wp-json\/wp\/v2\/media\/914"}],"wp:attachment":[{"href":"https:\/\/hbt.com.pl\/maszyny\/wp-json\/wp\/v2\/media?parent=913"}],"wp:term":[{"taxonomy":"product_brand","embeddable":true,"href":"https:\/\/hbt.com.pl\/maszyny\/wp-json\/wp\/v2\/product_brand?post=913"},{"taxonomy":"product_cat","embeddable":true,"href":"https:\/\/hbt.com.pl\/maszyny\/wp-json\/wp\/v2\/product_cat?post=913"},{"taxonomy":"product_tag","embeddable":true,"href":"https:\/\/hbt.com.pl\/maszyny\/wp-json\/wp\/v2\/product_tag?post=913"}],"curies":[{"name":"wp","href":"https:\/\/api.w.org\/{rel}","templated":true}]}}