{"id":892,"date":"2023-12-27T09:56:54","date_gmt":"2023-12-27T08:56:54","guid":{"rendered":"https:\/\/hbt.com.pl\/maszyny\/?post_type=product&#038;p=892"},"modified":"2024-05-28T15:49:49","modified_gmt":"2024-05-28T13:49:49","slug":"traktorek-kosiarka-cm7124-h-iseki","status":"publish","type":"product","link":"https:\/\/hbt.com.pl\/maszyny\/produkt\/traktorek-kosiarka-cm7124-h-iseki\/","title":{"rendered":"Traktorek, Kosiarka  CM7124 H &#8211; ISEKI"},"content":{"rendered":"<h2>Silnik:<\/h2>\n<ul>\n<li>Kawasaki<\/li>\n<\/ul>\n<h2>Seria silnika:<\/h2>\n<ul>\n<li>FS 481 V-Twin<\/li>\n<\/ul>\n<h2>Moc wg. EC 97\/68EG PS\/KW:<\/h2>\n<ul>\n<li>10,7 \/ 7,9<\/li>\n<\/ul>\n<p>&nbsp;<\/p>\n<h2>Max. Obr.\/min:<\/h2>\n<ul>\n<li>2600<\/li>\n<\/ul>\n<h2>Liczba cylindr\u00f3w:<\/h2>\n<ul>\n<li>2<\/li>\n<\/ul>\n<h2>Pojemno\u015b\u0107 silnika cm3:<\/h2>\n<ul>\n<li>603<\/li>\n<\/ul>\n<h2>Pojemno\u015b\u0107 zbiornika paliwa:<\/h2>\n<ul>\n<li>6<\/li>\n<\/ul>\n<h2>Przek\u0142adnia:<\/h2>\n<ul>\n<li>Hydrostatyczna<\/li>\n<\/ul>\n<h2>Nap\u0119d:<\/h2>\n<ul>\n<li>4&#215;2<\/li>\n<\/ul>\n<h2>Pr\u0119dko\u015b\u0107 max. (km\/h):<\/h2>\n<ul>\n<li>8.8<\/li>\n<\/ul>\n<h2>Typ paliwa:<\/h2>\n<ul>\n<li>Benzyna<\/li>\n<\/ul>\n<h2>D\u0142.\/Sz.\/Wys. (cm):<\/h2>\n<ul>\n<li>235\/96\/111<\/li>\n<\/ul>\n<h2>Promie\u0144 skr\u0119tu (mm):<\/h2>\n<ul>\n<li>1600<\/li>\n<\/ul>\n<h2>Waga (kg):<\/h2>\n<ul>\n<li>221<\/li>\n<\/ul>\n<p>&nbsp;<\/p>\n<h2>SPECYFIKACJA:<\/h2>\n<ul>\n<li>Szeroko\u015b\u0107 koszenia (mm): 920<\/li>\n<li>Wysoko\u015b\u0107 ci\u0119cia (mm): 30-80<\/li>\n<li>Liczba no\u017cy: 2<\/li>\n<li>Za\u0142\u0105czenie no\u017cy: elektro-magnetyczne<\/li>\n<li>Pojemno\u015b\u0107 kosza (l): 290<\/li>\n<li>Zestaw mulczuj\u0105cy: Tak<\/li>\n<li>Zaczep: Tak<\/li>\n<li>\u0141adowarka: Tak<\/li>\n<li>Opony prz\u00f3d\/ty\u0142: 16&#215;6.50-8\/18&#215;8.50-8<\/li>\n<li>Pozycje Koszenia: 7<\/li>\n<li>Tempomat: Tak<\/li>\n<li>Gwarancja 24 miesi\u0105ce*<\/li>\n<\/ul>\n<p>* Dotyczy u\u017cytkownika prywatnego (w przypadku wykorzystania komercyjnego prosz\u0119 spyta\u0107 dealera)<\/p>\n","protected":false},"excerpt":{"rendered":"<p>Silnik: Kawasaki Seria silnika: FS 481 V-Twin Moc wg. EC  [&#8230;]<\/p>\n","protected":false},"featured_media":1021,"template":"","meta":[],"product_brand":[],"product_cat":[32,25],"product_tag":[230,241,237,239,238,235],"class_list":{"0":"post-892","1":"product","2":"type-product","3":"status-publish","4":"has-post-thumbnail","6":"product_cat-ciagniki-mini","7":"product_cat-inne","8":"product_tag-iseki","9":"product_tag-isekicm7124h","10":"product_tag-kosiarka","11":"product_tag-traktorekdokoszenia","12":"product_tag-traktorekdotrawy","13":"product_tag-traktorekkomunalny","15":"first","16":"instock","17":"shipping-taxable","18":"purchasable","19":"product-type-simple"},"yoast_head":"<!-- This site is optimized with the Yoast SEO plugin v27.5 - https:\/\/yoast.com\/product\/yoast-seo-wordpress\/ -->\n<title>Traktorek, Kosiarka CM7124 H - ISEKI - HBT Roltrac<\/title>\n<meta name=\"robots\" content=\"index, follow, max-snippet:-1, max-image-preview:large, max-video-preview:-1\" \/>\n<link rel=\"canonical\" href=\"https:\/\/hbt.com.pl\/maszyny\/produkt\/traktorek-kosiarka-cm7124-h-iseki\/\" \/>\n<meta property=\"og:locale\" content=\"pl_PL\" \/>\n<meta property=\"og:type\" content=\"article\" \/>\n<meta property=\"og:title\" content=\"Traktorek, Kosiarka CM7124 H - ISEKI - HBT Roltrac\" \/>\n<meta property=\"og:description\" content=\"Silnik: Kawasaki Seria silnika: FS 481 V-Twin Moc wg. EC [...]\" \/>\n<meta property=\"og:url\" content=\"https:\/\/hbt.com.pl\/maszyny\/produkt\/traktorek-kosiarka-cm7124-h-iseki\/\" \/>\n<meta property=\"og:site_name\" content=\"HBT Roltrac\" \/>\n<meta property=\"article:modified_time\" content=\"2024-05-28T13:49:49+00:00\" \/>\n<meta property=\"og:image\" content=\"https:\/\/hbt.com.pl\/maszyny\/wp-content\/uploads\/2023\/12\/IMG_2758.jpeg\" \/>\n\t<meta property=\"og:image:width\" content=\"1920\" \/>\n\t<meta property=\"og:image:height\" content=\"1440\" \/>\n\t<meta property=\"og:image:type\" content=\"image\/jpeg\" \/>\n<meta name=\"twitter:card\" content=\"summary_large_image\" \/>\n<meta name=\"twitter:label1\" content=\"Szacowany czas czytania\" \/>\n\t<meta name=\"twitter:data1\" content=\"1 minuta\" \/>\n<script type=\"application\/ld+json\" class=\"yoast-schema-graph\">{\"@context\":\"https:\\\/\\\/schema.org\",\"@graph\":[{\"@type\":\"WebPage\",\"@id\":\"https:\\\/\\\/hbt.com.pl\\\/maszyny\\\/produkt\\\/traktorek-kosiarka-cm7124-h-iseki\\\/\",\"url\":\"https:\\\/\\\/hbt.com.pl\\\/maszyny\\\/produkt\\\/traktorek-kosiarka-cm7124-h-iseki\\\/\",\"name\":\"Traktorek, Kosiarka CM7124 H - ISEKI - HBT Roltrac\",\"isPartOf\":{\"@id\":\"https:\\\/\\\/hbt.com.pl\\\/maszyny\\\/#website\"},\"primaryImageOfPage\":{\"@id\":\"https:\\\/\\\/hbt.com.pl\\\/maszyny\\\/produkt\\\/traktorek-kosiarka-cm7124-h-iseki\\\/#primaryimage\"},\"image\":{\"@id\":\"https:\\\/\\\/hbt.com.pl\\\/maszyny\\\/produkt\\\/traktorek-kosiarka-cm7124-h-iseki\\\/#primaryimage\"},\"thumbnailUrl\":\"https:\\\/\\\/hbt.com.pl\\\/maszyny\\\/wp-content\\\/uploads\\\/2023\\\/12\\\/IMG_2758.jpeg\",\"datePublished\":\"2023-12-27T08:56:54+00:00\",\"dateModified\":\"2024-05-28T13:49:49+00:00\",\"breadcrumb\":{\"@id\":\"https:\\\/\\\/hbt.com.pl\\\/maszyny\\\/produkt\\\/traktorek-kosiarka-cm7124-h-iseki\\\/#breadcrumb\"},\"inLanguage\":\"pl-PL\",\"potentialAction\":[{\"@type\":\"ReadAction\",\"target\":[\"https:\\\/\\\/hbt.com.pl\\\/maszyny\\\/produkt\\\/traktorek-kosiarka-cm7124-h-iseki\\\/\"]}]},{\"@type\":\"ImageObject\",\"inLanguage\":\"pl-PL\",\"@id\":\"https:\\\/\\\/hbt.com.pl\\\/maszyny\\\/produkt\\\/traktorek-kosiarka-cm7124-h-iseki\\\/#primaryimage\",\"url\":\"https:\\\/\\\/hbt.com.pl\\\/maszyny\\\/wp-content\\\/uploads\\\/2023\\\/12\\\/IMG_2758.jpeg\",\"contentUrl\":\"https:\\\/\\\/hbt.com.pl\\\/maszyny\\\/wp-content\\\/uploads\\\/2023\\\/12\\\/IMG_2758.jpeg\",\"width\":1920,\"height\":1440},{\"@type\":\"BreadcrumbList\",\"@id\":\"https:\\\/\\\/hbt.com.pl\\\/maszyny\\\/produkt\\\/traktorek-kosiarka-cm7124-h-iseki\\\/#breadcrumb\",\"itemListElement\":[{\"@type\":\"ListItem\",\"position\":1,\"name\":\"Strona g\u0142\u00f3wna\",\"item\":\"https:\\\/\\\/hbt.com.pl\\\/maszyny\\\/\"},{\"@type\":\"ListItem\",\"position\":2,\"name\":\"Maszyny rolnicze u\u017cywane\",\"item\":\"https:\\\/\\\/hbt.com.pl\\\/maszyny\\\/maszyny-uzywane\\\/\"},{\"@type\":\"ListItem\",\"position\":3,\"name\":\"Traktorek, Kosiarka CM7124 H &#8211; ISEKI\"}]},{\"@type\":\"WebSite\",\"@id\":\"https:\\\/\\\/hbt.com.pl\\\/maszyny\\\/#website\",\"url\":\"https:\\\/\\\/hbt.com.pl\\\/maszyny\\\/\",\"name\":\"HBT Roltrac\",\"description\":\"\",\"potentialAction\":[{\"@type\":\"SearchAction\",\"target\":{\"@type\":\"EntryPoint\",\"urlTemplate\":\"https:\\\/\\\/hbt.com.pl\\\/maszyny\\\/?s={search_term_string}\"},\"query-input\":{\"@type\":\"PropertyValueSpecification\",\"valueRequired\":true,\"valueName\":\"search_term_string\"}}],\"inLanguage\":\"pl-PL\"}]}<\/script>\n<!-- \/ Yoast SEO plugin. -->","yoast_head_json":{"title":"Traktorek, Kosiarka CM7124 H - ISEKI - HBT Roltrac","robots":{"index":"index","follow":"follow","max-snippet":"max-snippet:-1","max-image-preview":"max-image-preview:large","max-video-preview":"max-video-preview:-1"},"canonical":"https:\/\/hbt.com.pl\/maszyny\/produkt\/traktorek-kosiarka-cm7124-h-iseki\/","og_locale":"pl_PL","og_type":"article","og_title":"Traktorek, Kosiarka CM7124 H - ISEKI - HBT Roltrac","og_description":"Silnik: Kawasaki Seria silnika: FS 481 V-Twin Moc wg. EC [...]","og_url":"https:\/\/hbt.com.pl\/maszyny\/produkt\/traktorek-kosiarka-cm7124-h-iseki\/","og_site_name":"HBT Roltrac","article_modified_time":"2024-05-28T13:49:49+00:00","og_image":[{"width":1920,"height":1440,"url":"https:\/\/hbt.com.pl\/maszyny\/wp-content\/uploads\/2023\/12\/IMG_2758.jpeg","type":"image\/jpeg"}],"twitter_card":"summary_large_image","twitter_misc":{"Szacowany czas czytania":"1 minuta"},"schema":{"@context":"https:\/\/schema.org","@graph":[{"@type":"WebPage","@id":"https:\/\/hbt.com.pl\/maszyny\/produkt\/traktorek-kosiarka-cm7124-h-iseki\/","url":"https:\/\/hbt.com.pl\/maszyny\/produkt\/traktorek-kosiarka-cm7124-h-iseki\/","name":"Traktorek, Kosiarka CM7124 H - ISEKI - HBT Roltrac","isPartOf":{"@id":"https:\/\/hbt.com.pl\/maszyny\/#website"},"primaryImageOfPage":{"@id":"https:\/\/hbt.com.pl\/maszyny\/produkt\/traktorek-kosiarka-cm7124-h-iseki\/#primaryimage"},"image":{"@id":"https:\/\/hbt.com.pl\/maszyny\/produkt\/traktorek-kosiarka-cm7124-h-iseki\/#primaryimage"},"thumbnailUrl":"https:\/\/hbt.com.pl\/maszyny\/wp-content\/uploads\/2023\/12\/IMG_2758.jpeg","datePublished":"2023-12-27T08:56:54+00:00","dateModified":"2024-05-28T13:49:49+00:00","breadcrumb":{"@id":"https:\/\/hbt.com.pl\/maszyny\/produkt\/traktorek-kosiarka-cm7124-h-iseki\/#breadcrumb"},"inLanguage":"pl-PL","potentialAction":[{"@type":"ReadAction","target":["https:\/\/hbt.com.pl\/maszyny\/produkt\/traktorek-kosiarka-cm7124-h-iseki\/"]}]},{"@type":"ImageObject","inLanguage":"pl-PL","@id":"https:\/\/hbt.com.pl\/maszyny\/produkt\/traktorek-kosiarka-cm7124-h-iseki\/#primaryimage","url":"https:\/\/hbt.com.pl\/maszyny\/wp-content\/uploads\/2023\/12\/IMG_2758.jpeg","contentUrl":"https:\/\/hbt.com.pl\/maszyny\/wp-content\/uploads\/2023\/12\/IMG_2758.jpeg","width":1920,"height":1440},{"@type":"BreadcrumbList","@id":"https:\/\/hbt.com.pl\/maszyny\/produkt\/traktorek-kosiarka-cm7124-h-iseki\/#breadcrumb","itemListElement":[{"@type":"ListItem","position":1,"name":"Strona g\u0142\u00f3wna","item":"https:\/\/hbt.com.pl\/maszyny\/"},{"@type":"ListItem","position":2,"name":"Maszyny rolnicze u\u017cywane","item":"https:\/\/hbt.com.pl\/maszyny\/maszyny-uzywane\/"},{"@type":"ListItem","position":3,"name":"Traktorek, Kosiarka CM7124 H &#8211; ISEKI"}]},{"@type":"WebSite","@id":"https:\/\/hbt.com.pl\/maszyny\/#website","url":"https:\/\/hbt.com.pl\/maszyny\/","name":"HBT Roltrac","description":"","potentialAction":[{"@type":"SearchAction","target":{"@type":"EntryPoint","urlTemplate":"https:\/\/hbt.com.pl\/maszyny\/?s={search_term_string}"},"query-input":{"@type":"PropertyValueSpecification","valueRequired":true,"valueName":"search_term_string"}}],"inLanguage":"pl-PL"}]}},"_links":{"self":[{"href":"https:\/\/hbt.com.pl\/maszyny\/wp-json\/wp\/v2\/product\/892","targetHints":{"allow":["GET"]}}],"collection":[{"href":"https:\/\/hbt.com.pl\/maszyny\/wp-json\/wp\/v2\/product"}],"about":[{"href":"https:\/\/hbt.com.pl\/maszyny\/wp-json\/wp\/v2\/types\/product"}],"wp:featuredmedia":[{"embeddable":true,"href":"https:\/\/hbt.com.pl\/maszyny\/wp-json\/wp\/v2\/media\/1021"}],"wp:attachment":[{"href":"https:\/\/hbt.com.pl\/maszyny\/wp-json\/wp\/v2\/media?parent=892"}],"wp:term":[{"taxonomy":"product_brand","embeddable":true,"href":"https:\/\/hbt.com.pl\/maszyny\/wp-json\/wp\/v2\/product_brand?post=892"},{"taxonomy":"product_cat","embeddable":true,"href":"https:\/\/hbt.com.pl\/maszyny\/wp-json\/wp\/v2\/product_cat?post=892"},{"taxonomy":"product_tag","embeddable":true,"href":"https:\/\/hbt.com.pl\/maszyny\/wp-json\/wp\/v2\/product_tag?post=892"}],"curies":[{"name":"wp","href":"https:\/\/api.w.org\/{rel}","templated":true}]}}