{"id":887,"date":"2023-12-27T08:53:13","date_gmt":"2023-12-27T07:53:13","guid":{"rendered":"https:\/\/hbt.com.pl\/maszyny\/?post_type=product&#038;p=887"},"modified":"2024-05-28T16:00:23","modified_gmt":"2024-05-28T14:00:23","slug":"traktor-ogrodowy-komunalny-tm-3217-alk-iseki","status":"publish","type":"product","link":"https:\/\/hbt.com.pl\/maszyny\/produkt\/traktor-ogrodowy-komunalny-tm-3217-alk-iseki\/","title":{"rendered":"Traktor ogrodowy, komunalny TM 3217 AL(K) &#8211; ISEKI"},"content":{"rendered":"<h2>Dane techniczne:<\/h2>\n<p>Model: TM 3217 AL(K)<\/p>\n<h2><\/h2>\n<h2><strong>Silnik:<\/strong><\/h2>\n<ul>\n<li>Rodzaj paliwa: Diesel<\/li>\n<li>Ilo\u015b\u0107 cylindr\u00f3w: 3<\/li>\n<li>Pojemno\u015b\u0107 skokowa (cm3): 1123<\/li>\n<li>Nominalna pr\u0119dko\u015b\u0107 obrotowa (obr.\/min): 2500<\/li>\n<li>Moc maksymalna (PS)1: 24<\/li>\n<li>Moc wg ECE R120 (kW): 15<\/li>\n<li>Moc wg ECE R120 (PS): 20, 4<\/li>\n<li>Moment obrotowy (Nm) przy obrotach: 63 \/ 2000<\/li>\n<\/ul>\n<p>&nbsp;<\/p>\n<p>&nbsp;<\/p>\n<h2><strong>Przek\u0142adnia:<\/strong><\/h2>\n<ul>\n<li>Manualna<\/li>\n<li>Maks. pr\u0119dko\u015b\u0107 podczas jazdy w prz\u00f3d2 (km\/h): 23<\/li>\n<\/ul>\n<p>&nbsp;<\/p>\n<h2><strong>Osie:<\/strong><\/h2>\n<p>Nap\u0119d na wszystkie osie: standard<\/p>\n<p>&nbsp;<\/p>\n<h2>Wa\u0142y odbioru mocy:<\/h2>\n<p>Tylni wa\u0142 odbioru mocy: Dost\u0119pna normatywna pr\u0119dko\u015b\u0107 obrotowa 1 (obr.\/min): 540<\/p>\n<p>&nbsp;<\/p>\n<h2>Podno\u015bnik tylny:<\/h2>\n<ul>\n<li>Kategoria: Kat. 1<\/li>\n<li>Ud\u017awig na ko\u0144c\u00f3wkach (kg): 600<\/li>\n<\/ul>\n<p>&nbsp;<\/p>\n<h2>Waga \/ wymiary:<\/h2>\n<ul>\n<li>D\u0142ugo\u015b\u0107 ca\u0142kowita (mm): 2865<\/li>\n<li>Wysoko\u015b\u0107 ca\u0142kowita (mm):<\/li>\n<\/ul>\n<p>RA: 2374<br \/>\n2034(K)<br \/>\nAS : 2370<br \/>\n2030 (K)<\/p>\n<ul>\n<li>Szeroko\u015b\u0107 ca\u0142kowita (mm)<\/li>\n<\/ul>\n<p>RA: 1228<br \/>\nAS: 1099<\/p>\n<p>Waga z ogumieniem standardowym (kg): 810<\/p>\n<p>&nbsp;<\/p>\n<p>A = Nap\u0119d na wszystkie ko\u0142a<br \/>\nH = Hydrostat<br \/>\nK = Kabina<br \/>\nL = Wspomaganie kierownicy<br \/>\nAS = Opony rolnicze<br \/>\nRA = Ogumienie na trawniki<br \/>\n1 zmierzone przez producenta<br \/>\n2 z mo\u017cliwie najwi\u0119kszym ogumieniem<\/p>\n","protected":false},"excerpt":{"rendered":"<p>Dane techniczne: Model: TM 3217 AL(K) Silnik: Rodzaj paliwa: Diesel  [&#8230;]<\/p>\n","protected":false},"featured_media":1025,"template":"","meta":[],"product_brand":[],"product_cat":[32],"product_tag":[230,236,235,229,228],"class_list":{"0":"post-887","1":"product","2":"type-product","3":"status-publish","4":"has-post-thumbnail","6":"product_cat-ciagniki-mini","7":"product_tag-iseki","8":"product_tag-tm-3217-al","9":"product_tag-traktorekkomunalny","10":"product_tag-traktorkomunalny","11":"product_tag-traktorrolniczy","13":"first","14":"instock","15":"shipping-taxable","16":"purchasable","17":"product-type-simple"},"yoast_head":"<!-- This site is optimized with the Yoast SEO plugin v27.5 - https:\/\/yoast.com\/product\/yoast-seo-wordpress\/ -->\n<title>Traktor ogrodowy, komunalny TM 3217 AL(K) - ISEKI - HBT Roltrac<\/title>\n<meta name=\"description\" content=\"Doskona\u0142y do prac miejskich. Nawet, gdy masz ogromny teren do obs\u0142ugi, TM32 nigdy Ci\u0119 nie zawiedzie. Maszyna i osprz\u0119ty s\u0105 dok\u0142adnie przemy\u015blane i dostosowane do miejskich zada\u0144. Niewielka szeroko\u015b\u0107 zewn\u0119trzna, rozbudowana hydraulika, r\u00f3\u017cne warianty skrzyni bieg\u00f3w, niski poziom ha\u0142asu w wersji z kabin\u0105. Bierzemy odpowiedzialno\u015b\u0107, \u017ce maszyna si\u0119 sprawdzi. My\u015blimy innowacyjnie i mamy za sob\u0105 lata do\u015bwiadczenia.\" \/>\n<meta name=\"robots\" content=\"index, follow, max-snippet:-1, max-image-preview:large, max-video-preview:-1\" \/>\n<link rel=\"canonical\" href=\"https:\/\/hbt.com.pl\/maszyny\/produkt\/traktor-ogrodowy-komunalny-tm-3217-alk-iseki\/\" \/>\n<meta property=\"og:locale\" content=\"pl_PL\" \/>\n<meta property=\"og:type\" content=\"article\" \/>\n<meta property=\"og:title\" content=\"Traktor ogrodowy, komunalny TM 3217 AL(K) - ISEKI - HBT Roltrac\" \/>\n<meta property=\"og:description\" content=\"Doskona\u0142y do prac miejskich. Nawet, gdy masz ogromny teren do obs\u0142ugi, TM32 nigdy Ci\u0119 nie zawiedzie. Maszyna i osprz\u0119ty s\u0105 dok\u0142adnie przemy\u015blane i dostosowane do miejskich zada\u0144. Niewielka szeroko\u015b\u0107 zewn\u0119trzna, rozbudowana hydraulika, r\u00f3\u017cne warianty skrzyni bieg\u00f3w, niski poziom ha\u0142asu w wersji z kabin\u0105. Bierzemy odpowiedzialno\u015b\u0107, \u017ce maszyna si\u0119 sprawdzi. My\u015blimy innowacyjnie i mamy za sob\u0105 lata do\u015bwiadczenia.\" \/>\n<meta property=\"og:url\" content=\"https:\/\/hbt.com.pl\/maszyny\/produkt\/traktor-ogrodowy-komunalny-tm-3217-alk-iseki\/\" \/>\n<meta property=\"og:site_name\" content=\"HBT Roltrac\" \/>\n<meta property=\"article:modified_time\" content=\"2024-05-28T14:00:23+00:00\" \/>\n<meta property=\"og:image\" content=\"https:\/\/hbt.com.pl\/maszyny\/wp-content\/uploads\/2023\/12\/IMG_2754.jpeg\" \/>\n\t<meta property=\"og:image:width\" content=\"1436\" \/>\n\t<meta property=\"og:image:height\" content=\"1920\" \/>\n\t<meta property=\"og:image:type\" content=\"image\/jpeg\" \/>\n<meta name=\"twitter:card\" content=\"summary_large_image\" \/>\n<meta name=\"twitter:label1\" content=\"Szacowany czas czytania\" \/>\n\t<meta name=\"twitter:data1\" content=\"2 minuty\" \/>\n<script type=\"application\/ld+json\" class=\"yoast-schema-graph\">{\"@context\":\"https:\\\/\\\/schema.org\",\"@graph\":[{\"@type\":\"WebPage\",\"@id\":\"https:\\\/\\\/hbt.com.pl\\\/maszyny\\\/produkt\\\/traktor-ogrodowy-komunalny-tm-3217-alk-iseki\\\/\",\"url\":\"https:\\\/\\\/hbt.com.pl\\\/maszyny\\\/produkt\\\/traktor-ogrodowy-komunalny-tm-3217-alk-iseki\\\/\",\"name\":\"Traktor ogrodowy, komunalny TM 3217 AL(K) - ISEKI - HBT Roltrac\",\"isPartOf\":{\"@id\":\"https:\\\/\\\/hbt.com.pl\\\/maszyny\\\/#website\"},\"primaryImageOfPage\":{\"@id\":\"https:\\\/\\\/hbt.com.pl\\\/maszyny\\\/produkt\\\/traktor-ogrodowy-komunalny-tm-3217-alk-iseki\\\/#primaryimage\"},\"image\":{\"@id\":\"https:\\\/\\\/hbt.com.pl\\\/maszyny\\\/produkt\\\/traktor-ogrodowy-komunalny-tm-3217-alk-iseki\\\/#primaryimage\"},\"thumbnailUrl\":\"https:\\\/\\\/hbt.com.pl\\\/maszyny\\\/wp-content\\\/uploads\\\/2023\\\/12\\\/IMG_2754.jpeg\",\"datePublished\":\"2023-12-27T07:53:13+00:00\",\"dateModified\":\"2024-05-28T14:00:23+00:00\",\"description\":\"Doskona\u0142y do prac miejskich. Nawet, gdy masz ogromny teren do obs\u0142ugi, TM32 nigdy Ci\u0119 nie zawiedzie. Maszyna i osprz\u0119ty s\u0105 dok\u0142adnie przemy\u015blane i dostosowane do miejskich zada\u0144. Niewielka szeroko\u015b\u0107 zewn\u0119trzna, rozbudowana hydraulika, r\u00f3\u017cne warianty skrzyni bieg\u00f3w, niski poziom ha\u0142asu w wersji z kabin\u0105. Bierzemy odpowiedzialno\u015b\u0107, \u017ce maszyna si\u0119 sprawdzi. My\u015blimy innowacyjnie i mamy za sob\u0105 lata do\u015bwiadczenia.\",\"breadcrumb\":{\"@id\":\"https:\\\/\\\/hbt.com.pl\\\/maszyny\\\/produkt\\\/traktor-ogrodowy-komunalny-tm-3217-alk-iseki\\\/#breadcrumb\"},\"inLanguage\":\"pl-PL\",\"potentialAction\":[{\"@type\":\"ReadAction\",\"target\":[\"https:\\\/\\\/hbt.com.pl\\\/maszyny\\\/produkt\\\/traktor-ogrodowy-komunalny-tm-3217-alk-iseki\\\/\"]}]},{\"@type\":\"ImageObject\",\"inLanguage\":\"pl-PL\",\"@id\":\"https:\\\/\\\/hbt.com.pl\\\/maszyny\\\/produkt\\\/traktor-ogrodowy-komunalny-tm-3217-alk-iseki\\\/#primaryimage\",\"url\":\"https:\\\/\\\/hbt.com.pl\\\/maszyny\\\/wp-content\\\/uploads\\\/2023\\\/12\\\/IMG_2754.jpeg\",\"contentUrl\":\"https:\\\/\\\/hbt.com.pl\\\/maszyny\\\/wp-content\\\/uploads\\\/2023\\\/12\\\/IMG_2754.jpeg\",\"width\":1436,\"height\":1920},{\"@type\":\"BreadcrumbList\",\"@id\":\"https:\\\/\\\/hbt.com.pl\\\/maszyny\\\/produkt\\\/traktor-ogrodowy-komunalny-tm-3217-alk-iseki\\\/#breadcrumb\",\"itemListElement\":[{\"@type\":\"ListItem\",\"position\":1,\"name\":\"Strona g\u0142\u00f3wna\",\"item\":\"https:\\\/\\\/hbt.com.pl\\\/maszyny\\\/\"},{\"@type\":\"ListItem\",\"position\":2,\"name\":\"Maszyny rolnicze u\u017cywane\",\"item\":\"https:\\\/\\\/hbt.com.pl\\\/maszyny\\\/maszyny-uzywane\\\/\"},{\"@type\":\"ListItem\",\"position\":3,\"name\":\"Traktor ogrodowy, komunalny TM 3217 AL(K) &#8211; ISEKI\"}]},{\"@type\":\"WebSite\",\"@id\":\"https:\\\/\\\/hbt.com.pl\\\/maszyny\\\/#website\",\"url\":\"https:\\\/\\\/hbt.com.pl\\\/maszyny\\\/\",\"name\":\"HBT Roltrac\",\"description\":\"\",\"potentialAction\":[{\"@type\":\"SearchAction\",\"target\":{\"@type\":\"EntryPoint\",\"urlTemplate\":\"https:\\\/\\\/hbt.com.pl\\\/maszyny\\\/?s={search_term_string}\"},\"query-input\":{\"@type\":\"PropertyValueSpecification\",\"valueRequired\":true,\"valueName\":\"search_term_string\"}}],\"inLanguage\":\"pl-PL\"}]}<\/script>\n<!-- \/ Yoast SEO plugin. -->","yoast_head_json":{"title":"Traktor ogrodowy, komunalny TM 3217 AL(K) - ISEKI - HBT Roltrac","description":"Doskona\u0142y do prac miejskich. Nawet, gdy masz ogromny teren do obs\u0142ugi, TM32 nigdy Ci\u0119 nie zawiedzie. Maszyna i osprz\u0119ty s\u0105 dok\u0142adnie przemy\u015blane i dostosowane do miejskich zada\u0144. Niewielka szeroko\u015b\u0107 zewn\u0119trzna, rozbudowana hydraulika, r\u00f3\u017cne warianty skrzyni bieg\u00f3w, niski poziom ha\u0142asu w wersji z kabin\u0105. Bierzemy odpowiedzialno\u015b\u0107, \u017ce maszyna si\u0119 sprawdzi. My\u015blimy innowacyjnie i mamy za sob\u0105 lata do\u015bwiadczenia.","robots":{"index":"index","follow":"follow","max-snippet":"max-snippet:-1","max-image-preview":"max-image-preview:large","max-video-preview":"max-video-preview:-1"},"canonical":"https:\/\/hbt.com.pl\/maszyny\/produkt\/traktor-ogrodowy-komunalny-tm-3217-alk-iseki\/","og_locale":"pl_PL","og_type":"article","og_title":"Traktor ogrodowy, komunalny TM 3217 AL(K) - ISEKI - HBT Roltrac","og_description":"Doskona\u0142y do prac miejskich. Nawet, gdy masz ogromny teren do obs\u0142ugi, TM32 nigdy Ci\u0119 nie zawiedzie. Maszyna i osprz\u0119ty s\u0105 dok\u0142adnie przemy\u015blane i dostosowane do miejskich zada\u0144. Niewielka szeroko\u015b\u0107 zewn\u0119trzna, rozbudowana hydraulika, r\u00f3\u017cne warianty skrzyni bieg\u00f3w, niski poziom ha\u0142asu w wersji z kabin\u0105. Bierzemy odpowiedzialno\u015b\u0107, \u017ce maszyna si\u0119 sprawdzi. My\u015blimy innowacyjnie i mamy za sob\u0105 lata do\u015bwiadczenia.","og_url":"https:\/\/hbt.com.pl\/maszyny\/produkt\/traktor-ogrodowy-komunalny-tm-3217-alk-iseki\/","og_site_name":"HBT Roltrac","article_modified_time":"2024-05-28T14:00:23+00:00","og_image":[{"width":1436,"height":1920,"url":"https:\/\/hbt.com.pl\/maszyny\/wp-content\/uploads\/2023\/12\/IMG_2754.jpeg","type":"image\/jpeg"}],"twitter_card":"summary_large_image","twitter_misc":{"Szacowany czas czytania":"2 minuty"},"schema":{"@context":"https:\/\/schema.org","@graph":[{"@type":"WebPage","@id":"https:\/\/hbt.com.pl\/maszyny\/produkt\/traktor-ogrodowy-komunalny-tm-3217-alk-iseki\/","url":"https:\/\/hbt.com.pl\/maszyny\/produkt\/traktor-ogrodowy-komunalny-tm-3217-alk-iseki\/","name":"Traktor ogrodowy, komunalny TM 3217 AL(K) - ISEKI - HBT Roltrac","isPartOf":{"@id":"https:\/\/hbt.com.pl\/maszyny\/#website"},"primaryImageOfPage":{"@id":"https:\/\/hbt.com.pl\/maszyny\/produkt\/traktor-ogrodowy-komunalny-tm-3217-alk-iseki\/#primaryimage"},"image":{"@id":"https:\/\/hbt.com.pl\/maszyny\/produkt\/traktor-ogrodowy-komunalny-tm-3217-alk-iseki\/#primaryimage"},"thumbnailUrl":"https:\/\/hbt.com.pl\/maszyny\/wp-content\/uploads\/2023\/12\/IMG_2754.jpeg","datePublished":"2023-12-27T07:53:13+00:00","dateModified":"2024-05-28T14:00:23+00:00","description":"Doskona\u0142y do prac miejskich. Nawet, gdy masz ogromny teren do obs\u0142ugi, TM32 nigdy Ci\u0119 nie zawiedzie. Maszyna i osprz\u0119ty s\u0105 dok\u0142adnie przemy\u015blane i dostosowane do miejskich zada\u0144. Niewielka szeroko\u015b\u0107 zewn\u0119trzna, rozbudowana hydraulika, r\u00f3\u017cne warianty skrzyni bieg\u00f3w, niski poziom ha\u0142asu w wersji z kabin\u0105. Bierzemy odpowiedzialno\u015b\u0107, \u017ce maszyna si\u0119 sprawdzi. My\u015blimy innowacyjnie i mamy za sob\u0105 lata do\u015bwiadczenia.","breadcrumb":{"@id":"https:\/\/hbt.com.pl\/maszyny\/produkt\/traktor-ogrodowy-komunalny-tm-3217-alk-iseki\/#breadcrumb"},"inLanguage":"pl-PL","potentialAction":[{"@type":"ReadAction","target":["https:\/\/hbt.com.pl\/maszyny\/produkt\/traktor-ogrodowy-komunalny-tm-3217-alk-iseki\/"]}]},{"@type":"ImageObject","inLanguage":"pl-PL","@id":"https:\/\/hbt.com.pl\/maszyny\/produkt\/traktor-ogrodowy-komunalny-tm-3217-alk-iseki\/#primaryimage","url":"https:\/\/hbt.com.pl\/maszyny\/wp-content\/uploads\/2023\/12\/IMG_2754.jpeg","contentUrl":"https:\/\/hbt.com.pl\/maszyny\/wp-content\/uploads\/2023\/12\/IMG_2754.jpeg","width":1436,"height":1920},{"@type":"BreadcrumbList","@id":"https:\/\/hbt.com.pl\/maszyny\/produkt\/traktor-ogrodowy-komunalny-tm-3217-alk-iseki\/#breadcrumb","itemListElement":[{"@type":"ListItem","position":1,"name":"Strona g\u0142\u00f3wna","item":"https:\/\/hbt.com.pl\/maszyny\/"},{"@type":"ListItem","position":2,"name":"Maszyny rolnicze u\u017cywane","item":"https:\/\/hbt.com.pl\/maszyny\/maszyny-uzywane\/"},{"@type":"ListItem","position":3,"name":"Traktor ogrodowy, komunalny TM 3217 AL(K) &#8211; ISEKI"}]},{"@type":"WebSite","@id":"https:\/\/hbt.com.pl\/maszyny\/#website","url":"https:\/\/hbt.com.pl\/maszyny\/","name":"HBT Roltrac","description":"","potentialAction":[{"@type":"SearchAction","target":{"@type":"EntryPoint","urlTemplate":"https:\/\/hbt.com.pl\/maszyny\/?s={search_term_string}"},"query-input":{"@type":"PropertyValueSpecification","valueRequired":true,"valueName":"search_term_string"}}],"inLanguage":"pl-PL"}]}},"_links":{"self":[{"href":"https:\/\/hbt.com.pl\/maszyny\/wp-json\/wp\/v2\/product\/887","targetHints":{"allow":["GET"]}}],"collection":[{"href":"https:\/\/hbt.com.pl\/maszyny\/wp-json\/wp\/v2\/product"}],"about":[{"href":"https:\/\/hbt.com.pl\/maszyny\/wp-json\/wp\/v2\/types\/product"}],"wp:featuredmedia":[{"embeddable":true,"href":"https:\/\/hbt.com.pl\/maszyny\/wp-json\/wp\/v2\/media\/1025"}],"wp:attachment":[{"href":"https:\/\/hbt.com.pl\/maszyny\/wp-json\/wp\/v2\/media?parent=887"}],"wp:term":[{"taxonomy":"product_brand","embeddable":true,"href":"https:\/\/hbt.com.pl\/maszyny\/wp-json\/wp\/v2\/product_brand?post=887"},{"taxonomy":"product_cat","embeddable":true,"href":"https:\/\/hbt.com.pl\/maszyny\/wp-json\/wp\/v2\/product_cat?post=887"},{"taxonomy":"product_tag","embeddable":true,"href":"https:\/\/hbt.com.pl\/maszyny\/wp-json\/wp\/v2\/product_tag?post=887"}],"curies":[{"name":"wp","href":"https:\/\/api.w.org\/{rel}","templated":true}]}}