{"id":883,"date":"2023-12-22T14:57:49","date_gmt":"2023-12-22T13:57:49","guid":{"rendered":"https:\/\/hbt.com.pl\/maszyny\/?post_type=product&#038;p=883"},"modified":"2024-05-28T15:52:23","modified_gmt":"2024-05-28T13:52:23","slug":"traktor-rolniczy-komunalny-iseki-tm-3187al","status":"publish","type":"product","link":"https:\/\/hbt.com.pl\/maszyny\/produkt\/traktor-rolniczy-komunalny-iseki-tm-3187al\/","title":{"rendered":"Traktor rolniczy, komunalny &#8211; ISEKI TM 3187AL"},"content":{"rendered":"<h2>Dane techniczne:<\/h2>\n<ul>\n<li><strong>Model: <\/strong>TM 3187 AL<\/li>\n<\/ul>\n<h2><strong>Silnik:\u00a0<\/strong><\/h2>\n<ul>\n<li><strong>Rodzaj paliwa:<\/strong> Diesel<\/li>\n<li><strong>Producent:\u00a0<\/strong>Yanmar<\/li>\n<li><strong>Ilo\u015b\u0107 cylindr\u00f3w:<\/strong> 3<\/li>\n<li><strong>Pojemno\u015b\u0107 skokowa (cm3):<\/strong> 854<\/li>\n<li><strong>Nominalna pr\u0119dko\u015b\u0107 obrotowa (obr.\/min): <\/strong>2800<\/li>\n<li><strong>Moc silnika maks.(KM)1:\u00a0<\/strong>17<\/li>\n<li><strong>Moc wg ECE R120 (kW):\u00a0<\/strong>11,5<\/li>\n<li><strong>Moc wg ECE R120 (PS): <\/strong>15,6<\/li>\n<li><strong>Moment obrotowy (Nm) przy obrotach: <\/strong>44,6\/2000<strong><br \/>\n<\/strong><\/li>\n<\/ul>\n<p>&nbsp;<\/p>\n<h2>Przek\u0142adnia:<\/h2>\n<ul>\n<li><strong>Przek\u0142adnia:\u00a0<\/strong>Manualna 6\/2<\/li>\n<li><strong>Maks. pr\u0119dko\u015b\u0107 podczas jazdy w prz\u00f3d2 (km\/h): <\/strong>21<\/li>\n<\/ul>\n<p>&nbsp;<\/p>\n<h2><strong>Osie:<\/strong><\/h2>\n<ul>\n<li><strong>Nap\u0119d na wszystkie osie:<\/strong> Standard (roz\u0142\u0105czany manualnie)<\/li>\n<\/ul>\n<p>&nbsp;<\/p>\n<h2><strong>Wa\u0142y odbioru mocy:<\/strong><\/h2>\n<ul>\n<li><strong>Pr\u0119dko\u015b\u0107 obrotowa tylnego WOM (obr.\/min):\u00a0<\/strong>540<\/li>\n<\/ul>\n<p>&nbsp;<\/p>\n<h2><strong>Podno\u015bnik tylny:<\/strong><\/h2>\n<ul>\n<li><strong>Kategoria:<\/strong> Kat. 0<\/li>\n<li><strong>Ud\u017awig na ko\u0144c\u00f3wkach ramion (kg):<\/strong> 540<\/li>\n<\/ul>\n<p>&nbsp;<\/p>\n<h2><strong>Waga\/wymiary:<\/strong><\/h2>\n<ul>\n<li>D\u0142ugo\u015b\u0107 ca\u0142kowita (mm): 2350<\/li>\n<li>Wysoko\u015b\u0107 ca\u0142kowita (mm):<\/li>\n<\/ul>\n<p>RA: 2220<br \/>\n\u2013<br \/>\nAS : 2280<br \/>\n\u2013<br \/>\nAS : 2<\/p>\n<ul>\n<li>Szeroko\u015b\u0107 ca\u0142kowita (mm)<\/li>\n<\/ul>\n<p>RA: 1085<br \/>\nAS: 1110<\/p>\n<ul>\n<li>Waga z ogumieniem<br \/>\nstandardowym (kg): 580<\/li>\n<\/ul>\n<p>&nbsp;<\/p>\n<p>&nbsp;<\/p>\n<p>A = Nap\u0119d na wszystkie ko\u0142a<br \/>\nK = Kabina<br \/>\nL = Hydrauliczne wspomaganie kierownicy<br \/>\nAS = Opony rolnicze<br \/>\nRA = Ogumienie na trawniki<br \/>\n1 dane zmierzone przez producenta<br \/>\n2 z mo\u017cliwie najwi\u0119kszym ogumienie<\/p>\n","protected":false},"excerpt":{"rendered":"<p>Dane techniczne: Model: TM 3187 AL Silnik:\u00a0 Rodzaj paliwa: Diesel  [&#8230;]<\/p>\n","protected":false},"featured_media":1023,"template":"","meta":[],"product_brand":[],"product_cat":[32],"product_tag":[230,234,233,229,228],"class_list":{"0":"post-883","1":"product","2":"type-product","3":"status-publish","4":"has-post-thumbnail","6":"product_cat-ciagniki-mini","7":"product_tag-iseki","8":"product_tag-iseki-tm-3187al","9":"product_tag-traktorekkomunalnyiseki","10":"product_tag-traktorkomunalny","11":"product_tag-traktorrolniczy","13":"first","14":"instock","15":"shipping-taxable","16":"purchasable","17":"product-type-simple"},"yoast_head":"<!-- This site is optimized with the Yoast SEO plugin v27.5 - https:\/\/yoast.com\/product\/yoast-seo-wordpress\/ -->\n<title>Traktor rolniczy, komunalny - ISEKI TM 3187AL - HBT Roltrac<\/title>\n<meta name=\"robots\" content=\"index, follow, max-snippet:-1, max-image-preview:large, max-video-preview:-1\" \/>\n<link rel=\"canonical\" href=\"https:\/\/hbt.com.pl\/maszyny\/produkt\/traktor-rolniczy-komunalny-iseki-tm-3187al\/\" \/>\n<meta property=\"og:locale\" content=\"pl_PL\" \/>\n<meta property=\"og:type\" content=\"article\" \/>\n<meta property=\"og:title\" content=\"Traktor rolniczy, komunalny - ISEKI TM 3187AL - HBT Roltrac\" \/>\n<meta property=\"og:description\" content=\"Dane techniczne: Model: TM 3187 AL Silnik:\u00a0 Rodzaj paliwa: Diesel [...]\" \/>\n<meta property=\"og:url\" content=\"https:\/\/hbt.com.pl\/maszyny\/produkt\/traktor-rolniczy-komunalny-iseki-tm-3187al\/\" \/>\n<meta property=\"og:site_name\" content=\"HBT Roltrac\" \/>\n<meta property=\"article:modified_time\" content=\"2024-05-28T13:52:23+00:00\" \/>\n<meta property=\"og:image\" content=\"https:\/\/hbt.com.pl\/maszyny\/wp-content\/uploads\/2023\/12\/IMG_2755.jpeg\" \/>\n\t<meta property=\"og:image:width\" content=\"1436\" \/>\n\t<meta property=\"og:image:height\" content=\"1920\" \/>\n\t<meta property=\"og:image:type\" content=\"image\/jpeg\" \/>\n<meta name=\"twitter:card\" content=\"summary_large_image\" \/>\n<meta name=\"twitter:label1\" content=\"Szacowany czas czytania\" \/>\n\t<meta name=\"twitter:data1\" content=\"1 minuta\" \/>\n<script type=\"application\/ld+json\" class=\"yoast-schema-graph\">{\"@context\":\"https:\\\/\\\/schema.org\",\"@graph\":[{\"@type\":\"WebPage\",\"@id\":\"https:\\\/\\\/hbt.com.pl\\\/maszyny\\\/produkt\\\/traktor-rolniczy-komunalny-iseki-tm-3187al\\\/\",\"url\":\"https:\\\/\\\/hbt.com.pl\\\/maszyny\\\/produkt\\\/traktor-rolniczy-komunalny-iseki-tm-3187al\\\/\",\"name\":\"Traktor rolniczy, komunalny - ISEKI TM 3187AL - HBT Roltrac\",\"isPartOf\":{\"@id\":\"https:\\\/\\\/hbt.com.pl\\\/maszyny\\\/#website\"},\"primaryImageOfPage\":{\"@id\":\"https:\\\/\\\/hbt.com.pl\\\/maszyny\\\/produkt\\\/traktor-rolniczy-komunalny-iseki-tm-3187al\\\/#primaryimage\"},\"image\":{\"@id\":\"https:\\\/\\\/hbt.com.pl\\\/maszyny\\\/produkt\\\/traktor-rolniczy-komunalny-iseki-tm-3187al\\\/#primaryimage\"},\"thumbnailUrl\":\"https:\\\/\\\/hbt.com.pl\\\/maszyny\\\/wp-content\\\/uploads\\\/2023\\\/12\\\/IMG_2755.jpeg\",\"datePublished\":\"2023-12-22T13:57:49+00:00\",\"dateModified\":\"2024-05-28T13:52:23+00:00\",\"breadcrumb\":{\"@id\":\"https:\\\/\\\/hbt.com.pl\\\/maszyny\\\/produkt\\\/traktor-rolniczy-komunalny-iseki-tm-3187al\\\/#breadcrumb\"},\"inLanguage\":\"pl-PL\",\"potentialAction\":[{\"@type\":\"ReadAction\",\"target\":[\"https:\\\/\\\/hbt.com.pl\\\/maszyny\\\/produkt\\\/traktor-rolniczy-komunalny-iseki-tm-3187al\\\/\"]}]},{\"@type\":\"ImageObject\",\"inLanguage\":\"pl-PL\",\"@id\":\"https:\\\/\\\/hbt.com.pl\\\/maszyny\\\/produkt\\\/traktor-rolniczy-komunalny-iseki-tm-3187al\\\/#primaryimage\",\"url\":\"https:\\\/\\\/hbt.com.pl\\\/maszyny\\\/wp-content\\\/uploads\\\/2023\\\/12\\\/IMG_2755.jpeg\",\"contentUrl\":\"https:\\\/\\\/hbt.com.pl\\\/maszyny\\\/wp-content\\\/uploads\\\/2023\\\/12\\\/IMG_2755.jpeg\",\"width\":1436,\"height\":1920},{\"@type\":\"BreadcrumbList\",\"@id\":\"https:\\\/\\\/hbt.com.pl\\\/maszyny\\\/produkt\\\/traktor-rolniczy-komunalny-iseki-tm-3187al\\\/#breadcrumb\",\"itemListElement\":[{\"@type\":\"ListItem\",\"position\":1,\"name\":\"Strona g\u0142\u00f3wna\",\"item\":\"https:\\\/\\\/hbt.com.pl\\\/maszyny\\\/\"},{\"@type\":\"ListItem\",\"position\":2,\"name\":\"Maszyny rolnicze u\u017cywane\",\"item\":\"https:\\\/\\\/hbt.com.pl\\\/maszyny\\\/maszyny-uzywane\\\/\"},{\"@type\":\"ListItem\",\"position\":3,\"name\":\"Traktor rolniczy, komunalny &#8211; ISEKI TM 3187AL\"}]},{\"@type\":\"WebSite\",\"@id\":\"https:\\\/\\\/hbt.com.pl\\\/maszyny\\\/#website\",\"url\":\"https:\\\/\\\/hbt.com.pl\\\/maszyny\\\/\",\"name\":\"HBT Roltrac\",\"description\":\"\",\"potentialAction\":[{\"@type\":\"SearchAction\",\"target\":{\"@type\":\"EntryPoint\",\"urlTemplate\":\"https:\\\/\\\/hbt.com.pl\\\/maszyny\\\/?s={search_term_string}\"},\"query-input\":{\"@type\":\"PropertyValueSpecification\",\"valueRequired\":true,\"valueName\":\"search_term_string\"}}],\"inLanguage\":\"pl-PL\"}]}<\/script>\n<!-- \/ Yoast SEO plugin. -->","yoast_head_json":{"title":"Traktor rolniczy, komunalny - ISEKI TM 3187AL - HBT Roltrac","robots":{"index":"index","follow":"follow","max-snippet":"max-snippet:-1","max-image-preview":"max-image-preview:large","max-video-preview":"max-video-preview:-1"},"canonical":"https:\/\/hbt.com.pl\/maszyny\/produkt\/traktor-rolniczy-komunalny-iseki-tm-3187al\/","og_locale":"pl_PL","og_type":"article","og_title":"Traktor rolniczy, komunalny - ISEKI TM 3187AL - HBT Roltrac","og_description":"Dane techniczne: Model: TM 3187 AL Silnik:\u00a0 Rodzaj paliwa: Diesel [...]","og_url":"https:\/\/hbt.com.pl\/maszyny\/produkt\/traktor-rolniczy-komunalny-iseki-tm-3187al\/","og_site_name":"HBT Roltrac","article_modified_time":"2024-05-28T13:52:23+00:00","og_image":[{"width":1436,"height":1920,"url":"https:\/\/hbt.com.pl\/maszyny\/wp-content\/uploads\/2023\/12\/IMG_2755.jpeg","type":"image\/jpeg"}],"twitter_card":"summary_large_image","twitter_misc":{"Szacowany czas czytania":"1 minuta"},"schema":{"@context":"https:\/\/schema.org","@graph":[{"@type":"WebPage","@id":"https:\/\/hbt.com.pl\/maszyny\/produkt\/traktor-rolniczy-komunalny-iseki-tm-3187al\/","url":"https:\/\/hbt.com.pl\/maszyny\/produkt\/traktor-rolniczy-komunalny-iseki-tm-3187al\/","name":"Traktor rolniczy, komunalny - ISEKI TM 3187AL - HBT Roltrac","isPartOf":{"@id":"https:\/\/hbt.com.pl\/maszyny\/#website"},"primaryImageOfPage":{"@id":"https:\/\/hbt.com.pl\/maszyny\/produkt\/traktor-rolniczy-komunalny-iseki-tm-3187al\/#primaryimage"},"image":{"@id":"https:\/\/hbt.com.pl\/maszyny\/produkt\/traktor-rolniczy-komunalny-iseki-tm-3187al\/#primaryimage"},"thumbnailUrl":"https:\/\/hbt.com.pl\/maszyny\/wp-content\/uploads\/2023\/12\/IMG_2755.jpeg","datePublished":"2023-12-22T13:57:49+00:00","dateModified":"2024-05-28T13:52:23+00:00","breadcrumb":{"@id":"https:\/\/hbt.com.pl\/maszyny\/produkt\/traktor-rolniczy-komunalny-iseki-tm-3187al\/#breadcrumb"},"inLanguage":"pl-PL","potentialAction":[{"@type":"ReadAction","target":["https:\/\/hbt.com.pl\/maszyny\/produkt\/traktor-rolniczy-komunalny-iseki-tm-3187al\/"]}]},{"@type":"ImageObject","inLanguage":"pl-PL","@id":"https:\/\/hbt.com.pl\/maszyny\/produkt\/traktor-rolniczy-komunalny-iseki-tm-3187al\/#primaryimage","url":"https:\/\/hbt.com.pl\/maszyny\/wp-content\/uploads\/2023\/12\/IMG_2755.jpeg","contentUrl":"https:\/\/hbt.com.pl\/maszyny\/wp-content\/uploads\/2023\/12\/IMG_2755.jpeg","width":1436,"height":1920},{"@type":"BreadcrumbList","@id":"https:\/\/hbt.com.pl\/maszyny\/produkt\/traktor-rolniczy-komunalny-iseki-tm-3187al\/#breadcrumb","itemListElement":[{"@type":"ListItem","position":1,"name":"Strona g\u0142\u00f3wna","item":"https:\/\/hbt.com.pl\/maszyny\/"},{"@type":"ListItem","position":2,"name":"Maszyny rolnicze u\u017cywane","item":"https:\/\/hbt.com.pl\/maszyny\/maszyny-uzywane\/"},{"@type":"ListItem","position":3,"name":"Traktor rolniczy, komunalny &#8211; ISEKI TM 3187AL"}]},{"@type":"WebSite","@id":"https:\/\/hbt.com.pl\/maszyny\/#website","url":"https:\/\/hbt.com.pl\/maszyny\/","name":"HBT Roltrac","description":"","potentialAction":[{"@type":"SearchAction","target":{"@type":"EntryPoint","urlTemplate":"https:\/\/hbt.com.pl\/maszyny\/?s={search_term_string}"},"query-input":{"@type":"PropertyValueSpecification","valueRequired":true,"valueName":"search_term_string"}}],"inLanguage":"pl-PL"}]}},"_links":{"self":[{"href":"https:\/\/hbt.com.pl\/maszyny\/wp-json\/wp\/v2\/product\/883","targetHints":{"allow":["GET"]}}],"collection":[{"href":"https:\/\/hbt.com.pl\/maszyny\/wp-json\/wp\/v2\/product"}],"about":[{"href":"https:\/\/hbt.com.pl\/maszyny\/wp-json\/wp\/v2\/types\/product"}],"wp:featuredmedia":[{"embeddable":true,"href":"https:\/\/hbt.com.pl\/maszyny\/wp-json\/wp\/v2\/media\/1023"}],"wp:attachment":[{"href":"https:\/\/hbt.com.pl\/maszyny\/wp-json\/wp\/v2\/media?parent=883"}],"wp:term":[{"taxonomy":"product_brand","embeddable":true,"href":"https:\/\/hbt.com.pl\/maszyny\/wp-json\/wp\/v2\/product_brand?post=883"},{"taxonomy":"product_cat","embeddable":true,"href":"https:\/\/hbt.com.pl\/maszyny\/wp-json\/wp\/v2\/product_cat?post=883"},{"taxonomy":"product_tag","embeddable":true,"href":"https:\/\/hbt.com.pl\/maszyny\/wp-json\/wp\/v2\/product_tag?post=883"}],"curies":[{"name":"wp","href":"https:\/\/api.w.org\/{rel}","templated":true}]}}