{"id":875,"date":"2023-12-22T12:56:26","date_gmt":"2023-12-22T11:56:26","guid":{"rendered":"https:\/\/hbt.com.pl\/maszyny\/?post_type=product&#038;p=875"},"modified":"2024-05-28T16:03:15","modified_gmt":"2024-05-28T14:03:15","slug":"traktor-rolniczy-komunalny-iseki-tle3410-al-4x4-wyprzedaz","status":"publish","type":"product","link":"https:\/\/hbt.com.pl\/maszyny\/produkt\/traktor-rolniczy-komunalny-iseki-tle3410-al-4x4-wyprzedaz\/","title":{"rendered":"Traktor rolniczy, komunalny &#8211; ISEKI TLE3410 AL 4&#215;4 &#8211; WYPRZEDA\u017b"},"content":{"rendered":"<p><strong>ISEKI TLE 3410<\/strong> to uniwersalny ci\u0105gnik serii ECO zapewnia nadzwyczajn\u0105 zwrotno\u015b\u0107 przy kompaktowych rozmiarach. Te walory sprawiaj\u0105, \u017ce ci\u0105gnik jest popularn\u0105 maszyn\u0105 wybieran\u0105 przez rolnik\u00f3w, ogrodnik\u00f3w i zak\u0142ady komunalne. Ci\u0105gnik ten jest wszechstronny i mo\u017ce by\u0107 u\u017cywany do koszenia, zamiatania oraz do innych prac ogrodniczych. Jest to r\u00f3wnie\u017c idealne rozwi\u0105zanie do pracy z \u0142adowaczem czo\u0142owym, gdzie wymagana jest wysoka moc. W skr\u00f3cie TLE 3410 to ci\u0105gnik, kt\u00f3ry oferuje wielk\u0105 warto\u015b\u0107 za rozs\u0105dn\u0105 cen\u0119.<\/p>\n<p>&nbsp;<\/p>\n<p>&nbsp;<\/p>\n<p><strong>TLE 3410<\/strong><\/p>\n<ul>\n<li>Turbodo\u0142adowany Silnik 3 cylindrowy<\/li>\n<\/ul>\n<ul>\n<li>Norma emisji spalin Stage V<\/li>\n<\/ul>\n<ul>\n<li>40 KM i 125 Nm Przek\u0142adnia manualna<\/li>\n<\/ul>\n<p>&nbsp;<\/p>\n<p>&nbsp;<\/p>\n<h3>Dane techniczne:<\/h3>\n<p><strong>Model:<\/strong> TLE 3410 AL<\/p>\n<p>&nbsp;<\/p>\n<p><strong>Silnik:<\/strong><\/p>\n<ul>\n<li><strong>Producent:<\/strong> ISEKI<\/li>\n<li><strong>Pojemno\u015b\u0107 (cm3): <\/strong>1826<\/li>\n<li><strong>Ilo\u015b\u0107 cylindr\u00f3w:\u00a0<\/strong>3<\/li>\n<li><strong>Moc (kW (PS)<\/strong>: 29,4 (40) wg ECE R120<\/li>\n<li><strong>Obroty nominalne (U\/min): <\/strong>2600<\/li>\n<li><strong>Maks. moment obrotowy (Nm):<\/strong>125 przy 1600 obr \/min<\/li>\n<li><strong>Norma emisji spalin: <\/strong>Stage V (EU2016\/1628)<\/li>\n<\/ul>\n<p>&nbsp;<\/p>\n<p><strong>Nap\u0119d:<\/strong><\/p>\n<ul>\n<li><strong>Przek\u0142adnia:\u00a0<\/strong>8 bieg\u00f3w<\/li>\n<li><strong>Biegi wsteczne: <\/strong>Rewers<\/li>\n<li><strong>Maks. pr\u0119dko\u015b\u0107 jazdy (km\/h): <\/strong>25,9<\/li>\n<\/ul>\n<p>&nbsp;<\/p>\n<p><strong>Ko\u0142a:<\/strong><\/p>\n<ul>\n<li><strong>Przednie: <\/strong>24 0\/70 R 16<\/li>\n<li><strong>Tylne: <\/strong>11.2 \u2013 24<\/li>\n<li><strong><strong>Rozstaw osi (mm): <\/strong><\/strong>1675<\/li>\n<\/ul>\n<p>&nbsp;<\/p>\n<p><strong>TUZ i WOM<\/strong><\/p>\n<ul>\n<li><strong>Pr\u0119dko\u015b\u0107 WOM (U\/min):<\/strong> 540<\/li>\n<li><strong>Ud\u017awig tylnego TUZ (na ko\u0144c\u00f3wkach) (mm):\u00a0<\/strong>1000<\/li>\n<li><strong>Wydatek pompy hydrauliki roboczej (l\/min): <\/strong>28,3<\/li>\n<\/ul>\n<p>&nbsp;<\/p>\n<p><strong>Wymiary:<\/strong><\/p>\n<ul>\n<li><strong>D\u0142ugo\u015b\u0107 (mm):\u00a0<\/strong>3110<\/li>\n<li><strong>Szeroko\u015b\u0107 (mm): <\/strong>1492<\/li>\n<li><strong>Wysoko\u015b\u0107 ca\u0142kowita (mm):\u00a0<\/strong>2160 (ROPS)<\/li>\n<li><strong>Masa w\u0142asna z ROPS (kg): <\/strong>1405<\/li>\n<\/ul>\n<p>&nbsp;<\/p>\n<p>&nbsp;<\/p>\n<p>&nbsp;<\/p>\n<p>Mo\u017cliwo\u015b\u0107 doposa\u017cenia za dodatkow\u0105 op\u0142at\u0105 w:<\/p>\n<ul>\n<li>Kabin\u0119<\/li>\n<li>Przedni TUZ<\/li>\n<li>\u0141adowacz czo\u0142owy (\u0142y\u017cka 4w1, krokodyl, wid\u0142y)<\/li>\n<li>P\u0142ug \u015bnie\u017cny (hydrauliczny: prosty lub strza\u0142ka)<\/li>\n<li>Rozsiewacz\/posypywarka &#8211; kosiarka bijakowa<\/li>\n<li>Kosiarka bijakowa\/piel\u0119gnacyjna<\/li>\n<li>Kosiarka rotacyjna &#8211; glebogryzarka<\/li>\n<li>Glebogryzarka separacyjna &#8211; brona polowa<\/li>\n<li>P\u0142ug orny 1- lub 2-skibowy<\/li>\n<li>R\u0119bak do ga\u0142\u0119zi &#8211; kopark\u0119 &#8211; wid\u0142y do palet<\/li>\n<li>Przyczep\u0119 z wywrotem hydraulicznym<\/li>\n<li>Skrzyni\u0119 samowy\u0142adowcz\u0105<\/li>\n<li>Kopark\u0119<\/li>\n<li>Zamiatark\u0119 hydrauliczn\u0105<\/li>\n<li>Opryskiwacz<\/li>\n<li>i wiele innych<\/li>\n<\/ul>\n","protected":false},"excerpt":{"rendered":"<p>ISEKI TLE 3410 to uniwersalny ci\u0105gnik serii ECO zapewnia nadzwyczajn\u0105  [&#8230;]<\/p>\n","protected":false},"featured_media":1027,"template":"","meta":[],"product_brand":[],"product_cat":[32],"product_tag":[232,230,231,229,228],"class_list":{"0":"post-875","1":"product","2":"type-product","3":"status-publish","4":"has-post-thumbnail","6":"product_cat-ciagniki-mini","7":"product_tag-3410tleal","8":"product_tag-iseki","9":"product_tag-traktorekiseki","10":"product_tag-traktorkomunalny","11":"product_tag-traktorrolniczy","13":"first","14":"instock","15":"shipping-taxable","16":"purchasable","17":"product-type-simple"},"yoast_head":"<!-- This site is optimized with the Yoast SEO plugin v27.5 - https:\/\/yoast.com\/product\/yoast-seo-wordpress\/ -->\n<title>Traktor rolniczy, komunalny - ISEKI TLE3410 AL 4x4 - WYPRZEDA\u017b - HBT Roltrac<\/title>\n<meta name=\"robots\" content=\"index, follow, max-snippet:-1, max-image-preview:large, max-video-preview:-1\" \/>\n<link rel=\"canonical\" href=\"https:\/\/hbt.com.pl\/maszyny\/produkt\/traktor-rolniczy-komunalny-iseki-tle3410-al-4x4-wyprzedaz\/\" \/>\n<meta property=\"og:locale\" content=\"pl_PL\" \/>\n<meta property=\"og:type\" content=\"article\" \/>\n<meta property=\"og:title\" content=\"Traktor rolniczy, komunalny - ISEKI TLE3410 AL 4x4 - WYPRZEDA\u017b - HBT Roltrac\" \/>\n<meta property=\"og:description\" content=\"ISEKI TLE 3410 to uniwersalny ci\u0105gnik serii ECO zapewnia nadzwyczajn\u0105 [...]\" \/>\n<meta property=\"og:url\" content=\"https:\/\/hbt.com.pl\/maszyny\/produkt\/traktor-rolniczy-komunalny-iseki-tle3410-al-4x4-wyprzedaz\/\" \/>\n<meta property=\"og:site_name\" content=\"HBT Roltrac\" \/>\n<meta property=\"article:modified_time\" content=\"2024-05-28T14:03:15+00:00\" \/>\n<meta property=\"og:image\" content=\"https:\/\/hbt.com.pl\/maszyny\/wp-content\/uploads\/2023\/12\/IMG_2750.jpeg\" \/>\n\t<meta property=\"og:image:width\" content=\"1920\" \/>\n\t<meta property=\"og:image:height\" content=\"1440\" \/>\n\t<meta property=\"og:image:type\" content=\"image\/jpeg\" \/>\n<meta name=\"twitter:card\" content=\"summary_large_image\" \/>\n<meta name=\"twitter:label1\" content=\"Szacowany czas czytania\" \/>\n\t<meta name=\"twitter:data1\" content=\"2 minuty\" \/>\n<script type=\"application\/ld+json\" class=\"yoast-schema-graph\">{\"@context\":\"https:\\\/\\\/schema.org\",\"@graph\":[{\"@type\":\"WebPage\",\"@id\":\"https:\\\/\\\/hbt.com.pl\\\/maszyny\\\/produkt\\\/traktor-rolniczy-komunalny-iseki-tle3410-al-4x4-wyprzedaz\\\/\",\"url\":\"https:\\\/\\\/hbt.com.pl\\\/maszyny\\\/produkt\\\/traktor-rolniczy-komunalny-iseki-tle3410-al-4x4-wyprzedaz\\\/\",\"name\":\"Traktor rolniczy, komunalny - ISEKI TLE3410 AL 4x4 - WYPRZEDA\u017b - HBT Roltrac\",\"isPartOf\":{\"@id\":\"https:\\\/\\\/hbt.com.pl\\\/maszyny\\\/#website\"},\"primaryImageOfPage\":{\"@id\":\"https:\\\/\\\/hbt.com.pl\\\/maszyny\\\/produkt\\\/traktor-rolniczy-komunalny-iseki-tle3410-al-4x4-wyprzedaz\\\/#primaryimage\"},\"image\":{\"@id\":\"https:\\\/\\\/hbt.com.pl\\\/maszyny\\\/produkt\\\/traktor-rolniczy-komunalny-iseki-tle3410-al-4x4-wyprzedaz\\\/#primaryimage\"},\"thumbnailUrl\":\"https:\\\/\\\/hbt.com.pl\\\/maszyny\\\/wp-content\\\/uploads\\\/2023\\\/12\\\/IMG_2750.jpeg\",\"datePublished\":\"2023-12-22T11:56:26+00:00\",\"dateModified\":\"2024-05-28T14:03:15+00:00\",\"breadcrumb\":{\"@id\":\"https:\\\/\\\/hbt.com.pl\\\/maszyny\\\/produkt\\\/traktor-rolniczy-komunalny-iseki-tle3410-al-4x4-wyprzedaz\\\/#breadcrumb\"},\"inLanguage\":\"pl-PL\",\"potentialAction\":[{\"@type\":\"ReadAction\",\"target\":[\"https:\\\/\\\/hbt.com.pl\\\/maszyny\\\/produkt\\\/traktor-rolniczy-komunalny-iseki-tle3410-al-4x4-wyprzedaz\\\/\"]}]},{\"@type\":\"ImageObject\",\"inLanguage\":\"pl-PL\",\"@id\":\"https:\\\/\\\/hbt.com.pl\\\/maszyny\\\/produkt\\\/traktor-rolniczy-komunalny-iseki-tle3410-al-4x4-wyprzedaz\\\/#primaryimage\",\"url\":\"https:\\\/\\\/hbt.com.pl\\\/maszyny\\\/wp-content\\\/uploads\\\/2023\\\/12\\\/IMG_2750.jpeg\",\"contentUrl\":\"https:\\\/\\\/hbt.com.pl\\\/maszyny\\\/wp-content\\\/uploads\\\/2023\\\/12\\\/IMG_2750.jpeg\",\"width\":1920,\"height\":1440},{\"@type\":\"BreadcrumbList\",\"@id\":\"https:\\\/\\\/hbt.com.pl\\\/maszyny\\\/produkt\\\/traktor-rolniczy-komunalny-iseki-tle3410-al-4x4-wyprzedaz\\\/#breadcrumb\",\"itemListElement\":[{\"@type\":\"ListItem\",\"position\":1,\"name\":\"Strona g\u0142\u00f3wna\",\"item\":\"https:\\\/\\\/hbt.com.pl\\\/maszyny\\\/\"},{\"@type\":\"ListItem\",\"position\":2,\"name\":\"Maszyny rolnicze u\u017cywane\",\"item\":\"https:\\\/\\\/hbt.com.pl\\\/maszyny\\\/maszyny-uzywane\\\/\"},{\"@type\":\"ListItem\",\"position\":3,\"name\":\"Traktor rolniczy, komunalny &#8211; ISEKI TLE3410 AL 4&#215;4 &#8211; WYPRZEDA\u017b\"}]},{\"@type\":\"WebSite\",\"@id\":\"https:\\\/\\\/hbt.com.pl\\\/maszyny\\\/#website\",\"url\":\"https:\\\/\\\/hbt.com.pl\\\/maszyny\\\/\",\"name\":\"HBT Roltrac\",\"description\":\"\",\"potentialAction\":[{\"@type\":\"SearchAction\",\"target\":{\"@type\":\"EntryPoint\",\"urlTemplate\":\"https:\\\/\\\/hbt.com.pl\\\/maszyny\\\/?s={search_term_string}\"},\"query-input\":{\"@type\":\"PropertyValueSpecification\",\"valueRequired\":true,\"valueName\":\"search_term_string\"}}],\"inLanguage\":\"pl-PL\"}]}<\/script>\n<!-- \/ Yoast SEO plugin. -->","yoast_head_json":{"title":"Traktor rolniczy, komunalny - ISEKI TLE3410 AL 4x4 - WYPRZEDA\u017b - HBT Roltrac","robots":{"index":"index","follow":"follow","max-snippet":"max-snippet:-1","max-image-preview":"max-image-preview:large","max-video-preview":"max-video-preview:-1"},"canonical":"https:\/\/hbt.com.pl\/maszyny\/produkt\/traktor-rolniczy-komunalny-iseki-tle3410-al-4x4-wyprzedaz\/","og_locale":"pl_PL","og_type":"article","og_title":"Traktor rolniczy, komunalny - ISEKI TLE3410 AL 4x4 - WYPRZEDA\u017b - HBT Roltrac","og_description":"ISEKI TLE 3410 to uniwersalny ci\u0105gnik serii ECO zapewnia nadzwyczajn\u0105 [...]","og_url":"https:\/\/hbt.com.pl\/maszyny\/produkt\/traktor-rolniczy-komunalny-iseki-tle3410-al-4x4-wyprzedaz\/","og_site_name":"HBT Roltrac","article_modified_time":"2024-05-28T14:03:15+00:00","og_image":[{"width":1920,"height":1440,"url":"https:\/\/hbt.com.pl\/maszyny\/wp-content\/uploads\/2023\/12\/IMG_2750.jpeg","type":"image\/jpeg"}],"twitter_card":"summary_large_image","twitter_misc":{"Szacowany czas czytania":"2 minuty"},"schema":{"@context":"https:\/\/schema.org","@graph":[{"@type":"WebPage","@id":"https:\/\/hbt.com.pl\/maszyny\/produkt\/traktor-rolniczy-komunalny-iseki-tle3410-al-4x4-wyprzedaz\/","url":"https:\/\/hbt.com.pl\/maszyny\/produkt\/traktor-rolniczy-komunalny-iseki-tle3410-al-4x4-wyprzedaz\/","name":"Traktor rolniczy, komunalny - ISEKI TLE3410 AL 4x4 - WYPRZEDA\u017b - HBT Roltrac","isPartOf":{"@id":"https:\/\/hbt.com.pl\/maszyny\/#website"},"primaryImageOfPage":{"@id":"https:\/\/hbt.com.pl\/maszyny\/produkt\/traktor-rolniczy-komunalny-iseki-tle3410-al-4x4-wyprzedaz\/#primaryimage"},"image":{"@id":"https:\/\/hbt.com.pl\/maszyny\/produkt\/traktor-rolniczy-komunalny-iseki-tle3410-al-4x4-wyprzedaz\/#primaryimage"},"thumbnailUrl":"https:\/\/hbt.com.pl\/maszyny\/wp-content\/uploads\/2023\/12\/IMG_2750.jpeg","datePublished":"2023-12-22T11:56:26+00:00","dateModified":"2024-05-28T14:03:15+00:00","breadcrumb":{"@id":"https:\/\/hbt.com.pl\/maszyny\/produkt\/traktor-rolniczy-komunalny-iseki-tle3410-al-4x4-wyprzedaz\/#breadcrumb"},"inLanguage":"pl-PL","potentialAction":[{"@type":"ReadAction","target":["https:\/\/hbt.com.pl\/maszyny\/produkt\/traktor-rolniczy-komunalny-iseki-tle3410-al-4x4-wyprzedaz\/"]}]},{"@type":"ImageObject","inLanguage":"pl-PL","@id":"https:\/\/hbt.com.pl\/maszyny\/produkt\/traktor-rolniczy-komunalny-iseki-tle3410-al-4x4-wyprzedaz\/#primaryimage","url":"https:\/\/hbt.com.pl\/maszyny\/wp-content\/uploads\/2023\/12\/IMG_2750.jpeg","contentUrl":"https:\/\/hbt.com.pl\/maszyny\/wp-content\/uploads\/2023\/12\/IMG_2750.jpeg","width":1920,"height":1440},{"@type":"BreadcrumbList","@id":"https:\/\/hbt.com.pl\/maszyny\/produkt\/traktor-rolniczy-komunalny-iseki-tle3410-al-4x4-wyprzedaz\/#breadcrumb","itemListElement":[{"@type":"ListItem","position":1,"name":"Strona g\u0142\u00f3wna","item":"https:\/\/hbt.com.pl\/maszyny\/"},{"@type":"ListItem","position":2,"name":"Maszyny rolnicze u\u017cywane","item":"https:\/\/hbt.com.pl\/maszyny\/maszyny-uzywane\/"},{"@type":"ListItem","position":3,"name":"Traktor rolniczy, komunalny &#8211; ISEKI TLE3410 AL 4&#215;4 &#8211; WYPRZEDA\u017b"}]},{"@type":"WebSite","@id":"https:\/\/hbt.com.pl\/maszyny\/#website","url":"https:\/\/hbt.com.pl\/maszyny\/","name":"HBT Roltrac","description":"","potentialAction":[{"@type":"SearchAction","target":{"@type":"EntryPoint","urlTemplate":"https:\/\/hbt.com.pl\/maszyny\/?s={search_term_string}"},"query-input":{"@type":"PropertyValueSpecification","valueRequired":true,"valueName":"search_term_string"}}],"inLanguage":"pl-PL"}]}},"_links":{"self":[{"href":"https:\/\/hbt.com.pl\/maszyny\/wp-json\/wp\/v2\/product\/875","targetHints":{"allow":["GET"]}}],"collection":[{"href":"https:\/\/hbt.com.pl\/maszyny\/wp-json\/wp\/v2\/product"}],"about":[{"href":"https:\/\/hbt.com.pl\/maszyny\/wp-json\/wp\/v2\/types\/product"}],"wp:featuredmedia":[{"embeddable":true,"href":"https:\/\/hbt.com.pl\/maszyny\/wp-json\/wp\/v2\/media\/1027"}],"wp:attachment":[{"href":"https:\/\/hbt.com.pl\/maszyny\/wp-json\/wp\/v2\/media?parent=875"}],"wp:term":[{"taxonomy":"product_brand","embeddable":true,"href":"https:\/\/hbt.com.pl\/maszyny\/wp-json\/wp\/v2\/product_brand?post=875"},{"taxonomy":"product_cat","embeddable":true,"href":"https:\/\/hbt.com.pl\/maszyny\/wp-json\/wp\/v2\/product_cat?post=875"},{"taxonomy":"product_tag","embeddable":true,"href":"https:\/\/hbt.com.pl\/maszyny\/wp-json\/wp\/v2\/product_tag?post=875"}],"curies":[{"name":"wp","href":"https:\/\/api.w.org\/{rel}","templated":true}]}}