{"id":719,"date":"2023-11-29T14:46:40","date_gmt":"2023-11-29T13:46:40","guid":{"rendered":"https:\/\/hbt.com.pl\/maszyny\/?post_type=product&#038;p=719"},"modified":"2023-12-01T16:39:40","modified_gmt":"2023-12-01T15:39:40","slug":"przyczepa-budowlana-wywrotka-hybryda-z-funkcja-laweta-rcm","status":"publish","type":"product","link":"https:\/\/hbt.com.pl\/maszyny\/produkt\/przyczepa-budowlana-wywrotka-hybryda-z-funkcja-laweta-rcm\/","title":{"rendered":"Przyczepa budowlana, wywrotka hybryda z funkcj\u0105 laweta &#8211; RCM"},"content":{"rendered":"<p><strong>RCM Clever Turtle CT1 &#8211;<\/strong> przyczepa hybrydowa, kt\u00f3ra \u0142\u0105czy w sobie funkcjonalno\u015b\u0107 lawety do przewozu kompaktowych maszyn budowlanych, wywrotki hydraulicznej jak r\u00f3wnie\u017c przyczepy do przewozu kruszyw i materia\u0142\u00f3w budowlanych. Jest to rozwi\u0105zanie prze\u0142omowe w zakresie efektywno\u015bci prowadzenia prac ziemnych. W por\u00f3wnaniu z maszynami obecnie dost\u0119pnymi na rynku, Clever Turtle CT1 gwarantuje redukcj\u0119 koszt\u00f3w operacyjnych.<\/p>\n<p>&nbsp;<\/p>\n<p>Parametry techniczne:<\/p>\n<ul>\n<li>Grubo\u015b\u0107 \u015bcian 6 mm<\/li>\n<li>Najmocniejsza rama na rynku o profilu 250 x 150 mm ze \u015bciank\u0105 10 mm<\/li>\n<li>Ko\u0142a 550\/60 R22,5<\/li>\n<\/ul>\n","protected":false},"excerpt":{"rendered":"<p>RCM Clever Turtle CT1 &#8211; przyczepa hybrydowa, kt\u00f3ra \u0142\u0105czy w  [&#8230;]<\/p>\n","protected":false},"featured_media":720,"template":"","meta":[],"product_brand":[],"product_cat":[169],"product_tag":[189,190,186,188,187,192,191],"class_list":{"0":"post-719","1":"product","2":"type-product","3":"status-publish","4":"has-post-thumbnail","6":"product_cat-przyczepy-rolnicze","7":"product_tag-przyczepabudowlana","8":"product_tag-przyczepacleverturtle","9":"product_tag-przyczepahybrydowa","10":"product_tag-przyczeparcm","11":"product_tag-przyczepaskorupowa","12":"product_tag-rcm","13":"product_tag-wywrotka","14":"pa_marka-rcm","15":"pa_stan-nowa","17":"first","18":"instock","19":"shipping-taxable","20":"purchasable","21":"product-type-simple"},"yoast_head":"<!-- This site is optimized with the Yoast SEO plugin v27.5 - https:\/\/yoast.com\/product\/yoast-seo-wordpress\/ -->\n<title>Przyczepa budowlana, wywrotka hybryda z funkcj\u0105 laweta - RCM - HBT Roltrac<\/title>\n<meta name=\"robots\" content=\"index, follow, max-snippet:-1, max-image-preview:large, max-video-preview:-1\" \/>\n<link rel=\"canonical\" href=\"https:\/\/hbt.com.pl\/maszyny\/produkt\/przyczepa-budowlana-wywrotka-hybryda-z-funkcja-laweta-rcm\/\" \/>\n<meta property=\"og:locale\" content=\"pl_PL\" \/>\n<meta property=\"og:type\" content=\"article\" \/>\n<meta property=\"og:title\" content=\"Przyczepa budowlana, wywrotka hybryda z funkcj\u0105 laweta - RCM - HBT Roltrac\" \/>\n<meta property=\"og:description\" content=\"RCM Clever Turtle CT1 &#8211; przyczepa hybrydowa, kt\u00f3ra \u0142\u0105czy w [...]\" \/>\n<meta property=\"og:url\" content=\"https:\/\/hbt.com.pl\/maszyny\/produkt\/przyczepa-budowlana-wywrotka-hybryda-z-funkcja-laweta-rcm\/\" \/>\n<meta property=\"og:site_name\" content=\"HBT Roltrac\" \/>\n<meta property=\"article:modified_time\" content=\"2023-12-01T15:39:40+00:00\" \/>\n<meta property=\"og:image\" content=\"https:\/\/hbt.com.pl\/maszyny\/wp-content\/uploads\/2023\/11\/Przyczepa-budowlana-wywrotka-hybryda-z-funkcja-laweta-RCM.webp\" \/>\n\t<meta property=\"og:image:width\" content=\"1000\" \/>\n\t<meta property=\"og:image:height\" content=\"450\" \/>\n\t<meta property=\"og:image:type\" content=\"image\/webp\" \/>\n<meta name=\"twitter:card\" content=\"summary_large_image\" \/>\n<meta name=\"twitter:label1\" content=\"Szacowany czas czytania\" \/>\n\t<meta name=\"twitter:data1\" content=\"1 minuta\" \/>\n<script type=\"application\/ld+json\" class=\"yoast-schema-graph\">{\"@context\":\"https:\\\/\\\/schema.org\",\"@graph\":[{\"@type\":\"WebPage\",\"@id\":\"https:\\\/\\\/hbt.com.pl\\\/maszyny\\\/produkt\\\/przyczepa-budowlana-wywrotka-hybryda-z-funkcja-laweta-rcm\\\/\",\"url\":\"https:\\\/\\\/hbt.com.pl\\\/maszyny\\\/produkt\\\/przyczepa-budowlana-wywrotka-hybryda-z-funkcja-laweta-rcm\\\/\",\"name\":\"Przyczepa budowlana, wywrotka hybryda z funkcj\u0105 laweta - RCM - HBT Roltrac\",\"isPartOf\":{\"@id\":\"https:\\\/\\\/hbt.com.pl\\\/maszyny\\\/#website\"},\"primaryImageOfPage\":{\"@id\":\"https:\\\/\\\/hbt.com.pl\\\/maszyny\\\/produkt\\\/przyczepa-budowlana-wywrotka-hybryda-z-funkcja-laweta-rcm\\\/#primaryimage\"},\"image\":{\"@id\":\"https:\\\/\\\/hbt.com.pl\\\/maszyny\\\/produkt\\\/przyczepa-budowlana-wywrotka-hybryda-z-funkcja-laweta-rcm\\\/#primaryimage\"},\"thumbnailUrl\":\"https:\\\/\\\/hbt.com.pl\\\/maszyny\\\/wp-content\\\/uploads\\\/2023\\\/11\\\/Przyczepa-budowlana-wywrotka-hybryda-z-funkcja-laweta-RCM.webp\",\"datePublished\":\"2023-11-29T13:46:40+00:00\",\"dateModified\":\"2023-12-01T15:39:40+00:00\",\"breadcrumb\":{\"@id\":\"https:\\\/\\\/hbt.com.pl\\\/maszyny\\\/produkt\\\/przyczepa-budowlana-wywrotka-hybryda-z-funkcja-laweta-rcm\\\/#breadcrumb\"},\"inLanguage\":\"pl-PL\",\"potentialAction\":[{\"@type\":\"ReadAction\",\"target\":[\"https:\\\/\\\/hbt.com.pl\\\/maszyny\\\/produkt\\\/przyczepa-budowlana-wywrotka-hybryda-z-funkcja-laweta-rcm\\\/\"]}]},{\"@type\":\"ImageObject\",\"inLanguage\":\"pl-PL\",\"@id\":\"https:\\\/\\\/hbt.com.pl\\\/maszyny\\\/produkt\\\/przyczepa-budowlana-wywrotka-hybryda-z-funkcja-laweta-rcm\\\/#primaryimage\",\"url\":\"https:\\\/\\\/hbt.com.pl\\\/maszyny\\\/wp-content\\\/uploads\\\/2023\\\/11\\\/Przyczepa-budowlana-wywrotka-hybryda-z-funkcja-laweta-RCM.webp\",\"contentUrl\":\"https:\\\/\\\/hbt.com.pl\\\/maszyny\\\/wp-content\\\/uploads\\\/2023\\\/11\\\/Przyczepa-budowlana-wywrotka-hybryda-z-funkcja-laweta-RCM.webp\",\"width\":1000,\"height\":450},{\"@type\":\"BreadcrumbList\",\"@id\":\"https:\\\/\\\/hbt.com.pl\\\/maszyny\\\/produkt\\\/przyczepa-budowlana-wywrotka-hybryda-z-funkcja-laweta-rcm\\\/#breadcrumb\",\"itemListElement\":[{\"@type\":\"ListItem\",\"position\":1,\"name\":\"Strona g\u0142\u00f3wna\",\"item\":\"https:\\\/\\\/hbt.com.pl\\\/maszyny\\\/\"},{\"@type\":\"ListItem\",\"position\":2,\"name\":\"Maszyny rolnicze u\u017cywane\",\"item\":\"https:\\\/\\\/hbt.com.pl\\\/maszyny\\\/maszyny-uzywane\\\/\"},{\"@type\":\"ListItem\",\"position\":3,\"name\":\"Przyczepa budowlana, wywrotka hybryda z funkcj\u0105 laweta &#8211; RCM\"}]},{\"@type\":\"WebSite\",\"@id\":\"https:\\\/\\\/hbt.com.pl\\\/maszyny\\\/#website\",\"url\":\"https:\\\/\\\/hbt.com.pl\\\/maszyny\\\/\",\"name\":\"HBT Roltrac\",\"description\":\"\",\"potentialAction\":[{\"@type\":\"SearchAction\",\"target\":{\"@type\":\"EntryPoint\",\"urlTemplate\":\"https:\\\/\\\/hbt.com.pl\\\/maszyny\\\/?s={search_term_string}\"},\"query-input\":{\"@type\":\"PropertyValueSpecification\",\"valueRequired\":true,\"valueName\":\"search_term_string\"}}],\"inLanguage\":\"pl-PL\"}]}<\/script>\n<!-- \/ Yoast SEO plugin. -->","yoast_head_json":{"title":"Przyczepa budowlana, wywrotka hybryda z funkcj\u0105 laweta - RCM - HBT Roltrac","robots":{"index":"index","follow":"follow","max-snippet":"max-snippet:-1","max-image-preview":"max-image-preview:large","max-video-preview":"max-video-preview:-1"},"canonical":"https:\/\/hbt.com.pl\/maszyny\/produkt\/przyczepa-budowlana-wywrotka-hybryda-z-funkcja-laweta-rcm\/","og_locale":"pl_PL","og_type":"article","og_title":"Przyczepa budowlana, wywrotka hybryda z funkcj\u0105 laweta - RCM - HBT Roltrac","og_description":"RCM Clever Turtle CT1 &#8211; przyczepa hybrydowa, kt\u00f3ra \u0142\u0105czy w [...]","og_url":"https:\/\/hbt.com.pl\/maszyny\/produkt\/przyczepa-budowlana-wywrotka-hybryda-z-funkcja-laweta-rcm\/","og_site_name":"HBT Roltrac","article_modified_time":"2023-12-01T15:39:40+00:00","og_image":[{"width":1000,"height":450,"url":"https:\/\/hbt.com.pl\/maszyny\/wp-content\/uploads\/2023\/11\/Przyczepa-budowlana-wywrotka-hybryda-z-funkcja-laweta-RCM.webp","type":"image\/webp"}],"twitter_card":"summary_large_image","twitter_misc":{"Szacowany czas czytania":"1 minuta"},"schema":{"@context":"https:\/\/schema.org","@graph":[{"@type":"WebPage","@id":"https:\/\/hbt.com.pl\/maszyny\/produkt\/przyczepa-budowlana-wywrotka-hybryda-z-funkcja-laweta-rcm\/","url":"https:\/\/hbt.com.pl\/maszyny\/produkt\/przyczepa-budowlana-wywrotka-hybryda-z-funkcja-laweta-rcm\/","name":"Przyczepa budowlana, wywrotka hybryda z funkcj\u0105 laweta - RCM - HBT Roltrac","isPartOf":{"@id":"https:\/\/hbt.com.pl\/maszyny\/#website"},"primaryImageOfPage":{"@id":"https:\/\/hbt.com.pl\/maszyny\/produkt\/przyczepa-budowlana-wywrotka-hybryda-z-funkcja-laweta-rcm\/#primaryimage"},"image":{"@id":"https:\/\/hbt.com.pl\/maszyny\/produkt\/przyczepa-budowlana-wywrotka-hybryda-z-funkcja-laweta-rcm\/#primaryimage"},"thumbnailUrl":"https:\/\/hbt.com.pl\/maszyny\/wp-content\/uploads\/2023\/11\/Przyczepa-budowlana-wywrotka-hybryda-z-funkcja-laweta-RCM.webp","datePublished":"2023-11-29T13:46:40+00:00","dateModified":"2023-12-01T15:39:40+00:00","breadcrumb":{"@id":"https:\/\/hbt.com.pl\/maszyny\/produkt\/przyczepa-budowlana-wywrotka-hybryda-z-funkcja-laweta-rcm\/#breadcrumb"},"inLanguage":"pl-PL","potentialAction":[{"@type":"ReadAction","target":["https:\/\/hbt.com.pl\/maszyny\/produkt\/przyczepa-budowlana-wywrotka-hybryda-z-funkcja-laweta-rcm\/"]}]},{"@type":"ImageObject","inLanguage":"pl-PL","@id":"https:\/\/hbt.com.pl\/maszyny\/produkt\/przyczepa-budowlana-wywrotka-hybryda-z-funkcja-laweta-rcm\/#primaryimage","url":"https:\/\/hbt.com.pl\/maszyny\/wp-content\/uploads\/2023\/11\/Przyczepa-budowlana-wywrotka-hybryda-z-funkcja-laweta-RCM.webp","contentUrl":"https:\/\/hbt.com.pl\/maszyny\/wp-content\/uploads\/2023\/11\/Przyczepa-budowlana-wywrotka-hybryda-z-funkcja-laweta-RCM.webp","width":1000,"height":450},{"@type":"BreadcrumbList","@id":"https:\/\/hbt.com.pl\/maszyny\/produkt\/przyczepa-budowlana-wywrotka-hybryda-z-funkcja-laweta-rcm\/#breadcrumb","itemListElement":[{"@type":"ListItem","position":1,"name":"Strona g\u0142\u00f3wna","item":"https:\/\/hbt.com.pl\/maszyny\/"},{"@type":"ListItem","position":2,"name":"Maszyny rolnicze u\u017cywane","item":"https:\/\/hbt.com.pl\/maszyny\/maszyny-uzywane\/"},{"@type":"ListItem","position":3,"name":"Przyczepa budowlana, wywrotka hybryda z funkcj\u0105 laweta &#8211; RCM"}]},{"@type":"WebSite","@id":"https:\/\/hbt.com.pl\/maszyny\/#website","url":"https:\/\/hbt.com.pl\/maszyny\/","name":"HBT Roltrac","description":"","potentialAction":[{"@type":"SearchAction","target":{"@type":"EntryPoint","urlTemplate":"https:\/\/hbt.com.pl\/maszyny\/?s={search_term_string}"},"query-input":{"@type":"PropertyValueSpecification","valueRequired":true,"valueName":"search_term_string"}}],"inLanguage":"pl-PL"}]}},"_links":{"self":[{"href":"https:\/\/hbt.com.pl\/maszyny\/wp-json\/wp\/v2\/product\/719","targetHints":{"allow":["GET"]}}],"collection":[{"href":"https:\/\/hbt.com.pl\/maszyny\/wp-json\/wp\/v2\/product"}],"about":[{"href":"https:\/\/hbt.com.pl\/maszyny\/wp-json\/wp\/v2\/types\/product"}],"wp:featuredmedia":[{"embeddable":true,"href":"https:\/\/hbt.com.pl\/maszyny\/wp-json\/wp\/v2\/media\/720"}],"wp:attachment":[{"href":"https:\/\/hbt.com.pl\/maszyny\/wp-json\/wp\/v2\/media?parent=719"}],"wp:term":[{"taxonomy":"product_brand","embeddable":true,"href":"https:\/\/hbt.com.pl\/maszyny\/wp-json\/wp\/v2\/product_brand?post=719"},{"taxonomy":"product_cat","embeddable":true,"href":"https:\/\/hbt.com.pl\/maszyny\/wp-json\/wp\/v2\/product_cat?post=719"},{"taxonomy":"product_tag","embeddable":true,"href":"https:\/\/hbt.com.pl\/maszyny\/wp-json\/wp\/v2\/product_tag?post=719"}],"curies":[{"name":"wp","href":"https:\/\/api.w.org\/{rel}","templated":true}]}}