{"id":711,"date":"2023-11-29T14:15:16","date_gmt":"2023-11-29T13:15:16","guid":{"rendered":"https:\/\/hbt.com.pl\/maszyny\/?post_type=product&#038;p=711"},"modified":"2023-11-30T15:29:13","modified_gmt":"2023-11-30T14:29:13","slug":"ciagnik-rolniczy-agrotron-m625-deutz-fahr","status":"publish","type":"product","link":"https:\/\/hbt.com.pl\/maszyny\/produkt\/ciagnik-rolniczy-agrotron-m625-deutz-fahr\/","title":{"rendered":"Ci\u0105gnik Rolniczy &#8211; Agrotron M625 &#8211; DEUTZ FAHR"},"content":{"rendered":"<ul>\n<li>Moc 160 KM<\/li>\n<li>Silnik 6,1 l , 6 cyl.<\/li>\n<li>O\u015b amortyzowana\u00a0Tak<\/li>\n<li>Klimatyzacja Tak<\/li>\n<li>Podno\u015bnik przedni (ud\u017awig) 4000 kg<\/li>\n<li>Podno\u015bnik Tylny (ud\u017awig) 9200 kg<\/li>\n<li>Rok Produkcji 2012<\/li>\n<li>Ogumienie 600\/65 R28 710\/65 R38<\/li>\n<li>Nap\u0119d 4WD (4&#215;4)<\/li>\n<li>Mo\u017cliwo\u015b\u0107 finansowania Tak<\/li>\n<\/ul>\n<p>&nbsp;<\/p>\n<p>Ci\u0105gnik po kompleksowym przegl\u0105dzie technicznym.<\/p>\n<p>&nbsp;<\/p>\n<p>&nbsp;<\/p>\n<p><strong>Masz wi\u0119cej pyta\u0144?<\/strong><\/p>\n<p>Zadzwo\u0144 do doradcy technicznego.<\/p>\n<p>783 000 444<\/p>\n","protected":false},"excerpt":{"rendered":"<p>Moc 160 KM Silnik 6,1 l , 6 cyl. O\u015b  [&#8230;]<\/p>\n","protected":false},"featured_media":713,"template":"","meta":[],"product_brand":[],"product_cat":[31],"product_tag":[175,178,176,172,170,177],"class_list":{"0":"post-711","1":"product","2":"type-product","3":"status-publish","4":"has-post-thumbnail","6":"product_cat-ciagniki-rolnicze","7":"product_tag-ciagnikuzywany","8":"product_tag-agrotron","9":"product_tag-ciagnikdeutzfahr","10":"product_tag-ciagnikrolniczy","11":"product_tag-deutzfahr","12":"product_tag-deutzfahrtractor","13":"pa_liczba-godzin-206","14":"pa_marka-deutz-fahr","15":"pa_moc-199","16":"pa_model-agrotron-m625","17":"pa_rok-produkcji-201","19":"first","20":"instock","21":"shipping-taxable","22":"purchasable","23":"product-type-simple"},"yoast_head":"<!-- This site is optimized with the Yoast SEO plugin v27.5 - https:\/\/yoast.com\/product\/yoast-seo-wordpress\/ -->\n<title>Ci\u0105gnik Rolniczy - Agrotron M625 - DEUTZ FAHR - HBT Roltrac<\/title>\n<meta name=\"robots\" content=\"index, follow, max-snippet:-1, max-image-preview:large, max-video-preview:-1\" \/>\n<link rel=\"canonical\" href=\"https:\/\/hbt.com.pl\/maszyny\/produkt\/ciagnik-rolniczy-agrotron-m625-deutz-fahr\/\" \/>\n<meta property=\"og:locale\" content=\"pl_PL\" \/>\n<meta property=\"og:type\" content=\"article\" \/>\n<meta property=\"og:title\" content=\"Ci\u0105gnik Rolniczy - Agrotron M625 - DEUTZ FAHR - HBT Roltrac\" \/>\n<meta property=\"og:description\" content=\"Moc 160 KM Silnik 6,1 l , 6 cyl. O\u015b [...]\" \/>\n<meta property=\"og:url\" content=\"https:\/\/hbt.com.pl\/maszyny\/produkt\/ciagnik-rolniczy-agrotron-m625-deutz-fahr\/\" \/>\n<meta property=\"og:site_name\" content=\"HBT Roltrac\" \/>\n<meta property=\"article:modified_time\" content=\"2023-11-30T14:29:13+00:00\" \/>\n<meta property=\"og:image\" content=\"https:\/\/hbt.com.pl\/maszyny\/wp-content\/uploads\/2023\/11\/20230927_142104-e1701354540771.jpg\" \/>\n\t<meta property=\"og:image:width\" content=\"1642\" \/>\n\t<meta property=\"og:image:height\" content=\"1096\" \/>\n\t<meta property=\"og:image:type\" content=\"image\/jpeg\" \/>\n<meta name=\"twitter:card\" content=\"summary_large_image\" \/>\n<meta name=\"twitter:label1\" content=\"Szacowany czas czytania\" \/>\n\t<meta name=\"twitter:data1\" content=\"1 minuta\" \/>\n<script type=\"application\/ld+json\" class=\"yoast-schema-graph\">{\"@context\":\"https:\\\/\\\/schema.org\",\"@graph\":[{\"@type\":\"WebPage\",\"@id\":\"https:\\\/\\\/hbt.com.pl\\\/maszyny\\\/produkt\\\/ciagnik-rolniczy-agrotron-m625-deutz-fahr\\\/\",\"url\":\"https:\\\/\\\/hbt.com.pl\\\/maszyny\\\/produkt\\\/ciagnik-rolniczy-agrotron-m625-deutz-fahr\\\/\",\"name\":\"Ci\u0105gnik Rolniczy - Agrotron M625 - DEUTZ FAHR - HBT Roltrac\",\"isPartOf\":{\"@id\":\"https:\\\/\\\/hbt.com.pl\\\/maszyny\\\/#website\"},\"primaryImageOfPage\":{\"@id\":\"https:\\\/\\\/hbt.com.pl\\\/maszyny\\\/produkt\\\/ciagnik-rolniczy-agrotron-m625-deutz-fahr\\\/#primaryimage\"},\"image\":{\"@id\":\"https:\\\/\\\/hbt.com.pl\\\/maszyny\\\/produkt\\\/ciagnik-rolniczy-agrotron-m625-deutz-fahr\\\/#primaryimage\"},\"thumbnailUrl\":\"https:\\\/\\\/hbt.com.pl\\\/maszyny\\\/wp-content\\\/uploads\\\/2023\\\/11\\\/20230927_142104-e1701354540771.jpg\",\"datePublished\":\"2023-11-29T13:15:16+00:00\",\"dateModified\":\"2023-11-30T14:29:13+00:00\",\"breadcrumb\":{\"@id\":\"https:\\\/\\\/hbt.com.pl\\\/maszyny\\\/produkt\\\/ciagnik-rolniczy-agrotron-m625-deutz-fahr\\\/#breadcrumb\"},\"inLanguage\":\"pl-PL\",\"potentialAction\":[{\"@type\":\"ReadAction\",\"target\":[\"https:\\\/\\\/hbt.com.pl\\\/maszyny\\\/produkt\\\/ciagnik-rolniczy-agrotron-m625-deutz-fahr\\\/\"]}]},{\"@type\":\"ImageObject\",\"inLanguage\":\"pl-PL\",\"@id\":\"https:\\\/\\\/hbt.com.pl\\\/maszyny\\\/produkt\\\/ciagnik-rolniczy-agrotron-m625-deutz-fahr\\\/#primaryimage\",\"url\":\"https:\\\/\\\/hbt.com.pl\\\/maszyny\\\/wp-content\\\/uploads\\\/2023\\\/11\\\/20230927_142104-e1701354540771.jpg\",\"contentUrl\":\"https:\\\/\\\/hbt.com.pl\\\/maszyny\\\/wp-content\\\/uploads\\\/2023\\\/11\\\/20230927_142104-e1701354540771.jpg\",\"width\":1642,\"height\":1096},{\"@type\":\"BreadcrumbList\",\"@id\":\"https:\\\/\\\/hbt.com.pl\\\/maszyny\\\/produkt\\\/ciagnik-rolniczy-agrotron-m625-deutz-fahr\\\/#breadcrumb\",\"itemListElement\":[{\"@type\":\"ListItem\",\"position\":1,\"name\":\"Strona g\u0142\u00f3wna\",\"item\":\"https:\\\/\\\/hbt.com.pl\\\/maszyny\\\/\"},{\"@type\":\"ListItem\",\"position\":2,\"name\":\"Maszyny rolnicze u\u017cywane\",\"item\":\"https:\\\/\\\/hbt.com.pl\\\/maszyny\\\/maszyny-uzywane\\\/\"},{\"@type\":\"ListItem\",\"position\":3,\"name\":\"Ci\u0105gnik Rolniczy &#8211; Agrotron M625 &#8211; DEUTZ FAHR\"}]},{\"@type\":\"WebSite\",\"@id\":\"https:\\\/\\\/hbt.com.pl\\\/maszyny\\\/#website\",\"url\":\"https:\\\/\\\/hbt.com.pl\\\/maszyny\\\/\",\"name\":\"HBT Roltrac\",\"description\":\"\",\"potentialAction\":[{\"@type\":\"SearchAction\",\"target\":{\"@type\":\"EntryPoint\",\"urlTemplate\":\"https:\\\/\\\/hbt.com.pl\\\/maszyny\\\/?s={search_term_string}\"},\"query-input\":{\"@type\":\"PropertyValueSpecification\",\"valueRequired\":true,\"valueName\":\"search_term_string\"}}],\"inLanguage\":\"pl-PL\"}]}<\/script>\n<!-- \/ Yoast SEO plugin. -->","yoast_head_json":{"title":"Ci\u0105gnik Rolniczy - Agrotron M625 - DEUTZ FAHR - HBT Roltrac","robots":{"index":"index","follow":"follow","max-snippet":"max-snippet:-1","max-image-preview":"max-image-preview:large","max-video-preview":"max-video-preview:-1"},"canonical":"https:\/\/hbt.com.pl\/maszyny\/produkt\/ciagnik-rolniczy-agrotron-m625-deutz-fahr\/","og_locale":"pl_PL","og_type":"article","og_title":"Ci\u0105gnik Rolniczy - Agrotron M625 - DEUTZ FAHR - HBT Roltrac","og_description":"Moc 160 KM Silnik 6,1 l , 6 cyl. O\u015b [...]","og_url":"https:\/\/hbt.com.pl\/maszyny\/produkt\/ciagnik-rolniczy-agrotron-m625-deutz-fahr\/","og_site_name":"HBT Roltrac","article_modified_time":"2023-11-30T14:29:13+00:00","og_image":[{"width":1642,"height":1096,"url":"https:\/\/hbt.com.pl\/maszyny\/wp-content\/uploads\/2023\/11\/20230927_142104-e1701354540771.jpg","type":"image\/jpeg"}],"twitter_card":"summary_large_image","twitter_misc":{"Szacowany czas czytania":"1 minuta"},"schema":{"@context":"https:\/\/schema.org","@graph":[{"@type":"WebPage","@id":"https:\/\/hbt.com.pl\/maszyny\/produkt\/ciagnik-rolniczy-agrotron-m625-deutz-fahr\/","url":"https:\/\/hbt.com.pl\/maszyny\/produkt\/ciagnik-rolniczy-agrotron-m625-deutz-fahr\/","name":"Ci\u0105gnik Rolniczy - Agrotron M625 - DEUTZ FAHR - HBT Roltrac","isPartOf":{"@id":"https:\/\/hbt.com.pl\/maszyny\/#website"},"primaryImageOfPage":{"@id":"https:\/\/hbt.com.pl\/maszyny\/produkt\/ciagnik-rolniczy-agrotron-m625-deutz-fahr\/#primaryimage"},"image":{"@id":"https:\/\/hbt.com.pl\/maszyny\/produkt\/ciagnik-rolniczy-agrotron-m625-deutz-fahr\/#primaryimage"},"thumbnailUrl":"https:\/\/hbt.com.pl\/maszyny\/wp-content\/uploads\/2023\/11\/20230927_142104-e1701354540771.jpg","datePublished":"2023-11-29T13:15:16+00:00","dateModified":"2023-11-30T14:29:13+00:00","breadcrumb":{"@id":"https:\/\/hbt.com.pl\/maszyny\/produkt\/ciagnik-rolniczy-agrotron-m625-deutz-fahr\/#breadcrumb"},"inLanguage":"pl-PL","potentialAction":[{"@type":"ReadAction","target":["https:\/\/hbt.com.pl\/maszyny\/produkt\/ciagnik-rolniczy-agrotron-m625-deutz-fahr\/"]}]},{"@type":"ImageObject","inLanguage":"pl-PL","@id":"https:\/\/hbt.com.pl\/maszyny\/produkt\/ciagnik-rolniczy-agrotron-m625-deutz-fahr\/#primaryimage","url":"https:\/\/hbt.com.pl\/maszyny\/wp-content\/uploads\/2023\/11\/20230927_142104-e1701354540771.jpg","contentUrl":"https:\/\/hbt.com.pl\/maszyny\/wp-content\/uploads\/2023\/11\/20230927_142104-e1701354540771.jpg","width":1642,"height":1096},{"@type":"BreadcrumbList","@id":"https:\/\/hbt.com.pl\/maszyny\/produkt\/ciagnik-rolniczy-agrotron-m625-deutz-fahr\/#breadcrumb","itemListElement":[{"@type":"ListItem","position":1,"name":"Strona g\u0142\u00f3wna","item":"https:\/\/hbt.com.pl\/maszyny\/"},{"@type":"ListItem","position":2,"name":"Maszyny rolnicze u\u017cywane","item":"https:\/\/hbt.com.pl\/maszyny\/maszyny-uzywane\/"},{"@type":"ListItem","position":3,"name":"Ci\u0105gnik Rolniczy &#8211; Agrotron M625 &#8211; DEUTZ FAHR"}]},{"@type":"WebSite","@id":"https:\/\/hbt.com.pl\/maszyny\/#website","url":"https:\/\/hbt.com.pl\/maszyny\/","name":"HBT Roltrac","description":"","potentialAction":[{"@type":"SearchAction","target":{"@type":"EntryPoint","urlTemplate":"https:\/\/hbt.com.pl\/maszyny\/?s={search_term_string}"},"query-input":{"@type":"PropertyValueSpecification","valueRequired":true,"valueName":"search_term_string"}}],"inLanguage":"pl-PL"}]}},"_links":{"self":[{"href":"https:\/\/hbt.com.pl\/maszyny\/wp-json\/wp\/v2\/product\/711","targetHints":{"allow":["GET"]}}],"collection":[{"href":"https:\/\/hbt.com.pl\/maszyny\/wp-json\/wp\/v2\/product"}],"about":[{"href":"https:\/\/hbt.com.pl\/maszyny\/wp-json\/wp\/v2\/types\/product"}],"wp:featuredmedia":[{"embeddable":true,"href":"https:\/\/hbt.com.pl\/maszyny\/wp-json\/wp\/v2\/media\/713"}],"wp:attachment":[{"href":"https:\/\/hbt.com.pl\/maszyny\/wp-json\/wp\/v2\/media?parent=711"}],"wp:term":[{"taxonomy":"product_brand","embeddable":true,"href":"https:\/\/hbt.com.pl\/maszyny\/wp-json\/wp\/v2\/product_brand?post=711"},{"taxonomy":"product_cat","embeddable":true,"href":"https:\/\/hbt.com.pl\/maszyny\/wp-json\/wp\/v2\/product_cat?post=711"},{"taxonomy":"product_tag","embeddable":true,"href":"https:\/\/hbt.com.pl\/maszyny\/wp-json\/wp\/v2\/product_tag?post=711"}],"curies":[{"name":"wp","href":"https:\/\/api.w.org\/{rel}","templated":true}]}}