{"id":700,"date":"2023-11-29T12:31:54","date_gmt":"2023-11-29T11:31:54","guid":{"rendered":"https:\/\/hbt.com.pl\/maszyny\/?post_type=product&#038;p=700"},"modified":"2023-11-30T15:33:30","modified_gmt":"2023-11-30T14:33:30","slug":"ciagnik-rolniczy-agrotron-120-deutz-fahr","status":"publish","type":"product","link":"https:\/\/hbt.com.pl\/maszyny\/produkt\/ciagnik-rolniczy-agrotron-120-deutz-fahr\/","title":{"rendered":"Ci\u0105gnik Rolniczy &#8211; Agrotron 120 &#8211; DEUTZ FAHR"},"content":{"rendered":"<h3><strong>SILNIK<\/strong><\/h3>\n<ul>\n<li><strong>Moc [KM] <\/strong>109<\/li>\n<li><strong>Maksymalny moment obrotowy<\/strong> 476<\/li>\n<li><strong>Pojemno\u015b\u0107<\/strong> <strong>[cm3]<\/strong> 6057<\/li>\n<li><strong>Ilo\u015b\u0107 cylindr\u00f3w<\/strong> 6<\/li>\n<li><strong>Uk\u0142ad wtryskowy<\/strong> Mechaniczny<\/li>\n<li><strong>UK\u0141AD NAP\u0118DOWY<\/strong><\/li>\n<li><strong>Skrzynia<\/strong> Manualna<\/li>\n<li><strong>Liczba bieg\u00f3w do przodu<\/strong> 24<\/li>\n<li><strong>Liczba bieg\u00f3w do ty\u0142u<\/strong> 24<\/li>\n<li><strong>Zmiana kierunku jazdy (rewers)<\/strong>Hydrauliczny<\/li>\n<li><strong>Pr\u0119dko\u015b\u0107 max<\/strong> 50<\/li>\n<li><strong>Nap\u0119d<\/strong> 4WD (4&#215;4)<\/li>\n<\/ul>\n<p>&nbsp;<\/p>\n<h3><strong>UK\u0141AD JEZDNY<\/strong><\/h3>\n<ul>\n<li><strong>Uk\u0142ad kierowniczy<\/strong> Hydrauliczny<\/li>\n<li><strong>UK\u0141ADY AGREGOWANIA<\/strong><\/li>\n<li><strong>Ud\u017awig TUZ<\/strong> 9200 kg<\/li>\n<li><strong>Kategoria<\/strong> TUZ II<\/li>\n<li><strong>Wydatek hydrauliki zewn.<\/strong>120 l\/min<\/li>\n<li><strong>Liczba wyj\u015b\u0107 hydrauliki zewn.<\/strong> 6<\/li>\n<li><strong>WOM<\/strong> &#8211; rodzaj Niezale\u017cny<\/li>\n<li><strong>WOM<\/strong> &#8211; pr\u0119dko\u015bci 10001000E540750<\/li>\n<\/ul>\n<p>&nbsp;<\/p>\n<h3>WYMIARY &#8211; MASY<\/h3>\n<ul>\n<li><strong>D\u0142ugo\u015b\u0107 bez obci\u0105\u017cnik\u00f3w<\/strong> 459 cm<\/li>\n<li><strong>Wysoko\u015b\u0107 z kabin\u0105<\/strong> 288 cm<\/li>\n<li><strong>Rozstaw osi<\/strong> 265 cm<\/li>\n<li><strong>Masa bez obci\u0105\u017cnik\u00f3w<\/strong> 5460 cm<\/li>\n<li><strong>Promie\u0144 skr\u0119tu<\/strong> 9.9<\/li>\n<li><strong>Zbiornik paliwa<\/strong> 270<\/li>\n<li><strong>O\u015b przednia<\/strong> amortyzowana<\/li>\n<li><strong>Ogumienie<\/strong> 420\/85 R24 460\/65R28<\/li>\n<\/ul>\n<p>&nbsp;<\/p>\n<p>&nbsp;<\/p>\n<p><strong>Mo\u017cliwo\u015b\u0107 finansowania<\/strong> Tak<\/p>\n<p>&nbsp;<\/p>\n<p>Masz wi\u0119cej pyta\u0144?<\/p>\n<p>Zadzwo\u0144 do doradcy technicznego<\/p>\n<p>783 000 444<\/p>\n","protected":false},"excerpt":{"rendered":"<ul>\n<li><strong>Rok produkcji<\/strong> 2006<\/li>\n<li><strong>Kraj pochodzenia<\/strong> Francja<\/li>\n<\/ul>\n","protected":false},"featured_media":701,"template":"","meta":[],"product_brand":[],"product_cat":[31],"product_tag":[175,172,170,177],"class_list":{"0":"post-700","1":"product","2":"type-product","3":"status-publish","4":"has-post-thumbnail","6":"product_cat-ciagniki-rolnicze","7":"product_tag-ciagnikuzywany","8":"product_tag-ciagnikrolniczy","9":"product_tag-deutzfahr","10":"product_tag-deutzfahrtractor","11":"pa_marka-deutz-fahr","12":"pa_moc-218","13":"pa_model-agrotron-120","14":"pa_przekladnia-manualna","15":"pa_rok-produkcji-212","17":"first","18":"instock","19":"shipping-taxable","20":"purchasable","21":"product-type-simple"},"yoast_head":"<!-- This site is optimized with the Yoast SEO plugin v27.5 - https:\/\/yoast.com\/product\/yoast-seo-wordpress\/ -->\n<title>Ci\u0105gnik Rolniczy - Agrotron 120 - DEUTZ FAHR - HBT Roltrac<\/title>\n<meta name=\"robots\" content=\"index, follow, max-snippet:-1, max-image-preview:large, max-video-preview:-1\" \/>\n<link rel=\"canonical\" href=\"https:\/\/hbt.com.pl\/maszyny\/produkt\/ciagnik-rolniczy-agrotron-120-deutz-fahr\/\" \/>\n<meta property=\"og:locale\" content=\"pl_PL\" \/>\n<meta property=\"og:type\" content=\"article\" \/>\n<meta property=\"og:title\" content=\"Ci\u0105gnik Rolniczy - Agrotron 120 - DEUTZ FAHR - HBT Roltrac\" \/>\n<meta property=\"og:description\" content=\"Rok produkcji 2006  Kraj pochodzenia Francja\" \/>\n<meta property=\"og:url\" content=\"https:\/\/hbt.com.pl\/maszyny\/produkt\/ciagnik-rolniczy-agrotron-120-deutz-fahr\/\" \/>\n<meta property=\"og:site_name\" content=\"HBT Roltrac\" \/>\n<meta property=\"article:modified_time\" content=\"2023-11-30T14:33:30+00:00\" \/>\n<meta property=\"og:image\" content=\"https:\/\/hbt.com.pl\/maszyny\/wp-content\/uploads\/2023\/11\/20230302_114403-scaled-e1701354589918.jpg\" \/>\n\t<meta property=\"og:image:width\" content=\"1728\" \/>\n\t<meta property=\"og:image:height\" content=\"1152\" \/>\n\t<meta property=\"og:image:type\" content=\"image\/jpeg\" \/>\n<meta name=\"twitter:card\" content=\"summary_large_image\" \/>\n<meta name=\"twitter:label1\" content=\"Szacowany czas czytania\" \/>\n\t<meta name=\"twitter:data1\" content=\"1 minuta\" \/>\n<script type=\"application\/ld+json\" class=\"yoast-schema-graph\">{\"@context\":\"https:\\\/\\\/schema.org\",\"@graph\":[{\"@type\":\"WebPage\",\"@id\":\"https:\\\/\\\/hbt.com.pl\\\/maszyny\\\/produkt\\\/ciagnik-rolniczy-agrotron-120-deutz-fahr\\\/\",\"url\":\"https:\\\/\\\/hbt.com.pl\\\/maszyny\\\/produkt\\\/ciagnik-rolniczy-agrotron-120-deutz-fahr\\\/\",\"name\":\"Ci\u0105gnik Rolniczy - Agrotron 120 - DEUTZ FAHR - HBT Roltrac\",\"isPartOf\":{\"@id\":\"https:\\\/\\\/hbt.com.pl\\\/maszyny\\\/#website\"},\"primaryImageOfPage\":{\"@id\":\"https:\\\/\\\/hbt.com.pl\\\/maszyny\\\/produkt\\\/ciagnik-rolniczy-agrotron-120-deutz-fahr\\\/#primaryimage\"},\"image\":{\"@id\":\"https:\\\/\\\/hbt.com.pl\\\/maszyny\\\/produkt\\\/ciagnik-rolniczy-agrotron-120-deutz-fahr\\\/#primaryimage\"},\"thumbnailUrl\":\"https:\\\/\\\/hbt.com.pl\\\/maszyny\\\/wp-content\\\/uploads\\\/2023\\\/11\\\/20230302_114403-scaled-e1701354589918.jpg\",\"datePublished\":\"2023-11-29T11:31:54+00:00\",\"dateModified\":\"2023-11-30T14:33:30+00:00\",\"breadcrumb\":{\"@id\":\"https:\\\/\\\/hbt.com.pl\\\/maszyny\\\/produkt\\\/ciagnik-rolniczy-agrotron-120-deutz-fahr\\\/#breadcrumb\"},\"inLanguage\":\"pl-PL\",\"potentialAction\":[{\"@type\":\"ReadAction\",\"target\":[\"https:\\\/\\\/hbt.com.pl\\\/maszyny\\\/produkt\\\/ciagnik-rolniczy-agrotron-120-deutz-fahr\\\/\"]}]},{\"@type\":\"ImageObject\",\"inLanguage\":\"pl-PL\",\"@id\":\"https:\\\/\\\/hbt.com.pl\\\/maszyny\\\/produkt\\\/ciagnik-rolniczy-agrotron-120-deutz-fahr\\\/#primaryimage\",\"url\":\"https:\\\/\\\/hbt.com.pl\\\/maszyny\\\/wp-content\\\/uploads\\\/2023\\\/11\\\/20230302_114403-scaled-e1701354589918.jpg\",\"contentUrl\":\"https:\\\/\\\/hbt.com.pl\\\/maszyny\\\/wp-content\\\/uploads\\\/2023\\\/11\\\/20230302_114403-scaled-e1701354589918.jpg\",\"width\":1728,\"height\":1152},{\"@type\":\"BreadcrumbList\",\"@id\":\"https:\\\/\\\/hbt.com.pl\\\/maszyny\\\/produkt\\\/ciagnik-rolniczy-agrotron-120-deutz-fahr\\\/#breadcrumb\",\"itemListElement\":[{\"@type\":\"ListItem\",\"position\":1,\"name\":\"Strona g\u0142\u00f3wna\",\"item\":\"https:\\\/\\\/hbt.com.pl\\\/maszyny\\\/\"},{\"@type\":\"ListItem\",\"position\":2,\"name\":\"Maszyny rolnicze u\u017cywane\",\"item\":\"https:\\\/\\\/hbt.com.pl\\\/maszyny\\\/maszyny-uzywane\\\/\"},{\"@type\":\"ListItem\",\"position\":3,\"name\":\"Ci\u0105gnik Rolniczy &#8211; Agrotron 120 &#8211; DEUTZ FAHR\"}]},{\"@type\":\"WebSite\",\"@id\":\"https:\\\/\\\/hbt.com.pl\\\/maszyny\\\/#website\",\"url\":\"https:\\\/\\\/hbt.com.pl\\\/maszyny\\\/\",\"name\":\"HBT Roltrac\",\"description\":\"\",\"potentialAction\":[{\"@type\":\"SearchAction\",\"target\":{\"@type\":\"EntryPoint\",\"urlTemplate\":\"https:\\\/\\\/hbt.com.pl\\\/maszyny\\\/?s={search_term_string}\"},\"query-input\":{\"@type\":\"PropertyValueSpecification\",\"valueRequired\":true,\"valueName\":\"search_term_string\"}}],\"inLanguage\":\"pl-PL\"}]}<\/script>\n<!-- \/ Yoast SEO plugin. -->","yoast_head_json":{"title":"Ci\u0105gnik Rolniczy - Agrotron 120 - DEUTZ FAHR - HBT Roltrac","robots":{"index":"index","follow":"follow","max-snippet":"max-snippet:-1","max-image-preview":"max-image-preview:large","max-video-preview":"max-video-preview:-1"},"canonical":"https:\/\/hbt.com.pl\/maszyny\/produkt\/ciagnik-rolniczy-agrotron-120-deutz-fahr\/","og_locale":"pl_PL","og_type":"article","og_title":"Ci\u0105gnik Rolniczy - Agrotron 120 - DEUTZ FAHR - HBT Roltrac","og_description":"Rok produkcji 2006  Kraj pochodzenia Francja","og_url":"https:\/\/hbt.com.pl\/maszyny\/produkt\/ciagnik-rolniczy-agrotron-120-deutz-fahr\/","og_site_name":"HBT Roltrac","article_modified_time":"2023-11-30T14:33:30+00:00","og_image":[{"width":1728,"height":1152,"url":"https:\/\/hbt.com.pl\/maszyny\/wp-content\/uploads\/2023\/11\/20230302_114403-scaled-e1701354589918.jpg","type":"image\/jpeg"}],"twitter_card":"summary_large_image","twitter_misc":{"Szacowany czas czytania":"1 minuta"},"schema":{"@context":"https:\/\/schema.org","@graph":[{"@type":"WebPage","@id":"https:\/\/hbt.com.pl\/maszyny\/produkt\/ciagnik-rolniczy-agrotron-120-deutz-fahr\/","url":"https:\/\/hbt.com.pl\/maszyny\/produkt\/ciagnik-rolniczy-agrotron-120-deutz-fahr\/","name":"Ci\u0105gnik Rolniczy - Agrotron 120 - DEUTZ FAHR - HBT Roltrac","isPartOf":{"@id":"https:\/\/hbt.com.pl\/maszyny\/#website"},"primaryImageOfPage":{"@id":"https:\/\/hbt.com.pl\/maszyny\/produkt\/ciagnik-rolniczy-agrotron-120-deutz-fahr\/#primaryimage"},"image":{"@id":"https:\/\/hbt.com.pl\/maszyny\/produkt\/ciagnik-rolniczy-agrotron-120-deutz-fahr\/#primaryimage"},"thumbnailUrl":"https:\/\/hbt.com.pl\/maszyny\/wp-content\/uploads\/2023\/11\/20230302_114403-scaled-e1701354589918.jpg","datePublished":"2023-11-29T11:31:54+00:00","dateModified":"2023-11-30T14:33:30+00:00","breadcrumb":{"@id":"https:\/\/hbt.com.pl\/maszyny\/produkt\/ciagnik-rolniczy-agrotron-120-deutz-fahr\/#breadcrumb"},"inLanguage":"pl-PL","potentialAction":[{"@type":"ReadAction","target":["https:\/\/hbt.com.pl\/maszyny\/produkt\/ciagnik-rolniczy-agrotron-120-deutz-fahr\/"]}]},{"@type":"ImageObject","inLanguage":"pl-PL","@id":"https:\/\/hbt.com.pl\/maszyny\/produkt\/ciagnik-rolniczy-agrotron-120-deutz-fahr\/#primaryimage","url":"https:\/\/hbt.com.pl\/maszyny\/wp-content\/uploads\/2023\/11\/20230302_114403-scaled-e1701354589918.jpg","contentUrl":"https:\/\/hbt.com.pl\/maszyny\/wp-content\/uploads\/2023\/11\/20230302_114403-scaled-e1701354589918.jpg","width":1728,"height":1152},{"@type":"BreadcrumbList","@id":"https:\/\/hbt.com.pl\/maszyny\/produkt\/ciagnik-rolniczy-agrotron-120-deutz-fahr\/#breadcrumb","itemListElement":[{"@type":"ListItem","position":1,"name":"Strona g\u0142\u00f3wna","item":"https:\/\/hbt.com.pl\/maszyny\/"},{"@type":"ListItem","position":2,"name":"Maszyny rolnicze u\u017cywane","item":"https:\/\/hbt.com.pl\/maszyny\/maszyny-uzywane\/"},{"@type":"ListItem","position":3,"name":"Ci\u0105gnik Rolniczy &#8211; Agrotron 120 &#8211; DEUTZ FAHR"}]},{"@type":"WebSite","@id":"https:\/\/hbt.com.pl\/maszyny\/#website","url":"https:\/\/hbt.com.pl\/maszyny\/","name":"HBT Roltrac","description":"","potentialAction":[{"@type":"SearchAction","target":{"@type":"EntryPoint","urlTemplate":"https:\/\/hbt.com.pl\/maszyny\/?s={search_term_string}"},"query-input":{"@type":"PropertyValueSpecification","valueRequired":true,"valueName":"search_term_string"}}],"inLanguage":"pl-PL"}]}},"_links":{"self":[{"href":"https:\/\/hbt.com.pl\/maszyny\/wp-json\/wp\/v2\/product\/700","targetHints":{"allow":["GET"]}}],"collection":[{"href":"https:\/\/hbt.com.pl\/maszyny\/wp-json\/wp\/v2\/product"}],"about":[{"href":"https:\/\/hbt.com.pl\/maszyny\/wp-json\/wp\/v2\/types\/product"}],"wp:featuredmedia":[{"embeddable":true,"href":"https:\/\/hbt.com.pl\/maszyny\/wp-json\/wp\/v2\/media\/701"}],"wp:attachment":[{"href":"https:\/\/hbt.com.pl\/maszyny\/wp-json\/wp\/v2\/media?parent=700"}],"wp:term":[{"taxonomy":"product_brand","embeddable":true,"href":"https:\/\/hbt.com.pl\/maszyny\/wp-json\/wp\/v2\/product_brand?post=700"},{"taxonomy":"product_cat","embeddable":true,"href":"https:\/\/hbt.com.pl\/maszyny\/wp-json\/wp\/v2\/product_cat?post=700"},{"taxonomy":"product_tag","embeddable":true,"href":"https:\/\/hbt.com.pl\/maszyny\/wp-json\/wp\/v2\/product_tag?post=700"}],"curies":[{"name":"wp","href":"https:\/\/api.w.org\/{rel}","templated":true}]}}