{"id":665,"date":"2023-11-29T08:40:07","date_gmt":"2023-11-29T07:40:07","guid":{"rendered":"https:\/\/hbt.com.pl\/maszyny\/?post_type=product&#038;p=665"},"modified":"2023-11-30T15:32:29","modified_gmt":"2023-11-30T14:32:29","slug":"kombajn-zbozowy-5690-deutz-fahr-htc-balance","status":"publish","type":"product","link":"https:\/\/hbt.com.pl\/maszyny\/produkt\/kombajn-zbozowy-5690-deutz-fahr-htc-balance\/","title":{"rendered":"Kombajn Zbo\u017cowy &#8211; 5690 DEUTZ FAHR HTC Balance"},"content":{"rendered":"<p>&nbsp;<\/p>\n<ul>\n<li><strong>Pojemno\u015b\u0107 zbiornika paliwa<\/strong> 555 l<\/li>\n<li><strong>Szeroko\u015b\u0107 robocza zespo\u0142u \u017cniwnego<\/strong> 630 cm<\/li>\n<li><strong>\u015arednica b\u0119bna zespo\u0142u m\u0142\u00f3c\u0105cego<\/strong> 60 cm<\/li>\n<li><strong>Szeroko\u015b\u0107 b\u0119bna zespo\u0142u m\u0142\u00f3c\u0105cego<\/strong> 152 cm<\/li>\n<li><strong>\u015arednica drugiego b\u0119bna<\/strong> 59 cm<\/li>\n<li><strong>Powierzchnia separacji wytrz\u0105saczy<\/strong> 7,6 m2<\/li>\n<li><strong>D\u0142ugo\u015b\u0107 wytrz\u0105sacza<\/strong> 480 cm<\/li>\n<li><strong>Przek\u0142adnia hydrauliczna\u00a0<\/strong><\/li>\n<li><strong> Liczba bieg\u00f3w do przodu<\/strong> 4<\/li>\n<li><strong>D\u0142ugo\u015b\u0107 ca\u0142kowita (z hederem)<\/strong> 10,89 m<\/li>\n<li><strong>Szeroko\u015b\u0107 bez hederu<\/strong> 3,26 m<\/li>\n<li><strong>Wysoko\u015b\u0107 ca\u0142kowita (z kabin\u0105)<\/strong> 3,99 m<\/li>\n<li><strong> Ca\u0142kowita masa (z kabin\u0105)<\/strong> 12240 kg<\/li>\n<li><strong>Masa bez hederu<\/strong> 11070 kg<\/li>\n<li><strong>Opony na ko\u0142a nap\u0119dowe (prz\u00f3d)<\/strong> 800\/65R32<\/li>\n<li><strong>Opony na ko\u0142a skr\u0119tne (ty\u0142)<\/strong> 500\/60 R22,5<\/li>\n<li><strong>Rok produkcji<\/strong> 2007<\/li>\n<li><strong>Moc<\/strong> 320 KM<\/li>\n<\/ul>\n<p>&nbsp;<\/p>\n<p>Kombajn po kompleksowym przegl\u0105dzie technicznym. Mo\u017cliwo\u015b\u0107 uzyskania atrakcyjnego finasowania<\/p>\n<p>Masz wi\u0119cej pyta\u0144?<\/p>\n<p>Zadzwo\u0144 do doradcy technicznego<\/p>\n<p>783 000 444<\/p>\n","protected":false},"excerpt":{"rendered":"<ul>\n<li><strong>Producent silnika<\/strong> Deutz<\/li>\n<li><strong>Pojemno\u015b\u0107 skokowa<\/strong> 7146 cm3<\/li>\n<li><strong>Liczba cylindr\u00f3w<\/strong> 6<\/li>\n<li><strong>Turbina \/ turbodo\u0142adowanie<\/strong> Tak<\/li>\n<li><strong>Moc znamionowa (kW\/KM)<\/strong> 235 kW \/ 320 KM<\/li>\n<\/ul>\n","protected":false},"featured_media":669,"template":"","meta":[],"product_brand":[],"product_cat":[33],"product_tag":[170,180,181,182,183],"class_list":{"0":"post-665","1":"product","2":"type-product","3":"status-publish","4":"has-post-thumbnail","6":"product_cat-kombajny","7":"product_tag-deutzfahr","8":"product_tag-kombajn","9":"product_tag-kombajnzbozowy","10":"product_tag-kombajnzbozowydeutzfahr","11":"product_tag-uzywanykombajn","12":"pa_liczba-godzin-39","13":"pa_marka-deutz-fahr","14":"pa_moc-215","15":"pa_model-5690-htc-balance","16":"pa_rok-produkcji-217","18":"first","19":"instock","20":"shipping-taxable","21":"purchasable","22":"product-type-simple"},"yoast_head":"<!-- This site is optimized with the Yoast SEO plugin v27.5 - https:\/\/yoast.com\/product\/yoast-seo-wordpress\/ -->\n<title>Kombajn Zbo\u017cowy - 5690 DEUTZ FAHR HTC Balance - HBT Roltrac<\/title>\n<meta name=\"robots\" content=\"index, follow, max-snippet:-1, max-image-preview:large, max-video-preview:-1\" \/>\n<link rel=\"canonical\" href=\"https:\/\/hbt.com.pl\/maszyny\/produkt\/kombajn-zbozowy-5690-deutz-fahr-htc-balance\/\" \/>\n<meta property=\"og:locale\" content=\"pl_PL\" \/>\n<meta property=\"og:type\" content=\"article\" \/>\n<meta property=\"og:title\" content=\"Kombajn Zbo\u017cowy - 5690 DEUTZ FAHR HTC Balance - HBT Roltrac\" \/>\n<meta property=\"og:description\" content=\"Producent silnika Deutz  Pojemno\u015b\u0107 skokowa 7146 cm3  Liczba cylindr\u00f3w 6  Turbina \/ turbodo\u0142adowanie Tak  Moc znamionowa (kW\/KM) 235 kW \/ 320 KM\" \/>\n<meta property=\"og:url\" content=\"https:\/\/hbt.com.pl\/maszyny\/produkt\/kombajn-zbozowy-5690-deutz-fahr-htc-balance\/\" \/>\n<meta property=\"og:site_name\" content=\"HBT Roltrac\" \/>\n<meta property=\"article:modified_time\" content=\"2023-11-30T14:32:29+00:00\" \/>\n<meta property=\"og:image\" content=\"https:\/\/hbt.com.pl\/maszyny\/wp-content\/uploads\/2023\/11\/20220711_134145-scaled-e1701354655363.jpg\" \/>\n\t<meta property=\"og:image:width\" content=\"2560\" \/>\n\t<meta property=\"og:image:height\" content=\"1706\" \/>\n\t<meta property=\"og:image:type\" content=\"image\/jpeg\" \/>\n<meta name=\"twitter:card\" content=\"summary_large_image\" \/>\n<meta name=\"twitter:label1\" content=\"Szacowany czas czytania\" \/>\n\t<meta name=\"twitter:data1\" content=\"1 minuta\" \/>\n<script type=\"application\/ld+json\" class=\"yoast-schema-graph\">{\"@context\":\"https:\\\/\\\/schema.org\",\"@graph\":[{\"@type\":\"WebPage\",\"@id\":\"https:\\\/\\\/hbt.com.pl\\\/maszyny\\\/produkt\\\/kombajn-zbozowy-5690-deutz-fahr-htc-balance\\\/\",\"url\":\"https:\\\/\\\/hbt.com.pl\\\/maszyny\\\/produkt\\\/kombajn-zbozowy-5690-deutz-fahr-htc-balance\\\/\",\"name\":\"Kombajn Zbo\u017cowy - 5690 DEUTZ FAHR HTC Balance - HBT Roltrac\",\"isPartOf\":{\"@id\":\"https:\\\/\\\/hbt.com.pl\\\/maszyny\\\/#website\"},\"primaryImageOfPage\":{\"@id\":\"https:\\\/\\\/hbt.com.pl\\\/maszyny\\\/produkt\\\/kombajn-zbozowy-5690-deutz-fahr-htc-balance\\\/#primaryimage\"},\"image\":{\"@id\":\"https:\\\/\\\/hbt.com.pl\\\/maszyny\\\/produkt\\\/kombajn-zbozowy-5690-deutz-fahr-htc-balance\\\/#primaryimage\"},\"thumbnailUrl\":\"https:\\\/\\\/hbt.com.pl\\\/maszyny\\\/wp-content\\\/uploads\\\/2023\\\/11\\\/20220711_134145-scaled-e1701354655363.jpg\",\"datePublished\":\"2023-11-29T07:40:07+00:00\",\"dateModified\":\"2023-11-30T14:32:29+00:00\",\"breadcrumb\":{\"@id\":\"https:\\\/\\\/hbt.com.pl\\\/maszyny\\\/produkt\\\/kombajn-zbozowy-5690-deutz-fahr-htc-balance\\\/#breadcrumb\"},\"inLanguage\":\"pl-PL\",\"potentialAction\":[{\"@type\":\"ReadAction\",\"target\":[\"https:\\\/\\\/hbt.com.pl\\\/maszyny\\\/produkt\\\/kombajn-zbozowy-5690-deutz-fahr-htc-balance\\\/\"]}]},{\"@type\":\"ImageObject\",\"inLanguage\":\"pl-PL\",\"@id\":\"https:\\\/\\\/hbt.com.pl\\\/maszyny\\\/produkt\\\/kombajn-zbozowy-5690-deutz-fahr-htc-balance\\\/#primaryimage\",\"url\":\"https:\\\/\\\/hbt.com.pl\\\/maszyny\\\/wp-content\\\/uploads\\\/2023\\\/11\\\/20220711_134145-scaled-e1701354655363.jpg\",\"contentUrl\":\"https:\\\/\\\/hbt.com.pl\\\/maszyny\\\/wp-content\\\/uploads\\\/2023\\\/11\\\/20220711_134145-scaled-e1701354655363.jpg\",\"width\":2560,\"height\":1706},{\"@type\":\"BreadcrumbList\",\"@id\":\"https:\\\/\\\/hbt.com.pl\\\/maszyny\\\/produkt\\\/kombajn-zbozowy-5690-deutz-fahr-htc-balance\\\/#breadcrumb\",\"itemListElement\":[{\"@type\":\"ListItem\",\"position\":1,\"name\":\"Strona g\u0142\u00f3wna\",\"item\":\"https:\\\/\\\/hbt.com.pl\\\/maszyny\\\/\"},{\"@type\":\"ListItem\",\"position\":2,\"name\":\"Maszyny rolnicze u\u017cywane\",\"item\":\"https:\\\/\\\/hbt.com.pl\\\/maszyny\\\/maszyny-uzywane\\\/\"},{\"@type\":\"ListItem\",\"position\":3,\"name\":\"Kombajn Zbo\u017cowy &#8211; 5690 DEUTZ FAHR HTC Balance\"}]},{\"@type\":\"WebSite\",\"@id\":\"https:\\\/\\\/hbt.com.pl\\\/maszyny\\\/#website\",\"url\":\"https:\\\/\\\/hbt.com.pl\\\/maszyny\\\/\",\"name\":\"HBT Roltrac\",\"description\":\"\",\"potentialAction\":[{\"@type\":\"SearchAction\",\"target\":{\"@type\":\"EntryPoint\",\"urlTemplate\":\"https:\\\/\\\/hbt.com.pl\\\/maszyny\\\/?s={search_term_string}\"},\"query-input\":{\"@type\":\"PropertyValueSpecification\",\"valueRequired\":true,\"valueName\":\"search_term_string\"}}],\"inLanguage\":\"pl-PL\"}]}<\/script>\n<!-- \/ Yoast SEO plugin. -->","yoast_head_json":{"title":"Kombajn Zbo\u017cowy - 5690 DEUTZ FAHR HTC Balance - HBT Roltrac","robots":{"index":"index","follow":"follow","max-snippet":"max-snippet:-1","max-image-preview":"max-image-preview:large","max-video-preview":"max-video-preview:-1"},"canonical":"https:\/\/hbt.com.pl\/maszyny\/produkt\/kombajn-zbozowy-5690-deutz-fahr-htc-balance\/","og_locale":"pl_PL","og_type":"article","og_title":"Kombajn Zbo\u017cowy - 5690 DEUTZ FAHR HTC Balance - HBT Roltrac","og_description":"Producent silnika Deutz  Pojemno\u015b\u0107 skokowa 7146 cm3  Liczba cylindr\u00f3w 6  Turbina \/ turbodo\u0142adowanie Tak  Moc znamionowa (kW\/KM) 235 kW \/ 320 KM","og_url":"https:\/\/hbt.com.pl\/maszyny\/produkt\/kombajn-zbozowy-5690-deutz-fahr-htc-balance\/","og_site_name":"HBT Roltrac","article_modified_time":"2023-11-30T14:32:29+00:00","og_image":[{"width":2560,"height":1706,"url":"https:\/\/hbt.com.pl\/maszyny\/wp-content\/uploads\/2023\/11\/20220711_134145-scaled-e1701354655363.jpg","type":"image\/jpeg"}],"twitter_card":"summary_large_image","twitter_misc":{"Szacowany czas czytania":"1 minuta"},"schema":{"@context":"https:\/\/schema.org","@graph":[{"@type":"WebPage","@id":"https:\/\/hbt.com.pl\/maszyny\/produkt\/kombajn-zbozowy-5690-deutz-fahr-htc-balance\/","url":"https:\/\/hbt.com.pl\/maszyny\/produkt\/kombajn-zbozowy-5690-deutz-fahr-htc-balance\/","name":"Kombajn Zbo\u017cowy - 5690 DEUTZ FAHR HTC Balance - HBT Roltrac","isPartOf":{"@id":"https:\/\/hbt.com.pl\/maszyny\/#website"},"primaryImageOfPage":{"@id":"https:\/\/hbt.com.pl\/maszyny\/produkt\/kombajn-zbozowy-5690-deutz-fahr-htc-balance\/#primaryimage"},"image":{"@id":"https:\/\/hbt.com.pl\/maszyny\/produkt\/kombajn-zbozowy-5690-deutz-fahr-htc-balance\/#primaryimage"},"thumbnailUrl":"https:\/\/hbt.com.pl\/maszyny\/wp-content\/uploads\/2023\/11\/20220711_134145-scaled-e1701354655363.jpg","datePublished":"2023-11-29T07:40:07+00:00","dateModified":"2023-11-30T14:32:29+00:00","breadcrumb":{"@id":"https:\/\/hbt.com.pl\/maszyny\/produkt\/kombajn-zbozowy-5690-deutz-fahr-htc-balance\/#breadcrumb"},"inLanguage":"pl-PL","potentialAction":[{"@type":"ReadAction","target":["https:\/\/hbt.com.pl\/maszyny\/produkt\/kombajn-zbozowy-5690-deutz-fahr-htc-balance\/"]}]},{"@type":"ImageObject","inLanguage":"pl-PL","@id":"https:\/\/hbt.com.pl\/maszyny\/produkt\/kombajn-zbozowy-5690-deutz-fahr-htc-balance\/#primaryimage","url":"https:\/\/hbt.com.pl\/maszyny\/wp-content\/uploads\/2023\/11\/20220711_134145-scaled-e1701354655363.jpg","contentUrl":"https:\/\/hbt.com.pl\/maszyny\/wp-content\/uploads\/2023\/11\/20220711_134145-scaled-e1701354655363.jpg","width":2560,"height":1706},{"@type":"BreadcrumbList","@id":"https:\/\/hbt.com.pl\/maszyny\/produkt\/kombajn-zbozowy-5690-deutz-fahr-htc-balance\/#breadcrumb","itemListElement":[{"@type":"ListItem","position":1,"name":"Strona g\u0142\u00f3wna","item":"https:\/\/hbt.com.pl\/maszyny\/"},{"@type":"ListItem","position":2,"name":"Maszyny rolnicze u\u017cywane","item":"https:\/\/hbt.com.pl\/maszyny\/maszyny-uzywane\/"},{"@type":"ListItem","position":3,"name":"Kombajn Zbo\u017cowy &#8211; 5690 DEUTZ FAHR HTC Balance"}]},{"@type":"WebSite","@id":"https:\/\/hbt.com.pl\/maszyny\/#website","url":"https:\/\/hbt.com.pl\/maszyny\/","name":"HBT Roltrac","description":"","potentialAction":[{"@type":"SearchAction","target":{"@type":"EntryPoint","urlTemplate":"https:\/\/hbt.com.pl\/maszyny\/?s={search_term_string}"},"query-input":{"@type":"PropertyValueSpecification","valueRequired":true,"valueName":"search_term_string"}}],"inLanguage":"pl-PL"}]}},"_links":{"self":[{"href":"https:\/\/hbt.com.pl\/maszyny\/wp-json\/wp\/v2\/product\/665","targetHints":{"allow":["GET"]}}],"collection":[{"href":"https:\/\/hbt.com.pl\/maszyny\/wp-json\/wp\/v2\/product"}],"about":[{"href":"https:\/\/hbt.com.pl\/maszyny\/wp-json\/wp\/v2\/types\/product"}],"wp:featuredmedia":[{"embeddable":true,"href":"https:\/\/hbt.com.pl\/maszyny\/wp-json\/wp\/v2\/media\/669"}],"wp:attachment":[{"href":"https:\/\/hbt.com.pl\/maszyny\/wp-json\/wp\/v2\/media?parent=665"}],"wp:term":[{"taxonomy":"product_brand","embeddable":true,"href":"https:\/\/hbt.com.pl\/maszyny\/wp-json\/wp\/v2\/product_brand?post=665"},{"taxonomy":"product_cat","embeddable":true,"href":"https:\/\/hbt.com.pl\/maszyny\/wp-json\/wp\/v2\/product_cat?post=665"},{"taxonomy":"product_tag","embeddable":true,"href":"https:\/\/hbt.com.pl\/maszyny\/wp-json\/wp\/v2\/product_tag?post=665"}],"curies":[{"name":"wp","href":"https:\/\/api.w.org\/{rel}","templated":true}]}}