{"id":654,"date":"2023-11-29T08:07:38","date_gmt":"2023-11-29T07:07:38","guid":{"rendered":"https:\/\/hbt.com.pl\/maszyny\/?post_type=product&#038;p=654"},"modified":"2023-12-01T16:24:20","modified_gmt":"2023-12-01T15:24:20","slug":"ciagnik-rolniczy-agrotron-165-7-deutz-fahr","status":"publish","type":"product","link":"https:\/\/hbt.com.pl\/maszyny\/produkt\/ciagnik-rolniczy-agrotron-165-7-deutz-fahr\/","title":{"rendered":"Ci\u0105gnik Rolniczy &#8211; Agrotron 165.7 &#8211; DEUTZ FAHR"},"content":{"rendered":"<ul>\n<li><strong>SILNIK<\/strong> Typ BF6M1013EC<\/li>\n<li><strong>Moc [KM] <\/strong>162<\/li>\n<li><strong>Maksymalny moment obrotowy<\/strong> 660<\/li>\n<li><strong>Pojemno\u015b\u0107 [cm3] <\/strong>7 146<\/li>\n<li><strong>Ilo\u015b\u0107 cylindr\u00f3w<\/strong> 6<\/li>\n<li><strong>Uk\u0142ad wtryskowy<\/strong> Mechaniczny<\/li>\n<li><strong>Typ ch\u0142odzenia<\/strong> Ciecz<\/li>\n<li><strong>UK\u0141AD NAP\u0118DOWY<\/strong><\/li>\n<li><strong>Skrzynia<\/strong> przek\u0142adniowa<\/li>\n<li><strong>Liczba bieg\u00f3w do przodu<\/strong> 24<\/li>\n<li><strong>Liczba bieg\u00f3w do ty\u0142u<\/strong> 24<\/li>\n<li><strong>Zmiana kierunku jazdy (rewers)<\/strong> Hydrauliczny<\/li>\n<li><strong>Pr\u0119dko\u015b\u0107 max<\/strong> 50<\/li>\n<li><strong>Nap\u0119d<\/strong> 4&#215;4<\/li>\n<li><strong>UK\u0141ADY AGREGOWANIA<\/strong><\/li>\n<li><strong>Ud\u017awig<\/strong> TUZ 9200 kg<\/li>\n<li><strong>Kategoria<\/strong> TUZII<\/li>\n<li><strong>Wydatek hydrauliki zewn.<\/strong> 120<\/li>\n<li><strong>Liczba wyj\u015b\u0107 hydrauliki zewn.<\/strong> 6<\/li>\n<li><strong>WOM<\/strong> &#8211; rodzaj Niezale\u017cny<\/li>\n<li><strong>WOM<\/strong> &#8211; pr\u0119dko\u015bci 1000 \/ 1000E\/ 540 \/ 750<\/li>\n<li><strong>Kraj pochodzenia\u00a0<\/strong>Francja<\/li>\n<li><strong>Rok Produkcji <\/strong>2006<\/li>\n<li><strong>Motogodziny<\/strong> 8 790 mth<\/li>\n<li><strong>Mo\u017cliwo\u015b\u0107 finansowania <\/strong>Tak<\/li>\n<\/ul>\n<p>&nbsp;<\/p>\n<p>Ci\u0105gnik po kompleksowym przegl\u0105dzie technicznym w autoryzowanym serwisie.<\/p>\n<p>Masz wi\u0119cej pyta\u0144?<\/p>\n<p>Zadzwo\u0144 do doradcy technicznego<\/p>\n<p>783 000 444<\/p>\n","protected":false},"excerpt":{"rendered":"<p>SILNIK Typ BF6M1013EC Moc [KM] 162 Maksymalny moment obrotowy 660  [&#8230;]<\/p>\n","protected":false},"featured_media":655,"template":"","meta":[],"product_brand":[],"product_cat":[31],"product_tag":[175,178,179,176,170,177],"class_list":{"0":"post-654","1":"product","2":"type-product","3":"status-publish","4":"has-post-thumbnail","6":"product_cat-ciagniki-rolnicze","7":"product_tag-ciagnikuzywany","8":"product_tag-agrotron","9":"product_tag-agrotrondeutzfahr","10":"product_tag-ciagnikdeutzfahr","11":"product_tag-deutzfahr","12":"product_tag-deutzfahrtractor","13":"pa_liczba-godzin-8-790","14":"pa_marka-deutz-fahr","15":"pa_moc-214","16":"pa_model-agrotron-165-7","17":"pa_rok-produkcji-212","19":"first","20":"instock","21":"shipping-taxable","22":"purchasable","23":"product-type-simple"},"yoast_head":"<!-- This site is optimized with the Yoast SEO plugin v27.5 - https:\/\/yoast.com\/product\/yoast-seo-wordpress\/ -->\n<title>Ci\u0105gnik Rolniczy - Agrotron 165.7 - DEUTZ FAHR - HBT Roltrac<\/title>\n<meta name=\"robots\" content=\"index, follow, max-snippet:-1, max-image-preview:large, max-video-preview:-1\" \/>\n<link rel=\"canonical\" href=\"https:\/\/hbt.com.pl\/maszyny\/produkt\/ciagnik-rolniczy-agrotron-165-7-deutz-fahr\/\" \/>\n<meta property=\"og:locale\" content=\"pl_PL\" \/>\n<meta property=\"og:type\" content=\"article\" \/>\n<meta property=\"og:title\" content=\"Ci\u0105gnik Rolniczy - Agrotron 165.7 - DEUTZ FAHR - HBT Roltrac\" \/>\n<meta property=\"og:description\" content=\"SILNIK Typ BF6M1013EC Moc [KM] 162 Maksymalny moment obrotowy 660 [...]\" \/>\n<meta property=\"og:url\" content=\"https:\/\/hbt.com.pl\/maszyny\/produkt\/ciagnik-rolniczy-agrotron-165-7-deutz-fahr\/\" \/>\n<meta property=\"og:site_name\" content=\"HBT Roltrac\" \/>\n<meta property=\"article:modified_time\" content=\"2023-12-01T15:24:20+00:00\" \/>\n<meta property=\"og:image\" content=\"https:\/\/hbt.com.pl\/maszyny\/wp-content\/uploads\/2023\/11\/20231116_144043-rotated-e1701354412823.jpg\" \/>\n\t<meta property=\"og:image:width\" content=\"1152\" \/>\n\t<meta property=\"og:image:height\" content=\"1152\" \/>\n\t<meta property=\"og:image:type\" content=\"image\/jpeg\" \/>\n<meta name=\"twitter:card\" content=\"summary_large_image\" \/>\n<meta name=\"twitter:label1\" content=\"Szacowany czas czytania\" \/>\n\t<meta name=\"twitter:data1\" content=\"1 minuta\" \/>\n<script type=\"application\/ld+json\" class=\"yoast-schema-graph\">{\"@context\":\"https:\\\/\\\/schema.org\",\"@graph\":[{\"@type\":\"WebPage\",\"@id\":\"https:\\\/\\\/hbt.com.pl\\\/maszyny\\\/produkt\\\/ciagnik-rolniczy-agrotron-165-7-deutz-fahr\\\/\",\"url\":\"https:\\\/\\\/hbt.com.pl\\\/maszyny\\\/produkt\\\/ciagnik-rolniczy-agrotron-165-7-deutz-fahr\\\/\",\"name\":\"Ci\u0105gnik Rolniczy - Agrotron 165.7 - DEUTZ FAHR - HBT Roltrac\",\"isPartOf\":{\"@id\":\"https:\\\/\\\/hbt.com.pl\\\/maszyny\\\/#website\"},\"primaryImageOfPage\":{\"@id\":\"https:\\\/\\\/hbt.com.pl\\\/maszyny\\\/produkt\\\/ciagnik-rolniczy-agrotron-165-7-deutz-fahr\\\/#primaryimage\"},\"image\":{\"@id\":\"https:\\\/\\\/hbt.com.pl\\\/maszyny\\\/produkt\\\/ciagnik-rolniczy-agrotron-165-7-deutz-fahr\\\/#primaryimage\"},\"thumbnailUrl\":\"https:\\\/\\\/hbt.com.pl\\\/maszyny\\\/wp-content\\\/uploads\\\/2023\\\/11\\\/20231116_144043-rotated-e1701354412823.jpg\",\"datePublished\":\"2023-11-29T07:07:38+00:00\",\"dateModified\":\"2023-12-01T15:24:20+00:00\",\"breadcrumb\":{\"@id\":\"https:\\\/\\\/hbt.com.pl\\\/maszyny\\\/produkt\\\/ciagnik-rolniczy-agrotron-165-7-deutz-fahr\\\/#breadcrumb\"},\"inLanguage\":\"pl-PL\",\"potentialAction\":[{\"@type\":\"ReadAction\",\"target\":[\"https:\\\/\\\/hbt.com.pl\\\/maszyny\\\/produkt\\\/ciagnik-rolniczy-agrotron-165-7-deutz-fahr\\\/\"]}]},{\"@type\":\"ImageObject\",\"inLanguage\":\"pl-PL\",\"@id\":\"https:\\\/\\\/hbt.com.pl\\\/maszyny\\\/produkt\\\/ciagnik-rolniczy-agrotron-165-7-deutz-fahr\\\/#primaryimage\",\"url\":\"https:\\\/\\\/hbt.com.pl\\\/maszyny\\\/wp-content\\\/uploads\\\/2023\\\/11\\\/20231116_144043-rotated-e1701354412823.jpg\",\"contentUrl\":\"https:\\\/\\\/hbt.com.pl\\\/maszyny\\\/wp-content\\\/uploads\\\/2023\\\/11\\\/20231116_144043-rotated-e1701354412823.jpg\",\"width\":1152,\"height\":1152},{\"@type\":\"BreadcrumbList\",\"@id\":\"https:\\\/\\\/hbt.com.pl\\\/maszyny\\\/produkt\\\/ciagnik-rolniczy-agrotron-165-7-deutz-fahr\\\/#breadcrumb\",\"itemListElement\":[{\"@type\":\"ListItem\",\"position\":1,\"name\":\"Strona g\u0142\u00f3wna\",\"item\":\"https:\\\/\\\/hbt.com.pl\\\/maszyny\\\/\"},{\"@type\":\"ListItem\",\"position\":2,\"name\":\"Maszyny rolnicze u\u017cywane\",\"item\":\"https:\\\/\\\/hbt.com.pl\\\/maszyny\\\/maszyny-uzywane\\\/\"},{\"@type\":\"ListItem\",\"position\":3,\"name\":\"Ci\u0105gnik Rolniczy &#8211; Agrotron 165.7 &#8211; DEUTZ FAHR\"}]},{\"@type\":\"WebSite\",\"@id\":\"https:\\\/\\\/hbt.com.pl\\\/maszyny\\\/#website\",\"url\":\"https:\\\/\\\/hbt.com.pl\\\/maszyny\\\/\",\"name\":\"HBT Roltrac\",\"description\":\"\",\"potentialAction\":[{\"@type\":\"SearchAction\",\"target\":{\"@type\":\"EntryPoint\",\"urlTemplate\":\"https:\\\/\\\/hbt.com.pl\\\/maszyny\\\/?s={search_term_string}\"},\"query-input\":{\"@type\":\"PropertyValueSpecification\",\"valueRequired\":true,\"valueName\":\"search_term_string\"}}],\"inLanguage\":\"pl-PL\"}]}<\/script>\n<!-- \/ Yoast SEO plugin. -->","yoast_head_json":{"title":"Ci\u0105gnik Rolniczy - Agrotron 165.7 - DEUTZ FAHR - HBT Roltrac","robots":{"index":"index","follow":"follow","max-snippet":"max-snippet:-1","max-image-preview":"max-image-preview:large","max-video-preview":"max-video-preview:-1"},"canonical":"https:\/\/hbt.com.pl\/maszyny\/produkt\/ciagnik-rolniczy-agrotron-165-7-deutz-fahr\/","og_locale":"pl_PL","og_type":"article","og_title":"Ci\u0105gnik Rolniczy - Agrotron 165.7 - DEUTZ FAHR - HBT Roltrac","og_description":"SILNIK Typ BF6M1013EC Moc [KM] 162 Maksymalny moment obrotowy 660 [...]","og_url":"https:\/\/hbt.com.pl\/maszyny\/produkt\/ciagnik-rolniczy-agrotron-165-7-deutz-fahr\/","og_site_name":"HBT Roltrac","article_modified_time":"2023-12-01T15:24:20+00:00","og_image":[{"width":1152,"height":1152,"url":"https:\/\/hbt.com.pl\/maszyny\/wp-content\/uploads\/2023\/11\/20231116_144043-rotated-e1701354412823.jpg","type":"image\/jpeg"}],"twitter_card":"summary_large_image","twitter_misc":{"Szacowany czas czytania":"1 minuta"},"schema":{"@context":"https:\/\/schema.org","@graph":[{"@type":"WebPage","@id":"https:\/\/hbt.com.pl\/maszyny\/produkt\/ciagnik-rolniczy-agrotron-165-7-deutz-fahr\/","url":"https:\/\/hbt.com.pl\/maszyny\/produkt\/ciagnik-rolniczy-agrotron-165-7-deutz-fahr\/","name":"Ci\u0105gnik Rolniczy - Agrotron 165.7 - DEUTZ FAHR - HBT Roltrac","isPartOf":{"@id":"https:\/\/hbt.com.pl\/maszyny\/#website"},"primaryImageOfPage":{"@id":"https:\/\/hbt.com.pl\/maszyny\/produkt\/ciagnik-rolniczy-agrotron-165-7-deutz-fahr\/#primaryimage"},"image":{"@id":"https:\/\/hbt.com.pl\/maszyny\/produkt\/ciagnik-rolniczy-agrotron-165-7-deutz-fahr\/#primaryimage"},"thumbnailUrl":"https:\/\/hbt.com.pl\/maszyny\/wp-content\/uploads\/2023\/11\/20231116_144043-rotated-e1701354412823.jpg","datePublished":"2023-11-29T07:07:38+00:00","dateModified":"2023-12-01T15:24:20+00:00","breadcrumb":{"@id":"https:\/\/hbt.com.pl\/maszyny\/produkt\/ciagnik-rolniczy-agrotron-165-7-deutz-fahr\/#breadcrumb"},"inLanguage":"pl-PL","potentialAction":[{"@type":"ReadAction","target":["https:\/\/hbt.com.pl\/maszyny\/produkt\/ciagnik-rolniczy-agrotron-165-7-deutz-fahr\/"]}]},{"@type":"ImageObject","inLanguage":"pl-PL","@id":"https:\/\/hbt.com.pl\/maszyny\/produkt\/ciagnik-rolniczy-agrotron-165-7-deutz-fahr\/#primaryimage","url":"https:\/\/hbt.com.pl\/maszyny\/wp-content\/uploads\/2023\/11\/20231116_144043-rotated-e1701354412823.jpg","contentUrl":"https:\/\/hbt.com.pl\/maszyny\/wp-content\/uploads\/2023\/11\/20231116_144043-rotated-e1701354412823.jpg","width":1152,"height":1152},{"@type":"BreadcrumbList","@id":"https:\/\/hbt.com.pl\/maszyny\/produkt\/ciagnik-rolniczy-agrotron-165-7-deutz-fahr\/#breadcrumb","itemListElement":[{"@type":"ListItem","position":1,"name":"Strona g\u0142\u00f3wna","item":"https:\/\/hbt.com.pl\/maszyny\/"},{"@type":"ListItem","position":2,"name":"Maszyny rolnicze u\u017cywane","item":"https:\/\/hbt.com.pl\/maszyny\/maszyny-uzywane\/"},{"@type":"ListItem","position":3,"name":"Ci\u0105gnik Rolniczy &#8211; Agrotron 165.7 &#8211; DEUTZ FAHR"}]},{"@type":"WebSite","@id":"https:\/\/hbt.com.pl\/maszyny\/#website","url":"https:\/\/hbt.com.pl\/maszyny\/","name":"HBT Roltrac","description":"","potentialAction":[{"@type":"SearchAction","target":{"@type":"EntryPoint","urlTemplate":"https:\/\/hbt.com.pl\/maszyny\/?s={search_term_string}"},"query-input":{"@type":"PropertyValueSpecification","valueRequired":true,"valueName":"search_term_string"}}],"inLanguage":"pl-PL"}]}},"_links":{"self":[{"href":"https:\/\/hbt.com.pl\/maszyny\/wp-json\/wp\/v2\/product\/654","targetHints":{"allow":["GET"]}}],"collection":[{"href":"https:\/\/hbt.com.pl\/maszyny\/wp-json\/wp\/v2\/product"}],"about":[{"href":"https:\/\/hbt.com.pl\/maszyny\/wp-json\/wp\/v2\/types\/product"}],"wp:featuredmedia":[{"embeddable":true,"href":"https:\/\/hbt.com.pl\/maszyny\/wp-json\/wp\/v2\/media\/655"}],"wp:attachment":[{"href":"https:\/\/hbt.com.pl\/maszyny\/wp-json\/wp\/v2\/media?parent=654"}],"wp:term":[{"taxonomy":"product_brand","embeddable":true,"href":"https:\/\/hbt.com.pl\/maszyny\/wp-json\/wp\/v2\/product_brand?post=654"},{"taxonomy":"product_cat","embeddable":true,"href":"https:\/\/hbt.com.pl\/maszyny\/wp-json\/wp\/v2\/product_cat?post=654"},{"taxonomy":"product_tag","embeddable":true,"href":"https:\/\/hbt.com.pl\/maszyny\/wp-json\/wp\/v2\/product_tag?post=654"}],"curies":[{"name":"wp","href":"https:\/\/api.w.org\/{rel}","templated":true}]}}