{"id":613,"date":"2023-11-28T14:28:02","date_gmt":"2023-11-28T13:28:02","guid":{"rendered":"https:\/\/hbt.com.pl\/maszyny\/?post_type=product&#038;p=613"},"modified":"2023-11-30T15:31:59","modified_gmt":"2023-11-30T14:31:59","slug":"ciagnik-rolniczy-agrotron-6190-deutz-fahr","status":"publish","type":"product","link":"https:\/\/hbt.com.pl\/maszyny\/produkt\/ciagnik-rolniczy-agrotron-6190-deutz-fahr\/","title":{"rendered":"Ci\u0105gnik Rolniczy &#8211; Agrotron &#8211; 6190 &#8211; DEUTZ FAHR"},"content":{"rendered":"<ul>\n<li><strong>Moc<\/strong> 184 Km<\/li>\n<li><strong>Silnik<\/strong> 6,1 L ,6 cyl.<\/li>\n<li><strong>Kabina<\/strong> amortyzowana pneumatycznie<\/li>\n<li><strong>O\u015b przednia<\/strong> amortyzowana<\/li>\n<li><strong>Klimatyzacja<\/strong> automatyczna<\/li>\n<li><strong>Skrzynia<\/strong> bezstopniowa TTV<\/li>\n<li><strong>Ogumienie<\/strong> 540\/65 R28 650\/65 R38 ( nowe )<\/li>\n<li><strong>Przedni podno\u015bnik<\/strong> ud\u017awig 4000 kg<\/li>\n<li><strong>Podno\u015bnik tylny<\/strong> ud\u017awig 9200 kg<\/li>\n<li><strong>Hamulce<\/strong> do przyczep hydrauliczne<\/li>\n<li><strong>Rok produkcji\u00a0<\/strong>2012<\/li>\n<li><strong>Motogodziny\u00a0<\/strong>6 500 mth<\/li>\n<li><strong>Nap\u0119d <\/strong>4WD (4&#215;4)<\/li>\n<li><strong>Mo\u017cliwo\u015b\u0107 finansowania <\/strong>Tak<\/li>\n<li><strong>Zarejestrowany w Polsce\u00a0<\/strong>Tak<\/li>\n<li><strong>Stan\u00a0<\/strong>U\u017cywane<\/li>\n<li><strong>Kraj pochodzenia<\/strong> Francja<\/li>\n<\/ul>\n<p>&nbsp;<\/p>\n<p>Ci\u0105gnik po kompleksowym przegl\u0105dzie technicznym.<\/p>\n<p>&nbsp;<\/p>\n<p>Masz wi\u0119cej pyta\u0144?<\/p>\n<p>Zadzwo\u0144 do doradcy technicznego<\/p>\n<p>783 000 444<\/p>\n","protected":false},"excerpt":{"rendered":"<p>Moc 184 Km Silnik 6,1 L ,6 cyl. Kabina amortyzowana  [&#8230;]<\/p>\n","protected":false},"featured_media":645,"template":"","meta":[],"product_brand":[],"product_cat":[31],"product_tag":[171,172,170,173,174],"class_list":{"0":"post-613","1":"product","2":"type-product","3":"status-publish","4":"has-post-thumbnail","6":"product_cat-ciagniki-rolnicze","7":"product_tag-ciagnik","8":"product_tag-ciagnikrolniczy","9":"product_tag-deutzfahr","10":"product_tag-tractor","11":"product_tag-tractordeutzfahr","12":"pa_liczba-godzin-209","13":"pa_marka-deutz-fahr","14":"pa_moc-207","15":"pa_model-agrotron-6190","16":"pa_rok-produkcji-201","18":"first","19":"instock","20":"shipping-taxable","21":"purchasable","22":"product-type-simple"},"yoast_head":"<!-- This site is optimized with the Yoast SEO plugin v27.5 - https:\/\/yoast.com\/product\/yoast-seo-wordpress\/ -->\n<title>Ci\u0105gnik Rolniczy - Agrotron - 6190 - DEUTZ FAHR - HBT Roltrac<\/title>\n<meta name=\"robots\" content=\"index, follow, max-snippet:-1, max-image-preview:large, max-video-preview:-1\" \/>\n<link rel=\"canonical\" href=\"https:\/\/hbt.com.pl\/maszyny\/produkt\/ciagnik-rolniczy-agrotron-6190-deutz-fahr\/\" \/>\n<meta property=\"og:locale\" content=\"pl_PL\" \/>\n<meta property=\"og:type\" content=\"article\" \/>\n<meta property=\"og:title\" content=\"Ci\u0105gnik Rolniczy - Agrotron - 6190 - DEUTZ FAHR - HBT Roltrac\" \/>\n<meta property=\"og:description\" content=\"Moc 184 Km Silnik 6,1 L ,6 cyl. Kabina amortyzowana [...]\" \/>\n<meta property=\"og:url\" content=\"https:\/\/hbt.com.pl\/maszyny\/produkt\/ciagnik-rolniczy-agrotron-6190-deutz-fahr\/\" \/>\n<meta property=\"og:site_name\" content=\"HBT Roltrac\" \/>\n<meta property=\"article:modified_time\" content=\"2023-11-30T14:31:59+00:00\" \/>\n<meta property=\"og:image\" content=\"https:\/\/hbt.com.pl\/maszyny\/wp-content\/uploads\/2023\/11\/20230518_122325-scaled-e1701354712720.jpg\" \/>\n\t<meta property=\"og:image:width\" content=\"2163\" \/>\n\t<meta property=\"og:image:height\" content=\"1440\" \/>\n\t<meta property=\"og:image:type\" content=\"image\/jpeg\" \/>\n<meta name=\"twitter:card\" content=\"summary_large_image\" \/>\n<meta name=\"twitter:label1\" content=\"Szacowany czas czytania\" \/>\n\t<meta name=\"twitter:data1\" content=\"1 minuta\" \/>\n<script type=\"application\/ld+json\" class=\"yoast-schema-graph\">{\"@context\":\"https:\\\/\\\/schema.org\",\"@graph\":[{\"@type\":\"WebPage\",\"@id\":\"https:\\\/\\\/hbt.com.pl\\\/maszyny\\\/produkt\\\/ciagnik-rolniczy-agrotron-6190-deutz-fahr\\\/\",\"url\":\"https:\\\/\\\/hbt.com.pl\\\/maszyny\\\/produkt\\\/ciagnik-rolniczy-agrotron-6190-deutz-fahr\\\/\",\"name\":\"Ci\u0105gnik Rolniczy - Agrotron - 6190 - DEUTZ FAHR - HBT Roltrac\",\"isPartOf\":{\"@id\":\"https:\\\/\\\/hbt.com.pl\\\/maszyny\\\/#website\"},\"primaryImageOfPage\":{\"@id\":\"https:\\\/\\\/hbt.com.pl\\\/maszyny\\\/produkt\\\/ciagnik-rolniczy-agrotron-6190-deutz-fahr\\\/#primaryimage\"},\"image\":{\"@id\":\"https:\\\/\\\/hbt.com.pl\\\/maszyny\\\/produkt\\\/ciagnik-rolniczy-agrotron-6190-deutz-fahr\\\/#primaryimage\"},\"thumbnailUrl\":\"https:\\\/\\\/hbt.com.pl\\\/maszyny\\\/wp-content\\\/uploads\\\/2023\\\/11\\\/20230518_122325-scaled-e1701354712720.jpg\",\"datePublished\":\"2023-11-28T13:28:02+00:00\",\"dateModified\":\"2023-11-30T14:31:59+00:00\",\"breadcrumb\":{\"@id\":\"https:\\\/\\\/hbt.com.pl\\\/maszyny\\\/produkt\\\/ciagnik-rolniczy-agrotron-6190-deutz-fahr\\\/#breadcrumb\"},\"inLanguage\":\"pl-PL\",\"potentialAction\":[{\"@type\":\"ReadAction\",\"target\":[\"https:\\\/\\\/hbt.com.pl\\\/maszyny\\\/produkt\\\/ciagnik-rolniczy-agrotron-6190-deutz-fahr\\\/\"]}]},{\"@type\":\"ImageObject\",\"inLanguage\":\"pl-PL\",\"@id\":\"https:\\\/\\\/hbt.com.pl\\\/maszyny\\\/produkt\\\/ciagnik-rolniczy-agrotron-6190-deutz-fahr\\\/#primaryimage\",\"url\":\"https:\\\/\\\/hbt.com.pl\\\/maszyny\\\/wp-content\\\/uploads\\\/2023\\\/11\\\/20230518_122325-scaled-e1701354712720.jpg\",\"contentUrl\":\"https:\\\/\\\/hbt.com.pl\\\/maszyny\\\/wp-content\\\/uploads\\\/2023\\\/11\\\/20230518_122325-scaled-e1701354712720.jpg\",\"width\":2163,\"height\":1440},{\"@type\":\"BreadcrumbList\",\"@id\":\"https:\\\/\\\/hbt.com.pl\\\/maszyny\\\/produkt\\\/ciagnik-rolniczy-agrotron-6190-deutz-fahr\\\/#breadcrumb\",\"itemListElement\":[{\"@type\":\"ListItem\",\"position\":1,\"name\":\"Strona g\u0142\u00f3wna\",\"item\":\"https:\\\/\\\/hbt.com.pl\\\/maszyny\\\/\"},{\"@type\":\"ListItem\",\"position\":2,\"name\":\"Maszyny rolnicze u\u017cywane\",\"item\":\"https:\\\/\\\/hbt.com.pl\\\/maszyny\\\/maszyny-uzywane\\\/\"},{\"@type\":\"ListItem\",\"position\":3,\"name\":\"Ci\u0105gnik Rolniczy &#8211; Agrotron &#8211; 6190 &#8211; DEUTZ FAHR\"}]},{\"@type\":\"WebSite\",\"@id\":\"https:\\\/\\\/hbt.com.pl\\\/maszyny\\\/#website\",\"url\":\"https:\\\/\\\/hbt.com.pl\\\/maszyny\\\/\",\"name\":\"HBT Roltrac\",\"description\":\"\",\"potentialAction\":[{\"@type\":\"SearchAction\",\"target\":{\"@type\":\"EntryPoint\",\"urlTemplate\":\"https:\\\/\\\/hbt.com.pl\\\/maszyny\\\/?s={search_term_string}\"},\"query-input\":{\"@type\":\"PropertyValueSpecification\",\"valueRequired\":true,\"valueName\":\"search_term_string\"}}],\"inLanguage\":\"pl-PL\"}]}<\/script>\n<!-- \/ Yoast SEO plugin. -->","yoast_head_json":{"title":"Ci\u0105gnik Rolniczy - Agrotron - 6190 - DEUTZ FAHR - HBT Roltrac","robots":{"index":"index","follow":"follow","max-snippet":"max-snippet:-1","max-image-preview":"max-image-preview:large","max-video-preview":"max-video-preview:-1"},"canonical":"https:\/\/hbt.com.pl\/maszyny\/produkt\/ciagnik-rolniczy-agrotron-6190-deutz-fahr\/","og_locale":"pl_PL","og_type":"article","og_title":"Ci\u0105gnik Rolniczy - Agrotron - 6190 - DEUTZ FAHR - HBT Roltrac","og_description":"Moc 184 Km Silnik 6,1 L ,6 cyl. Kabina amortyzowana [...]","og_url":"https:\/\/hbt.com.pl\/maszyny\/produkt\/ciagnik-rolniczy-agrotron-6190-deutz-fahr\/","og_site_name":"HBT Roltrac","article_modified_time":"2023-11-30T14:31:59+00:00","og_image":[{"width":2163,"height":1440,"url":"https:\/\/hbt.com.pl\/maszyny\/wp-content\/uploads\/2023\/11\/20230518_122325-scaled-e1701354712720.jpg","type":"image\/jpeg"}],"twitter_card":"summary_large_image","twitter_misc":{"Szacowany czas czytania":"1 minuta"},"schema":{"@context":"https:\/\/schema.org","@graph":[{"@type":"WebPage","@id":"https:\/\/hbt.com.pl\/maszyny\/produkt\/ciagnik-rolniczy-agrotron-6190-deutz-fahr\/","url":"https:\/\/hbt.com.pl\/maszyny\/produkt\/ciagnik-rolniczy-agrotron-6190-deutz-fahr\/","name":"Ci\u0105gnik Rolniczy - Agrotron - 6190 - DEUTZ FAHR - HBT Roltrac","isPartOf":{"@id":"https:\/\/hbt.com.pl\/maszyny\/#website"},"primaryImageOfPage":{"@id":"https:\/\/hbt.com.pl\/maszyny\/produkt\/ciagnik-rolniczy-agrotron-6190-deutz-fahr\/#primaryimage"},"image":{"@id":"https:\/\/hbt.com.pl\/maszyny\/produkt\/ciagnik-rolniczy-agrotron-6190-deutz-fahr\/#primaryimage"},"thumbnailUrl":"https:\/\/hbt.com.pl\/maszyny\/wp-content\/uploads\/2023\/11\/20230518_122325-scaled-e1701354712720.jpg","datePublished":"2023-11-28T13:28:02+00:00","dateModified":"2023-11-30T14:31:59+00:00","breadcrumb":{"@id":"https:\/\/hbt.com.pl\/maszyny\/produkt\/ciagnik-rolniczy-agrotron-6190-deutz-fahr\/#breadcrumb"},"inLanguage":"pl-PL","potentialAction":[{"@type":"ReadAction","target":["https:\/\/hbt.com.pl\/maszyny\/produkt\/ciagnik-rolniczy-agrotron-6190-deutz-fahr\/"]}]},{"@type":"ImageObject","inLanguage":"pl-PL","@id":"https:\/\/hbt.com.pl\/maszyny\/produkt\/ciagnik-rolniczy-agrotron-6190-deutz-fahr\/#primaryimage","url":"https:\/\/hbt.com.pl\/maszyny\/wp-content\/uploads\/2023\/11\/20230518_122325-scaled-e1701354712720.jpg","contentUrl":"https:\/\/hbt.com.pl\/maszyny\/wp-content\/uploads\/2023\/11\/20230518_122325-scaled-e1701354712720.jpg","width":2163,"height":1440},{"@type":"BreadcrumbList","@id":"https:\/\/hbt.com.pl\/maszyny\/produkt\/ciagnik-rolniczy-agrotron-6190-deutz-fahr\/#breadcrumb","itemListElement":[{"@type":"ListItem","position":1,"name":"Strona g\u0142\u00f3wna","item":"https:\/\/hbt.com.pl\/maszyny\/"},{"@type":"ListItem","position":2,"name":"Maszyny rolnicze u\u017cywane","item":"https:\/\/hbt.com.pl\/maszyny\/maszyny-uzywane\/"},{"@type":"ListItem","position":3,"name":"Ci\u0105gnik Rolniczy &#8211; Agrotron &#8211; 6190 &#8211; DEUTZ FAHR"}]},{"@type":"WebSite","@id":"https:\/\/hbt.com.pl\/maszyny\/#website","url":"https:\/\/hbt.com.pl\/maszyny\/","name":"HBT Roltrac","description":"","potentialAction":[{"@type":"SearchAction","target":{"@type":"EntryPoint","urlTemplate":"https:\/\/hbt.com.pl\/maszyny\/?s={search_term_string}"},"query-input":{"@type":"PropertyValueSpecification","valueRequired":true,"valueName":"search_term_string"}}],"inLanguage":"pl-PL"}]}},"_links":{"self":[{"href":"https:\/\/hbt.com.pl\/maszyny\/wp-json\/wp\/v2\/product\/613","targetHints":{"allow":["GET"]}}],"collection":[{"href":"https:\/\/hbt.com.pl\/maszyny\/wp-json\/wp\/v2\/product"}],"about":[{"href":"https:\/\/hbt.com.pl\/maszyny\/wp-json\/wp\/v2\/types\/product"}],"wp:featuredmedia":[{"embeddable":true,"href":"https:\/\/hbt.com.pl\/maszyny\/wp-json\/wp\/v2\/media\/645"}],"wp:attachment":[{"href":"https:\/\/hbt.com.pl\/maszyny\/wp-json\/wp\/v2\/media?parent=613"}],"wp:term":[{"taxonomy":"product_brand","embeddable":true,"href":"https:\/\/hbt.com.pl\/maszyny\/wp-json\/wp\/v2\/product_brand?post=613"},{"taxonomy":"product_cat","embeddable":true,"href":"https:\/\/hbt.com.pl\/maszyny\/wp-json\/wp\/v2\/product_cat?post=613"},{"taxonomy":"product_tag","embeddable":true,"href":"https:\/\/hbt.com.pl\/maszyny\/wp-json\/wp\/v2\/product_tag?post=613"}],"curies":[{"name":"wp","href":"https:\/\/api.w.org\/{rel}","templated":true}]}}