{"id":272,"date":"2023-10-12T10:08:21","date_gmt":"2023-10-12T08:08:21","guid":{"rendered":"https:\/\/hbt.com.pl\/maszyny\/?post_type=product&#038;p=272"},"modified":"2023-10-20T11:02:31","modified_gmt":"2023-10-20T09:02:31","slug":"ciagnik-agrotron-7210-ttv-uzywany-deutz-fahr","status":"publish","type":"product","link":"https:\/\/hbt.com.pl\/maszyny\/produkt\/ciagnik-agrotron-7210-ttv-uzywany-deutz-fahr\/","title":{"rendered":"Ci\u0105gnik Agrotron 7210 TTV \u2013 U\u017cywany \u2013 DEUTZ-FAHR"},"content":{"rendered":"<p>Ci\u0105gnik SPROWADZONY OD AUTORYZOWANEGO DEALERA!<\/p>\n<ul>\n<li>Pierwsze opony od nowo\u015bci Continental.<\/li>\n<li>100% oryginalny lakier<\/li>\n<li>Maszyna dla wymagaj\u0105cych klient\u00f3w<\/li>\n<li>Mo\u017cliwo\u015b\u0107 korzystnego finansowania<\/li>\n<li>Przedni TUZ +WOM wraz z sterowaniem elektrycznym i wyj\u015bciami hydraulicznymi<\/li>\n<\/ul>\n<p>Mo\u017cliwo\u015b\u0107 doposa\u017cenia w:<\/p>\n<ul>\n<li>Uk\u0142ad hamulcowy pneumatyczny dwuobwodowy<\/li>\n<li>Nawigacj\u0119 GPS lub Nawigacj\u0119 z autoprowadzeniem i RTK<\/li>\n<li>Pe\u0142ne o\u015bwietlenie LED WESEM (POLECAMY!)<\/li>\n<li>Pe\u0142ny przegl\u0105d z wymian\u0105 wszystkich p\u0142yn\u00f3w i olej\u00f3w<\/li>\n<li>Pakiet serwisowy w specjalnej cenie!<\/li>\n<\/ul>\n<p>Klient kt\u00f3ry zakupuje maszyny otrzymuje r\u00f3wnie\u017c specjalny sta\u0142y rabat na cz\u0119\u015bci i serwis! &#8211; KlientVIP<br \/>\nStan wizualny: Bardzo dobry<br \/>\nStan techniczny: Bardzo dobry<br \/>\nWi\u0119cej informacji pod numerem<br \/>\n609 236 105<\/p>\n","protected":false},"excerpt":{"rendered":"<ul>\n<li>Ogumienie Michelin 710\/60 R42 ty\u0142, 600\/60 R30 prz\u00f3d<\/li>\n<li>Moc 210 KM<\/li>\n<li>Skrzynia TTV<\/li>\n<li>Przedni podno\u015bnik TUZ<\/li>\n<li>Amortyzacja przedniej osi<\/li>\n<li>Amortyzacja kabiny pneumatyczna<\/li>\n<li>Fotel pneumatyczny z wielofunkcyjnym pod\u0142okietnikiem<\/li>\n<li>Rozbudowana hydraulika 5 par wyj\u015b\u0107 hydrauliki<\/li>\n<li>Dodatkowe zasilanie bezpo\u015brednio z pompy Power Beyond<\/li>\n<li>Klimatyzacja<\/li>\n<li>iMonitor + ISOBUS<\/li>\n<li>Kamera cofania<\/li>\n<li>Przebieg 3662mth<\/li>\n<li>Ci\u0105gnik po przegl\u0105dzie technicznym<\/li>\n<\/ul>\n","protected":false},"featured_media":274,"template":"","meta":[],"product_brand":[],"product_cat":[31,25],"product_tag":[],"class_list":{"0":"post-272","1":"product","2":"type-product","3":"status-publish","4":"has-post-thumbnail","6":"product_cat-ciagniki-rolnicze","7":"product_cat-inne","8":"pa_liczba-godzin-28","9":"pa_marka-deutz-fahr","10":"pa_moc-29","11":"pa_rok-produkcji-41","13":"first","14":"instock","15":"shipping-taxable","16":"purchasable","17":"product-type-simple"},"yoast_head":"<!-- This site is optimized with the Yoast SEO plugin v27.5 - https:\/\/yoast.com\/product\/yoast-seo-wordpress\/ -->\n<title>Ci\u0105gnik Agrotron 7210 TTV \u2013 U\u017cywany \u2013 DEUTZ-FAHR - HBT Roltrac<\/title>\n<meta name=\"robots\" content=\"index, follow, max-snippet:-1, max-image-preview:large, max-video-preview:-1\" \/>\n<link rel=\"canonical\" href=\"https:\/\/hbt.com.pl\/maszyny\/produkt\/ciagnik-agrotron-7210-ttv-uzywany-deutz-fahr\/\" \/>\n<meta property=\"og:locale\" content=\"pl_PL\" \/>\n<meta property=\"og:type\" content=\"article\" \/>\n<meta property=\"og:title\" content=\"Ci\u0105gnik Agrotron 7210 TTV \u2013 U\u017cywany \u2013 DEUTZ-FAHR - HBT Roltrac\" \/>\n<meta property=\"og:description\" content=\"Ogumienie Michelin 710\/60 R42 ty\u0142, 600\/60 R30 prz\u00f3d  Moc 210 KM  Skrzynia TTV  Przedni podno\u015bnik TUZ  Amortyzacja przedniej osi  Amortyzacja kabiny pneumatyczna  Fotel pneumatyczny z wielofunkcyjnym pod\u0142okietnikiem  Rozbudowana hydraulika 5 par wyj\u015b\u0107 hydrauliki  Dodatkowe zasilanie bezpo\u015brednio z pompy Power Beyond  Klimatyzacja  iMonitor + ISOBUS  Kamera cofania  Przebieg 3662mth  Ci\u0105gnik po przegl\u0105dzie technicznym\" \/>\n<meta property=\"og:url\" content=\"https:\/\/hbt.com.pl\/maszyny\/produkt\/ciagnik-agrotron-7210-ttv-uzywany-deutz-fahr\/\" \/>\n<meta property=\"og:site_name\" content=\"HBT Roltrac\" \/>\n<meta property=\"article:modified_time\" content=\"2023-10-20T09:02:31+00:00\" \/>\n<meta property=\"og:image\" content=\"https:\/\/hbt.com.pl\/maszyny\/wp-content\/uploads\/2023\/10\/2ttv-scaled-1.webp\" \/>\n\t<meta property=\"og:image:width\" content=\"1920\" \/>\n\t<meta property=\"og:image:height\" content=\"1440\" \/>\n\t<meta property=\"og:image:type\" content=\"image\/webp\" \/>\n<meta name=\"twitter:card\" content=\"summary_large_image\" \/>\n<meta name=\"twitter:label1\" content=\"Szacowany czas czytania\" \/>\n\t<meta name=\"twitter:data1\" content=\"1 minuta\" \/>\n<script type=\"application\/ld+json\" class=\"yoast-schema-graph\">{\"@context\":\"https:\\\/\\\/schema.org\",\"@graph\":[{\"@type\":\"WebPage\",\"@id\":\"https:\\\/\\\/hbt.com.pl\\\/maszyny\\\/produkt\\\/ciagnik-agrotron-7210-ttv-uzywany-deutz-fahr\\\/\",\"url\":\"https:\\\/\\\/hbt.com.pl\\\/maszyny\\\/produkt\\\/ciagnik-agrotron-7210-ttv-uzywany-deutz-fahr\\\/\",\"name\":\"Ci\u0105gnik Agrotron 7210 TTV \u2013 U\u017cywany \u2013 DEUTZ-FAHR - HBT Roltrac\",\"isPartOf\":{\"@id\":\"https:\\\/\\\/hbt.com.pl\\\/maszyny\\\/#website\"},\"primaryImageOfPage\":{\"@id\":\"https:\\\/\\\/hbt.com.pl\\\/maszyny\\\/produkt\\\/ciagnik-agrotron-7210-ttv-uzywany-deutz-fahr\\\/#primaryimage\"},\"image\":{\"@id\":\"https:\\\/\\\/hbt.com.pl\\\/maszyny\\\/produkt\\\/ciagnik-agrotron-7210-ttv-uzywany-deutz-fahr\\\/#primaryimage\"},\"thumbnailUrl\":\"https:\\\/\\\/hbt.com.pl\\\/maszyny\\\/wp-content\\\/uploads\\\/2023\\\/10\\\/2ttv-scaled-1.webp\",\"datePublished\":\"2023-10-12T08:08:21+00:00\",\"dateModified\":\"2023-10-20T09:02:31+00:00\",\"breadcrumb\":{\"@id\":\"https:\\\/\\\/hbt.com.pl\\\/maszyny\\\/produkt\\\/ciagnik-agrotron-7210-ttv-uzywany-deutz-fahr\\\/#breadcrumb\"},\"inLanguage\":\"pl-PL\",\"potentialAction\":[{\"@type\":\"ReadAction\",\"target\":[\"https:\\\/\\\/hbt.com.pl\\\/maszyny\\\/produkt\\\/ciagnik-agrotron-7210-ttv-uzywany-deutz-fahr\\\/\"]}]},{\"@type\":\"ImageObject\",\"inLanguage\":\"pl-PL\",\"@id\":\"https:\\\/\\\/hbt.com.pl\\\/maszyny\\\/produkt\\\/ciagnik-agrotron-7210-ttv-uzywany-deutz-fahr\\\/#primaryimage\",\"url\":\"https:\\\/\\\/hbt.com.pl\\\/maszyny\\\/wp-content\\\/uploads\\\/2023\\\/10\\\/2ttv-scaled-1.webp\",\"contentUrl\":\"https:\\\/\\\/hbt.com.pl\\\/maszyny\\\/wp-content\\\/uploads\\\/2023\\\/10\\\/2ttv-scaled-1.webp\",\"width\":1920,\"height\":1440},{\"@type\":\"BreadcrumbList\",\"@id\":\"https:\\\/\\\/hbt.com.pl\\\/maszyny\\\/produkt\\\/ciagnik-agrotron-7210-ttv-uzywany-deutz-fahr\\\/#breadcrumb\",\"itemListElement\":[{\"@type\":\"ListItem\",\"position\":1,\"name\":\"Strona g\u0142\u00f3wna\",\"item\":\"https:\\\/\\\/hbt.com.pl\\\/maszyny\\\/\"},{\"@type\":\"ListItem\",\"position\":2,\"name\":\"Maszyny rolnicze u\u017cywane\",\"item\":\"https:\\\/\\\/hbt.com.pl\\\/maszyny\\\/maszyny-uzywane\\\/\"},{\"@type\":\"ListItem\",\"position\":3,\"name\":\"Ci\u0105gnik Agrotron 7210 TTV \u2013 U\u017cywany \u2013 DEUTZ-FAHR\"}]},{\"@type\":\"WebSite\",\"@id\":\"https:\\\/\\\/hbt.com.pl\\\/maszyny\\\/#website\",\"url\":\"https:\\\/\\\/hbt.com.pl\\\/maszyny\\\/\",\"name\":\"HBT Roltrac\",\"description\":\"\",\"potentialAction\":[{\"@type\":\"SearchAction\",\"target\":{\"@type\":\"EntryPoint\",\"urlTemplate\":\"https:\\\/\\\/hbt.com.pl\\\/maszyny\\\/?s={search_term_string}\"},\"query-input\":{\"@type\":\"PropertyValueSpecification\",\"valueRequired\":true,\"valueName\":\"search_term_string\"}}],\"inLanguage\":\"pl-PL\"}]}<\/script>\n<!-- \/ Yoast SEO plugin. -->","yoast_head_json":{"title":"Ci\u0105gnik Agrotron 7210 TTV \u2013 U\u017cywany \u2013 DEUTZ-FAHR - HBT Roltrac","robots":{"index":"index","follow":"follow","max-snippet":"max-snippet:-1","max-image-preview":"max-image-preview:large","max-video-preview":"max-video-preview:-1"},"canonical":"https:\/\/hbt.com.pl\/maszyny\/produkt\/ciagnik-agrotron-7210-ttv-uzywany-deutz-fahr\/","og_locale":"pl_PL","og_type":"article","og_title":"Ci\u0105gnik Agrotron 7210 TTV \u2013 U\u017cywany \u2013 DEUTZ-FAHR - HBT Roltrac","og_description":"Ogumienie Michelin 710\/60 R42 ty\u0142, 600\/60 R30 prz\u00f3d  Moc 210 KM  Skrzynia TTV  Przedni podno\u015bnik TUZ  Amortyzacja przedniej osi  Amortyzacja kabiny pneumatyczna  Fotel pneumatyczny z wielofunkcyjnym pod\u0142okietnikiem  Rozbudowana hydraulika 5 par wyj\u015b\u0107 hydrauliki  Dodatkowe zasilanie bezpo\u015brednio z pompy Power Beyond  Klimatyzacja  iMonitor + ISOBUS  Kamera cofania  Przebieg 3662mth  Ci\u0105gnik po przegl\u0105dzie technicznym","og_url":"https:\/\/hbt.com.pl\/maszyny\/produkt\/ciagnik-agrotron-7210-ttv-uzywany-deutz-fahr\/","og_site_name":"HBT Roltrac","article_modified_time":"2023-10-20T09:02:31+00:00","og_image":[{"width":1920,"height":1440,"url":"https:\/\/hbt.com.pl\/maszyny\/wp-content\/uploads\/2023\/10\/2ttv-scaled-1.webp","type":"image\/webp"}],"twitter_card":"summary_large_image","twitter_misc":{"Szacowany czas czytania":"1 minuta"},"schema":{"@context":"https:\/\/schema.org","@graph":[{"@type":"WebPage","@id":"https:\/\/hbt.com.pl\/maszyny\/produkt\/ciagnik-agrotron-7210-ttv-uzywany-deutz-fahr\/","url":"https:\/\/hbt.com.pl\/maszyny\/produkt\/ciagnik-agrotron-7210-ttv-uzywany-deutz-fahr\/","name":"Ci\u0105gnik Agrotron 7210 TTV \u2013 U\u017cywany \u2013 DEUTZ-FAHR - HBT Roltrac","isPartOf":{"@id":"https:\/\/hbt.com.pl\/maszyny\/#website"},"primaryImageOfPage":{"@id":"https:\/\/hbt.com.pl\/maszyny\/produkt\/ciagnik-agrotron-7210-ttv-uzywany-deutz-fahr\/#primaryimage"},"image":{"@id":"https:\/\/hbt.com.pl\/maszyny\/produkt\/ciagnik-agrotron-7210-ttv-uzywany-deutz-fahr\/#primaryimage"},"thumbnailUrl":"https:\/\/hbt.com.pl\/maszyny\/wp-content\/uploads\/2023\/10\/2ttv-scaled-1.webp","datePublished":"2023-10-12T08:08:21+00:00","dateModified":"2023-10-20T09:02:31+00:00","breadcrumb":{"@id":"https:\/\/hbt.com.pl\/maszyny\/produkt\/ciagnik-agrotron-7210-ttv-uzywany-deutz-fahr\/#breadcrumb"},"inLanguage":"pl-PL","potentialAction":[{"@type":"ReadAction","target":["https:\/\/hbt.com.pl\/maszyny\/produkt\/ciagnik-agrotron-7210-ttv-uzywany-deutz-fahr\/"]}]},{"@type":"ImageObject","inLanguage":"pl-PL","@id":"https:\/\/hbt.com.pl\/maszyny\/produkt\/ciagnik-agrotron-7210-ttv-uzywany-deutz-fahr\/#primaryimage","url":"https:\/\/hbt.com.pl\/maszyny\/wp-content\/uploads\/2023\/10\/2ttv-scaled-1.webp","contentUrl":"https:\/\/hbt.com.pl\/maszyny\/wp-content\/uploads\/2023\/10\/2ttv-scaled-1.webp","width":1920,"height":1440},{"@type":"BreadcrumbList","@id":"https:\/\/hbt.com.pl\/maszyny\/produkt\/ciagnik-agrotron-7210-ttv-uzywany-deutz-fahr\/#breadcrumb","itemListElement":[{"@type":"ListItem","position":1,"name":"Strona g\u0142\u00f3wna","item":"https:\/\/hbt.com.pl\/maszyny\/"},{"@type":"ListItem","position":2,"name":"Maszyny rolnicze u\u017cywane","item":"https:\/\/hbt.com.pl\/maszyny\/maszyny-uzywane\/"},{"@type":"ListItem","position":3,"name":"Ci\u0105gnik Agrotron 7210 TTV \u2013 U\u017cywany \u2013 DEUTZ-FAHR"}]},{"@type":"WebSite","@id":"https:\/\/hbt.com.pl\/maszyny\/#website","url":"https:\/\/hbt.com.pl\/maszyny\/","name":"HBT Roltrac","description":"","potentialAction":[{"@type":"SearchAction","target":{"@type":"EntryPoint","urlTemplate":"https:\/\/hbt.com.pl\/maszyny\/?s={search_term_string}"},"query-input":{"@type":"PropertyValueSpecification","valueRequired":true,"valueName":"search_term_string"}}],"inLanguage":"pl-PL"}]}},"_links":{"self":[{"href":"https:\/\/hbt.com.pl\/maszyny\/wp-json\/wp\/v2\/product\/272","targetHints":{"allow":["GET"]}}],"collection":[{"href":"https:\/\/hbt.com.pl\/maszyny\/wp-json\/wp\/v2\/product"}],"about":[{"href":"https:\/\/hbt.com.pl\/maszyny\/wp-json\/wp\/v2\/types\/product"}],"wp:featuredmedia":[{"embeddable":true,"href":"https:\/\/hbt.com.pl\/maszyny\/wp-json\/wp\/v2\/media\/274"}],"wp:attachment":[{"href":"https:\/\/hbt.com.pl\/maszyny\/wp-json\/wp\/v2\/media?parent=272"}],"wp:term":[{"taxonomy":"product_brand","embeddable":true,"href":"https:\/\/hbt.com.pl\/maszyny\/wp-json\/wp\/v2\/product_brand?post=272"},{"taxonomy":"product_cat","embeddable":true,"href":"https:\/\/hbt.com.pl\/maszyny\/wp-json\/wp\/v2\/product_cat?post=272"},{"taxonomy":"product_tag","embeddable":true,"href":"https:\/\/hbt.com.pl\/maszyny\/wp-json\/wp\/v2\/product_tag?post=272"}],"curies":[{"name":"wp","href":"https:\/\/api.w.org\/{rel}","templated":true}]}}