{"id":25,"date":"2023-10-03T11:47:26","date_gmt":"2023-10-03T09:47:26","guid":{"rendered":"https:\/\/hbt.com.pl\/maszyny\/?page_id=25"},"modified":"2023-12-12T13:59:46","modified_gmt":"2023-12-12T12:59:46","slug":"finansowanie","status":"publish","type":"page","link":"https:\/\/hbt.com.pl\/maszyny\/finansowanie\/","title":{"rendered":"Finansowanie"},"content":{"rendered":"<p><div class=\"fusion-fullwidth fullwidth-box fusion-builder-row-1 fusion-flex-container has-pattern-background has-mask-background nonhundred-percent-fullwidth non-hundred-percent-height-scrolling\" style=\"--awb-border-radius-top-left:0px;--awb-border-radius-top-right:0px;--awb-border-radius-bottom-right:0px;--awb-border-radius-bottom-left:0px;--awb-background-color:var(--awb-color4);--awb-flex-wrap:wrap;\" ><div class=\"fusion-builder-row fusion-row fusion-flex-align-items-flex-start fusion-flex-content-wrap\" style=\"max-width:1331.2px;margin-left: calc(-4% \/ 2 );margin-right: calc(-4% \/ 2 );\"><div class=\"fusion-layout-column fusion_builder_column fusion-builder-column-0 fusion_builder_column_1_2 1_2 fusion-flex-column fusion-flex-align-self-center\" style=\"--awb-bg-size:cover;--awb-width-large:50%;--awb-margin-top-large:0px;--awb-spacing-right-large:3.84%;--awb-margin-bottom-large:20px;--awb-spacing-left-large:3.84%;--awb-width-medium:50%;--awb-order-medium:0;--awb-spacing-right-medium:3.84%;--awb-spacing-left-medium:3.84%;--awb-width-small:100%;--awb-order-small:0;--awb-spacing-right-small:1.92%;--awb-spacing-left-small:1.92%;\" data-scroll-devices=\"small-visibility,medium-visibility,large-visibility\"><div class=\"fusion-column-wrapper fusion-column-has-shadow fusion-flex-justify-content-center fusion-content-layout-column\"><div class=\"fusion-title title fusion-title-1 sep-underline sep-solid fusion-title-text fusion-title-size-one\" style=\"--awb-text-color:var(--awb-color1);--awb-sep-color:var(--awb-color5);\"><h1 class=\"fusion-title-heading title-heading-left fusion-responsive-typography-calculated\" style=\"margin:0;--fontSize:64;line-height:var(--awb-typography1-line-height);\">Finansowanie<\/h1><\/div><\/div><\/div><div class=\"fusion-layout-column fusion_builder_column fusion-builder-column-1 fusion_builder_column_1_2 1_2 fusion-flex-column fusion-flex-align-self-center\" style=\"--awb-padding-bottom:0px;--awb-bg-size:cover;--awb-width-large:50%;--awb-margin-top-large:0px;--awb-spacing-right-large:3.84%;--awb-margin-bottom-large:0px;--awb-spacing-left-large:3.84%;--awb-width-medium:50%;--awb-order-medium:0;--awb-spacing-right-medium:3.84%;--awb-spacing-left-medium:3.84%;--awb-width-small:100%;--awb-order-small:0;--awb-spacing-right-small:1.92%;--awb-spacing-left-small:1.92%;\" data-scroll-devices=\"small-visibility,medium-visibility,large-visibility\"><div class=\"fusion-column-wrapper fusion-column-has-shadow fusion-flex-justify-content-center fusion-content-layout-column\"><div class=\"fusion-image-element \" style=\"--awb-aspect-ratio:2 \/ 1;--awb-object-position:38% 57%;--awb-mask-url: url(https:\/\/hbt.com.pl\/maszyny\/wp-content\/plugins\/fusion-builder\/\/assets\/images\/masks\/mask-17.svg);--awb-mask-size: cover;--awb-caption-title-font-family:var(--h2_typography-font-family);--awb-caption-title-font-weight:var(--h2_typography-font-weight);--awb-caption-title-font-style:var(--h2_typography-font-style);--awb-caption-title-size:var(--h2_typography-font-size);--awb-caption-title-transform:var(--h2_typography-text-transform);--awb-caption-title-line-height:var(--h2_typography-line-height);--awb-caption-title-letter-spacing:var(--h2_typography-letter-spacing);\"><span class=\" fusion-imageframe imageframe-none imageframe-1 hover-type-none has-mask has-aspect-ratio\"><img decoding=\"async\" width=\"2048\" height=\"1367\" title=\"finansowanie\" src=\"https:\/\/hbt.com.pl\/maszyny\/wp-content\/uploads\/2023\/12\/finansowanie.jpg\" class=\"img-responsive wp-image-814 img-with-aspect-ratio\" data-parent-fit=\"cover\" data-parent-container=\".fusion-image-element\" alt srcset=\"https:\/\/hbt.com.pl\/maszyny\/wp-content\/uploads\/2023\/12\/finansowanie-200x133.jpg 200w, https:\/\/hbt.com.pl\/maszyny\/wp-content\/uploads\/2023\/12\/finansowanie-400x267.jpg 400w, https:\/\/hbt.com.pl\/maszyny\/wp-content\/uploads\/2023\/12\/finansowanie-600x400.jpg 600w, https:\/\/hbt.com.pl\/maszyny\/wp-content\/uploads\/2023\/12\/finansowanie-800x534.jpg 800w, https:\/\/hbt.com.pl\/maszyny\/wp-content\/uploads\/2023\/12\/finansowanie-1200x801.jpg 1200w, https:\/\/hbt.com.pl\/maszyny\/wp-content\/uploads\/2023\/12\/finansowanie.jpg 2048w\" sizes=\"(max-width: 640px) 100vw, 800px\" \/><\/span><\/div><\/div><\/div><\/div><\/div><div class=\"fusion-fullwidth fullwidth-box fusion-builder-row-2 fusion-flex-container has-pattern-background has-mask-background nonhundred-percent-fullwidth non-hundred-percent-height-scrolling\" style=\"--awb-border-radius-top-left:0px;--awb-border-radius-top-right:0px;--awb-border-radius-bottom-right:0px;--awb-border-radius-bottom-left:0px;--awb-margin-top:40px;--awb-margin-bottom:40px;--awb-flex-wrap:wrap;\" ><div class=\"fusion-builder-row fusion-row fusion-flex-align-items-flex-start fusion-flex-content-wrap\" style=\"max-width:1331.2px;margin-left: calc(-4% \/ 2 );margin-right: calc(-4% \/ 2 );\"><div class=\"fusion-layout-column fusion_builder_column fusion-builder-column-2 fusion_builder_column_1_1 1_1 fusion-flex-column\" style=\"--awb-bg-size:cover;--awb-width-large:100%;--awb-margin-top-large:0px;--awb-spacing-right-large:1.92%;--awb-margin-bottom-large:20px;--awb-spacing-left-large:1.92%;--awb-width-medium:100%;--awb-order-medium:0;--awb-spacing-right-medium:1.92%;--awb-spacing-left-medium:1.92%;--awb-width-small:100%;--awb-order-small:0;--awb-spacing-right-small:1.92%;--awb-spacing-left-small:1.92%;\"><div class=\"fusion-column-wrapper fusion-column-has-shadow fusion-flex-justify-content-flex-start fusion-content-layout-column\"><div class=\"fusion-text fusion-text-1\"><p>Finansowanie fabryczne KUBOTA Finance to nie tylko wygodne rozwi\u0105zanie, ale r\u00f3wnie\u017c prosta droga do posiadania niezawodnych ci\u0105gnik\u00f3w rolniczych, minici\u0105gnik\u00f3w, ci\u0105gnik\u00f3w kompaktowych oraz profesjonalnych kosiarek japo\u0144skiej marki Kubota. Nasze programy finansowe obejmuj\u0105 szerok\u0105 gam\u0119 modeli, dostosowanych do r\u00f3\u017cnorodnych potrzeb i specyfikacji rolniczych oraz komunalnych przedsi\u0119biorstw.<\/p>\n<p>Zyskasz dost\u0119p do innowacyjnych maszyn Kubota, w tym ci\u0105gnik\u00f3w rolniczych z renomowanych serii, takich jak L2-522, M4003, M5002, M7003, M6001 Utility, MGX IV, M5001, M5N, M4002. Dla tych, kt\u00f3rzy preferuj\u0105 minici\u0105gniki i ci\u0105gniki kompaktowe, oferujemy seri\u0119 B1, B2, L1, L1-382, L2, LX, BX. A je\u015bli Twoje potrzeby obejmuj\u0105 profesjonalne kosiarki, to mo\u017cesz wybiera\u0107 spo\u015br\u00f3d serii G, GR, F-251, ZD, GZD, F90, Z.<\/p>\n<p>Dzi\u0119ki finansowaniu fabrycznemu KUBOTA Finance, uzyskasz elastyczno\u015b\u0107 w doborze optymalnego programu, z dopasowanym systemem rat i mo\u017cliwo\u015bci\u0105 sfinansowania VAT. Dodatkowo, w ramach rozliczenia, jako wk\u0142ad w\u0142asny, mo\u017cesz przekaza\u0107 swoj\u0105 star\u0105 maszyn\u0119.<\/p>\n<p>Proces przyznania kredytu jest niezwykle prosty i szybki, eliminuj\u0105c konieczno\u015b\u0107 chodzenia po bankach czy samodzielnego uzupe\u0142niania wniosk\u00f3w. Nasz dedykowany doradca indywidualnie zajmie si\u0119 Tob\u0105, oceni zdolno\u015b\u0107 kredytow\u0105, wype\u0142ni wnioski i pomo\u017ce skompletowa\u0107 dokumenty.<\/p>\n<p>W programach KUBOTA Financial nie ma \u017cadnych dodatkowych ukrytych koszt\u00f3w i op\u0142at. Poza odsetkami od kredytu (w programach, gdzie oprocentowanie jest wy\u017csze ni\u017c 0%), jedynym kosztem jest jednorazowa prowizja od kwoty kredytu oraz ubezpieczenie \u2013 masz pe\u0142n\u0105 dowolno\u015b\u0107 w wyborze ubezpieczyciela.<\/p>\n<p>Rozwijaj swoje gospodarstwo rolnicze lub biznes komunalny dzi\u0119ki nowoczesnym, niezawodnym maszynom Kubota, kt\u00f3re s\u0105 teraz jeszcze bardziej dost\u0119pne dzi\u0119ki finansowaniu fabrycznemu KUBOTA Finance. Ciesz si\u0119 niezale\u017cno\u015bci\u0105 oraz legendarn\u0105 japo\u0144sk\u0105 niezawodno\u015bci\u0105 ci\u0105gnik\u00f3w rolniczych, minici\u0105gnik\u00f3w, ci\u0105gnik\u00f3w kompaktowych i profesjonalnych kosiarek marki Kubota.<\/p>\n<\/div><\/div><\/div><\/div><\/div><\/p>\n","protected":false},"excerpt":{"rendered":"","protected":false},"author":1,"featured_media":0,"parent":0,"menu_order":0,"comment_status":"closed","ping_status":"closed","template":"100-width.php","meta":{"footnotes":""},"class_list":["post-25","page","type-page","status-publish","hentry"],"yoast_head":"<!-- This site is optimized with the Yoast SEO plugin v27.5 - https:\/\/yoast.com\/product\/yoast-seo-wordpress\/ -->\n<title>Finansowanie - HBT Roltrac<\/title>\n<meta name=\"robots\" content=\"index, follow, max-snippet:-1, max-image-preview:large, max-video-preview:-1\" \/>\n<link rel=\"canonical\" href=\"https:\/\/hbt.com.pl\/maszyny\/finansowanie\/\" \/>\n<meta property=\"og:locale\" content=\"pl_PL\" \/>\n<meta property=\"og:type\" content=\"article\" \/>\n<meta property=\"og:title\" content=\"Finansowanie - HBT Roltrac\" \/>\n<meta property=\"og:url\" content=\"https:\/\/hbt.com.pl\/maszyny\/finansowanie\/\" \/>\n<meta property=\"og:site_name\" content=\"HBT Roltrac\" \/>\n<meta property=\"article:modified_time\" content=\"2023-12-12T12:59:46+00:00\" \/>\n<meta name=\"twitter:card\" content=\"summary_large_image\" \/>\n<meta name=\"twitter:label1\" content=\"Szacowany czas czytania\" \/>\n\t<meta name=\"twitter:data1\" content=\"7 minut\" \/>\n<script type=\"application\/ld+json\" class=\"yoast-schema-graph\">{\"@context\":\"https:\\\/\\\/schema.org\",\"@graph\":[{\"@type\":\"WebPage\",\"@id\":\"https:\\\/\\\/hbt.com.pl\\\/maszyny\\\/finansowanie\\\/\",\"url\":\"https:\\\/\\\/hbt.com.pl\\\/maszyny\\\/finansowanie\\\/\",\"name\":\"Finansowanie - HBT Roltrac\",\"isPartOf\":{\"@id\":\"https:\\\/\\\/hbt.com.pl\\\/maszyny\\\/#website\"},\"datePublished\":\"2023-10-03T09:47:26+00:00\",\"dateModified\":\"2023-12-12T12:59:46+00:00\",\"breadcrumb\":{\"@id\":\"https:\\\/\\\/hbt.com.pl\\\/maszyny\\\/finansowanie\\\/#breadcrumb\"},\"inLanguage\":\"pl-PL\",\"potentialAction\":[{\"@type\":\"ReadAction\",\"target\":[\"https:\\\/\\\/hbt.com.pl\\\/maszyny\\\/finansowanie\\\/\"]}]},{\"@type\":\"BreadcrumbList\",\"@id\":\"https:\\\/\\\/hbt.com.pl\\\/maszyny\\\/finansowanie\\\/#breadcrumb\",\"itemListElement\":[{\"@type\":\"ListItem\",\"position\":1,\"name\":\"Strona g\u0142\u00f3wna\",\"item\":\"https:\\\/\\\/hbt.com.pl\\\/maszyny\\\/\"},{\"@type\":\"ListItem\",\"position\":2,\"name\":\"Finansowanie\"}]},{\"@type\":\"WebSite\",\"@id\":\"https:\\\/\\\/hbt.com.pl\\\/maszyny\\\/#website\",\"url\":\"https:\\\/\\\/hbt.com.pl\\\/maszyny\\\/\",\"name\":\"HBT Roltrac\",\"description\":\"\",\"potentialAction\":[{\"@type\":\"SearchAction\",\"target\":{\"@type\":\"EntryPoint\",\"urlTemplate\":\"https:\\\/\\\/hbt.com.pl\\\/maszyny\\\/?s={search_term_string}\"},\"query-input\":{\"@type\":\"PropertyValueSpecification\",\"valueRequired\":true,\"valueName\":\"search_term_string\"}}],\"inLanguage\":\"pl-PL\"}]}<\/script>\n<!-- \/ Yoast SEO plugin. -->","yoast_head_json":{"title":"Finansowanie - HBT Roltrac","robots":{"index":"index","follow":"follow","max-snippet":"max-snippet:-1","max-image-preview":"max-image-preview:large","max-video-preview":"max-video-preview:-1"},"canonical":"https:\/\/hbt.com.pl\/maszyny\/finansowanie\/","og_locale":"pl_PL","og_type":"article","og_title":"Finansowanie - HBT Roltrac","og_url":"https:\/\/hbt.com.pl\/maszyny\/finansowanie\/","og_site_name":"HBT Roltrac","article_modified_time":"2023-12-12T12:59:46+00:00","twitter_card":"summary_large_image","twitter_misc":{"Szacowany czas czytania":"7 minut"},"schema":{"@context":"https:\/\/schema.org","@graph":[{"@type":"WebPage","@id":"https:\/\/hbt.com.pl\/maszyny\/finansowanie\/","url":"https:\/\/hbt.com.pl\/maszyny\/finansowanie\/","name":"Finansowanie - HBT Roltrac","isPartOf":{"@id":"https:\/\/hbt.com.pl\/maszyny\/#website"},"datePublished":"2023-10-03T09:47:26+00:00","dateModified":"2023-12-12T12:59:46+00:00","breadcrumb":{"@id":"https:\/\/hbt.com.pl\/maszyny\/finansowanie\/#breadcrumb"},"inLanguage":"pl-PL","potentialAction":[{"@type":"ReadAction","target":["https:\/\/hbt.com.pl\/maszyny\/finansowanie\/"]}]},{"@type":"BreadcrumbList","@id":"https:\/\/hbt.com.pl\/maszyny\/finansowanie\/#breadcrumb","itemListElement":[{"@type":"ListItem","position":1,"name":"Strona g\u0142\u00f3wna","item":"https:\/\/hbt.com.pl\/maszyny\/"},{"@type":"ListItem","position":2,"name":"Finansowanie"}]},{"@type":"WebSite","@id":"https:\/\/hbt.com.pl\/maszyny\/#website","url":"https:\/\/hbt.com.pl\/maszyny\/","name":"HBT Roltrac","description":"","potentialAction":[{"@type":"SearchAction","target":{"@type":"EntryPoint","urlTemplate":"https:\/\/hbt.com.pl\/maszyny\/?s={search_term_string}"},"query-input":{"@type":"PropertyValueSpecification","valueRequired":true,"valueName":"search_term_string"}}],"inLanguage":"pl-PL"}]}},"_links":{"self":[{"href":"https:\/\/hbt.com.pl\/maszyny\/wp-json\/wp\/v2\/pages\/25","targetHints":{"allow":["GET"]}}],"collection":[{"href":"https:\/\/hbt.com.pl\/maszyny\/wp-json\/wp\/v2\/pages"}],"about":[{"href":"https:\/\/hbt.com.pl\/maszyny\/wp-json\/wp\/v2\/types\/page"}],"author":[{"embeddable":true,"href":"https:\/\/hbt.com.pl\/maszyny\/wp-json\/wp\/v2\/users\/1"}],"replies":[{"embeddable":true,"href":"https:\/\/hbt.com.pl\/maszyny\/wp-json\/wp\/v2\/comments?post=25"}],"version-history":[{"count":10,"href":"https:\/\/hbt.com.pl\/maszyny\/wp-json\/wp\/v2\/pages\/25\/revisions"}],"predecessor-version":[{"id":817,"href":"https:\/\/hbt.com.pl\/maszyny\/wp-json\/wp\/v2\/pages\/25\/revisions\/817"}],"wp:attachment":[{"href":"https:\/\/hbt.com.pl\/maszyny\/wp-json\/wp\/v2\/media?parent=25"}],"curies":[{"name":"wp","href":"https:\/\/api.w.org\/{rel}","templated":true}]}}